{"id":10274,"date":"2022-11-16T12:56:08","date_gmt":"2022-11-16T12:56:08","guid":{"rendered":"https:\/\/mwf-brazil.com\/product\/ground-scope\/"},"modified":"2022-12-13T13:24:29","modified_gmt":"2022-12-13T13:24:29","slug":"ground-scope","status":"publish","type":"product","link":"https:\/\/mwf-brazil.com\/es\/producto\/ground-scope\/","title":{"rendered":"GROUND SCOPE"},"content":{"rendered":"<section class=\"wpb-content-wrapper\"><p>[vc_row woodmart_css_id=\u00bb6380db64924c3&#8243; responsive_spacing=\u00bbeyJwYXJhbV90eXBlIjoid29vZG1hcnRfcmVzcG9uc2l2ZV9zcGFjaW5nIiwic2VsZWN0b3JfaWQiOiI2MzgwZGI2NDkyNGMzIiwic2hvcnRjb2RlIjoidmNfcm93IiwiZGF0YSI6eyJ0YWJsZXQiOnt9LCJtb2JpbGUiOnt9fX0=\u00bb mobile_bg_img_hidden=\u00bbno\u00bb tablet_bg_img_hidden=\u00bbno\u00bb woodmart_parallax=\u00bb0&#8243; woodmart_gradient_switch=\u00bbno\u00bb woodmart_box_shadow=\u00bbno\u00bb wd_z_index=\u00bbno\u00bb woodmart_disable_overflow=\u00bb0&#8243; row_reverse_mobile=\u00bb0&#8243; row_reverse_tablet=\u00bb0&#8243;][vc_column]\n\t\t<div id=\"wd-637e341d284e0\" class=\"wd-accordion wd-wpb wd-rs-637e341d284e0  wd-style-default\" data-state=\"first\">\n\t\t\t\t\t\t\t\n\t\t\t\t\n\t\t\t\t<div class=\"wd-accordion-item\">\n\t\t\t\t\t<div class=\"wd-accordion-title wd-active font-primary wd-fontsize-s text-left wd-opener-pos-left wd-font-weight-600\" data-accordion-index=\"0\">\n\t\t\t\t\t\t<div class=\"wd-accordion-title-text\">\n\t\t\t\t\t\t\t\t\t\t\t\t\t\t<span>\n\t\t\t\t\t\t\t\tGeneral Features\t\t\t\t\t\t\t<\/span>\n\t\t\t\t\t\t<\/div>\n\t\t\t\t\t\t<span class=\"wd-accordion-opener wd-opener-style-arrow\"><\/span>\n\t\t\t\t\t<\/div>\n\n\t\t\t\t\t<div class=\"wd-accordion-content reset-last-child wd-active\" data-accordion-index=\"0\">\n\t\t\t\t\t\t\t\t\t\t\t\t\t\n<div class=\"container\">\n<h3>El dispositivo GROUND SCOPE es un dispositivo especializado que detecta oro, tesoros, minerales y vac\u00edos bajo tierra a profundidades de hasta un m\u00e1ximo de 14 metros.<\/h3>\n<blockquote><p>\nEste dispositivo es uno de los mejores y m\u00e1s recientes dispositivos de im\u00e1genes del mundo y el m\u00e1s avanzado y preciso en los resultados, y no es complicado y f\u00e1cil de usar y no necesita programas de soporte externo para an\u00e1lisis e im\u00e1genes, sino que brinda resultados directamente en la pantalla principal, adem\u00e1s de que se ofrece a un precio muy econ\u00f3mico para poder tener la oportunidad. Todo el mundo lo posee.<\/p>\n<p>Dispositivo de im\u00e1genes para detectar oro y metales \u2013 detector de tesoros y espacios \u2013 dispositivo de im\u00e1genes 3D \u2013 detector de metales 3D\n<\/p><\/blockquote>\n<div class=\"row flex-column-reverse flex-lg-row\">\n<div class=\"col-md-6 col-ms-12 \">\n<ul>\n<li>El dispositivo Ground Scope funciona con tecnolog\u00edas muy avanzadas, tecnolog\u00edas de detecci\u00f3n inteligente y software, escanea y mide las capas de la tierra para verificar la presencia de minerales enterrados o vac\u00edos, esto es a trav\u00e9s del sensor de radar, ya que mide las capas de la tierra y env\u00eda los valores recibidos a la unidad principal para que el dispositivo cumpla su funci\u00f3n de procesar y mostrar los datos. En la pantalla del dispositivo, con proyecciones 2D y 3D.<\/li>\n<li>El dispositivo se especializa en detectar objetivos subterr\u00e1neos y distinguirlos a trav\u00e9s de diferentes colores y valores num\u00e9ricos al mismo tiempo, y tambi\u00e9n muestra la forma y la forma del objetivo subterr\u00e1neo.<\/li>\n<li>El dispositivo determina autom\u00e1tica e instant\u00e1neamente la profundidad de todos los puntos escaneados y aclara el valor de profundidad de cada punto directamente en la pantalla.<\/li>\n<\/ul>\n<p><strong>El men\u00fa de configuraci\u00f3n del dispositivo, que le da control sobre lo siguiente:<\/strong><\/p>\n<ul>\n<li>Control de brillo de la pantalla: le brinda una iluminaci\u00f3n c\u00f3moda y conveniente con 5 niveles diferentes de iluminaci\u00f3n.<\/li>\n<li>Control de volumen: que le brinda un control preciso y conveniente del sonido, a trav\u00e9s de 5 niveles de volumen diferentes o tambi\u00e9n un modo silencioso<\/li>\n<li>Control de idioma: multiling\u00fce y le permite cambiar el idioma del dispositivo guardado previamente a otro idioma.<\/li>\n<li>Por primera vez en el mundo en dispositivos de detecci\u00f3n y exploraci\u00f3n, exclusivamente en el Grupo MWF, el dispositivo est\u00e1 equipado con sistemas operativos y de detecci\u00f3n inteligentes, interfaces operativas inteligentes, sistema de conservaci\u00f3n de energ\u00eda, sistema de carga inteligente, sistema multiling\u00fce y retenci\u00f3n del idioma del dispositivo, sistema de ahorro de configuraciones, control inteligente.<\/li>\n<li>Se maneja por su peque\u00f1ez, y se maneja.<\/li>\n<\/ul>\n<\/div>\n<div class=\"col-md-6 col-ms-12\">\n<div class=\"tab-image\"><img decoding=\"async\" src=\"https:\/\/old.mwf-metaldetectors.com\/wp-content\/uploads\/products\/scope\/en\/big-main-image-en.jpg\" alt=\"gold-radar\" \/><\/div>\n<\/div>\n<\/div>\n<\/div>\n\t\t\t\t\t\t\t\t\t\t\t<\/div>\n\t\t\t\t<\/div>\n\t\t\t\t\t\t\t\n\t\t\t\t\n\t\t\t\t<div class=\"wd-accordion-item\">\n\t\t\t\t\t<div class=\"wd-accordion-title font-primary wd-fontsize-s text-left wd-opener-pos-left wd-font-weight-600\" data-accordion-index=\"1\">\n\t\t\t\t\t\t<div class=\"wd-accordion-title-text\">\n\t\t\t\t\t\t\t\t\t\t\t\t\t\t<span>\n\t\t\t\t\t\t\t\tDetection systems\t\t\t\t\t\t\t<\/span>\n\t\t\t\t\t\t<\/div>\n\t\t\t\t\t\t<span class=\"wd-accordion-opener wd-opener-style-arrow\"><\/span>\n\t\t\t\t\t<\/div>\n\n\t\t\t\t\t<div class=\"wd-accordion-content reset-last-child\" data-accordion-index=\"1\">\n\t\t\t\t\t\t\t\t\t\t\t\t\t\n<div class=\"container \">\n<div class=\"row\">\n<div class=\"col-md-6 col-ms-12\">\n<p><strong>El dispositivo funciona con dos sistemas principales de detecci\u00f3n y exploraci\u00f3n:<\/strong><\/p>\n<div class=\"row\">\n<div class=\"col-md-6 col-ms-12\">\n<p><strong>Sistema de escaneo en vivo:<\/strong>\u00a0Este sistema le brinda al usuario un escaneo directo y una imagen de las capas de la tierra para aclarar y detectar metales y vac\u00edos, distinguirlos y monitorear su ubicaci\u00f3n en tiempo real y transmitiendo directamente a la pantalla del dispositivo en tiempo real.<strong>Especificaciones del Sistema:<\/strong><\/p>\n<\/div>\n<\/div>\n<ul>\n<li>Este sistema escanea las capas del suelo e identifica su contenido y lee los niveles de campos electromagn\u00e9ticos y radiaciones para identificar y detectar ubicaciones de minerales, tesoros y vac\u00edos bajo tierra.<\/li>\n<li>Una interfaz inteligente que le brinda una claridad total y resultados integrados sobre los objetivos y sus ubicaciones en tiempo real.<\/li>\n<li>Sistema de discriminaci\u00f3n preciso entre objetivos.<\/li>\n<li>Osciloscopio del sistema de im\u00e1genes gr\u00e1ficas para determinar el tama\u00f1o del objetivo, punto de inicio y finalizaci\u00f3n.<\/li>\n<li>Indicadores de audio interactivos que acompa\u00f1an a los datos pict\u00f3ricos y gr\u00e1ficos.<\/li>\n<\/ul>\n<p>&nbsp;<\/p>\n<p><img decoding=\"async\" class=\"tab-image\" src=\"http:\/\/old.mwf-metaldetectors.com\/wp-content\/uploads\/products\/scope\/en\/4.jpg\" alt=\"\" \/><\/p>\n<\/div>\n<div class=\"col-md-6 col-ms-12\">\n<p><strong>Sistema de exploraci\u00f3n terrestre:<\/strong>\u00a0Este sistema permite al usuario realizar un escaneo completo del \u00e1rea a detectar y aclarar los resultados del escaneo instant\u00e1neamente en la pantalla del dispositivo, determinar el valor de cada punto y revelar su identidad y profundidad al mismo tiempo, adem\u00e1s de brindar un reporte bidimensional y tridimensional del objetivo detectado con m\u00e1s de un \u00e1ngulo de visi\u00f3n.<\/p>\n<p><strong>Especificaciones del Sistema:<\/strong><\/p>\n<ul>\n<li>Este sistema detecta y escanea las capas del suelo a trav\u00e9s del sistema de escaneo r\u00e1ster, para fotografiar el suelo y aclarar las formas y tama\u00f1os de los objetivos subterr\u00e1neos.<\/li>\n<li>No es necesario utilizar un software de an\u00e1lisis complicado y una computadora u otras tabletas, el dispositivo le brinda resultados inmediatos en la pantalla del dispositivo directamente.<\/li>\n<li>Control total sobre el proceso de escaneo de im\u00e1genes<\/li>\n<li>Sistema autom\u00e1tico de im\u00e1genes y escaneo terrestre<\/li>\n<li>Sistema de im\u00e1genes y escaneo manual<\/li>\n<li>Controle las dimensiones y el tama\u00f1o del escaneo a trav\u00e9s de varias opciones que se muestran en la pantalla del sistema.<\/li>\n<li>Sensores de medici\u00f3n e imagen con t\u00e9cnicas cient\u00edficas modernas y avanzadas especializadas en la competencia general de identificar y detectar artefactos, objetivos enterrados, minerales y cuevas y distinguir entre ellos.<\/li>\n<li>Aclare el tama\u00f1o y la forma del objetivo, mientras proporciona un informe visual 2D y 3D del \u00e1rea de escaneo.<\/li>\n<li>Software con un nivel tecnol\u00f3gico muy avanzado, que le da al usuario un control f\u00e1cil y r\u00e1pido sobre todas las configuraciones del dispositivo y del sistema.<\/li>\n<li>El dise\u00f1o ergon\u00f3mico y la forma aerodin\u00e1mica le brindan el poder de buscar y navegar con un peso ligero y facilidad de uso que desempe\u00f1an un papel importante en resultados r\u00e1pidos y sin complicaciones.<\/li>\n<li>La interfaz de configuraci\u00f3n inteligente le brinda un control flexible y r\u00e1pido sobre todas las funciones y acceso a todas las configuraciones del dispositivo con facilidad.<\/li>\n<\/ul>\n<h3><img decoding=\"async\" class=\"tab-image\" style=\"color: #333333; font-size: 16px;\" src=\"http:\/\/old.mwf-metaldetectors.com\/wp-content\/uploads\/products\/scope\/en\/3.jpg\" alt=\"\" \/><\/h3>\n<\/div>\n<\/div>\n<\/div>\n\t\t\t\t\t\t\t\t\t\t\t<\/div>\n\t\t\t\t<\/div>\n\t\t\t\t\t\t\t\n\t\t\t\t\n\t\t\t\t<div class=\"wd-accordion-item\">\n\t\t\t\t\t<div class=\"wd-accordion-title font-primary wd-fontsize-s text-left wd-opener-pos-left wd-font-weight-600\" data-accordion-index=\"2\">\n\t\t\t\t\t\t<div class=\"wd-accordion-title-text\">\n\t\t\t\t\t\t\t\t\t\t\t\t\t\t<span>\n\t\t\t\t\t\t\t\tTECHNICAL SPECIFICATIONS\t\t\t\t\t\t\t<\/span>\n\t\t\t\t\t\t<\/div>\n\t\t\t\t\t\t<span class=\"wd-accordion-opener wd-opener-style-arrow\"><\/span>\n\t\t\t\t\t<\/div>\n\n\t\t\t\t\t<div class=\"wd-accordion-content reset-last-child\" data-accordion-index=\"2\">\n\t\t\t\t\t\t\t\t\t\t\t\t\t\n<div class=\"container\">\n<table>\n<tbody>\n<tr>\n<th>Sistema de b\u00fasqueda:<\/th>\n<td>1. Un sistema de encuestas en vivo (im\u00e1genes directas y transmisi\u00f3n subterr\u00e1nea)<br \/>\n2. Sistema de exploraci\u00f3n terrestre (2D y 3D)<\/td>\n<\/tr>\n<tr>\n<th>Principio de investigaci\u00f3n:<\/th>\n<td>Medir la intensidad de los campos electromagn\u00e9ticos de la Tierra para detectar anomal\u00edas y objetivos intrusos en el suelo, incluidos minerales, tesoros y vac\u00edos.<\/td>\n<\/tr>\n<tr>\n<th>Procesador de operaci\u00f3n:<\/th>\n<td>MICROCONTLLER PIC18 &amp; ARM 7<\/td>\n<\/tr>\n<tr>\n<th>Frecuencia operativa de detecci\u00f3n:<\/th>\n<td>Frecuencia especial y autom\u00e1tica<\/td>\n<\/tr>\n<tr>\n<th>energ\u00eda:<\/th>\n<td>7,4 voltios, 3000 mAh<\/td>\n<\/tr>\n<tr>\n<th>Consumo de energ\u00eda:<\/th>\n<td>El consumo m\u00e1ximo es 400 mA<\/td>\n<\/tr>\n<tr>\n<th>Horas de la bater\u00eda:<\/th>\n<td>7 horas de trabajo (m\u00e1ximo)<\/td>\n<\/tr>\n<tr>\n<th>Cargador:<\/th>\n<td>10 voltios 2 amperios<\/td>\n<\/tr>\n<tr>\n<th>Tipo de visualizaci\u00f3n:<\/th>\n<td>Pantalla de procesamiento y visualizaci\u00f3n en color TFT de 5 pulgadas, 65.536 colores, velocidad de procesamiento de GPU CDMA de 48MHz<\/td>\n<\/tr>\n<tr>\n<th>El especialista detecta:<\/th>\n<td>Oro, tesoros, metales y vac\u00edos<\/td>\n<\/tr>\n<tr>\n<th>Distinguir entre objetivos:<\/th>\n<td>Si<\/td>\n<\/tr>\n<tr>\n<th>Sistema de selecci\u00f3n de objetivos:<\/th>\n<td>La profundidad m\u00e1xima para objetivos grandes es de 14 metros.<\/td>\n<\/tr>\n<tr>\n<th>Resultados de la investigacion:<\/th>\n<td>1. Indicadores, datos de audio, im\u00e1genes en vivo + l\u00edneas gr\u00e1ficas e intensidad de la se\u00f1al<br \/>\n2. Datos pict\u00f3ricos bidimensionales y tridimensionales que muestran la ubicaci\u00f3n y la forma del objetivo<\/td>\n<\/tr>\n<tr>\n<th>Tecnolog\u00eda bluetooth:<\/th>\n<td>Si<\/td>\n<\/tr>\n<tr>\n<th>INAL\u00c1MBRICO:<\/th>\n<td>Si<\/td>\n<\/tr>\n<tr>\n<th>Sistema de guiado autom\u00e1tico e inteligente:<\/th>\n<td>S\u00ed, a trav\u00e9s de la interfaz gr\u00e1fica que indica la ubicaci\u00f3n y direcci\u00f3n del objetivo adem\u00e1s de los comandos de voz<\/td>\n<\/tr>\n<tr>\n<th>Alertas de voz:<\/th>\n<td>Si<\/td>\n<\/tr>\n<tr>\n<th>Alerta con vibraci\u00f3n:<\/th>\n<td>Si<\/td>\n<\/tr>\n<tr>\n<th>Temperatura de funcionamiento:<\/th>\n<td>De -15 \u00b0 C a 60 \u00b0 C<\/td>\n<\/tr>\n<tr>\n<th>temperatura:<\/th>\n<td>De -15 \u00b0 C a 40 \u00b0 C<\/td>\n<\/tr>\n<tr>\n<th>Temperatura de almacenamiento:<\/th>\n<td>Se puede almacenar y trabajar con un nivel de humedad del 90%.<\/td>\n<\/tr>\n<tr>\n<th>el peso:<\/th>\n<td>Unidad principal de 900 g \u2013 2 kg de compuesto con el sensor \u2013 Paquete completo de 3,5 kg con la bolsa<\/td>\n<\/tr>\n<tr>\n<th>Dimensiones:<\/th>\n<td>Unidad principal de 28x21x3,5 cm<\/td>\n<\/tr>\n<tr>\n<th>Dimensiones de la bolsa:<\/th>\n<td>42x34x17 cm para todo el paquete<\/td>\n<\/tr>\n<\/tbody>\n<\/table>\n<\/div>\n\t\t\t\t\t\t\t\t\t\t\t<\/div>\n\t\t\t\t<\/div>\n\t\t\t\t\t\t\t\n\t\t\t\t\n\t\t\t\t<div class=\"wd-accordion-item\">\n\t\t\t\t\t<div class=\"wd-accordion-title font-primary wd-fontsize-s text-left wd-opener-pos-left wd-font-weight-600\" data-accordion-index=\"3\">\n\t\t\t\t\t\t<div class=\"wd-accordion-title-text\">\n\t\t\t\t\t\t\t\t\t\t\t\t\t\t<span>\n\t\t\t\t\t\t\t\tAccessories\t\t\t\t\t\t\t<\/span>\n\t\t\t\t\t\t<\/div>\n\t\t\t\t\t\t<span class=\"wd-accordion-opener wd-opener-style-arrow\"><\/span>\n\t\t\t\t\t<\/div>\n\n\t\t\t\t\t<div class=\"wd-accordion-content reset-last-child\" data-accordion-index=\"3\">\n\t\t\t\t\t\t\t\t\t\t\t\t\t\n<div class=\"container\">\n<ul>\n<li>La unidad principal del dispositivo (unidad de control y procesamiento).<\/li>\n<li>Unidad de sensor de radar.<\/li>\n<li>auriculares<\/li>\n<li>El cargador el\u00e9ctrico.<\/li>\n<li>Bolsa de dispositivo.<\/li>\n<li>Tarjeta de garant\u00eda.<\/li>\n<li>gu\u00eda de usuario.<\/li>\n<li>Disco educativo.<\/li>\n<\/ul>\n<div class=\"row\">\n<div class=\"col-sm \">\n<p><img decoding=\"async\" loading=\"lazy\" class=\"tab-image mt-5\" src=\"https:\/\/old.mwf-metaldetectors.com\/wp-content\/uploads\/products\/scope\/en\/main-unit-en.jpg\" width=\"497\" height=\"696\" \/><\/p>\n<div class=\"accessories-title text-center \">\n<div class=\"col-sm \">\n<div class=\"accessories-title text-center \">\n<h5>Unidad principal<\/h5>\n<\/div>\n<\/div>\n<\/div>\n<\/div>\n<div class=\"col-sm \">\n<p><img decoding=\"async\" loading=\"lazy\" class=\"tab-image mt-5\" src=\"https:\/\/old.mwf-metaldetectors.com\/wp-content\/uploads\/products\/scope\/en\/6.jpg\" width=\"497\" height=\"696\" \/><\/p>\n<div class=\"accessories-title text-center \">\n<div class=\"col-sm \">\n<div class=\"accessories-title text-center \">\n<h5>sensor de tierra<\/h5>\n<\/div>\n<\/div>\n<\/div>\n<\/div>\n<div class=\"col-sm \">\n<p><img decoding=\"async\" loading=\"lazy\" class=\"tab-image mt-5\" src=\"https:\/\/old.mwf-metaldetectors.com\/wp-content\/uploads\/products\/scope\/en\/7.jpg\" width=\"497\" height=\"696\" \/><\/p>\n<div class=\"accessories-title text-center \">\n<div class=\"col-sm \">\n<div class=\"accessories-title text-center \">\n<h5>Cargador<\/h5>\n<\/div>\n<\/div>\n<\/div>\n<\/div>\n<div class=\"col-sm \">\n<p><img decoding=\"async\" loading=\"lazy\" class=\"tab-image mt-5\" src=\"https:\/\/old.mwf-metaldetectors.com\/wp-content\/uploads\/products\/scope\/en\/5.jpg\" width=\"497\" height=\"696\" \/><\/p>\n<div class=\"accessories-title text-center \">\n<h5>Auriculares<\/h5>\n<\/div>\n<\/div>\n<\/div>\n<\/div>\n\t\t\t\t\t\t\t\t\t\t\t<\/div>\n\t\t\t\t<\/div>\n\t\t\t\t\t\t\t\n\t\t\t\t\n\t\t\t\t<div class=\"wd-accordion-item\">\n\t\t\t\t\t<div class=\"wd-accordion-title font-primary wd-fontsize-s text-left wd-opener-pos-left wd-font-weight-600\" data-accordion-index=\"4\">\n\t\t\t\t\t\t<div class=\"wd-accordion-title-text\">\n\t\t\t\t\t\t\t\t\t\t\t\t\t\t<span>\n\t\t\t\t\t\t\t\tUser manual\t\t\t\t\t\t\t<\/span>\n\t\t\t\t\t\t<\/div>\n\t\t\t\t\t\t<span class=\"wd-accordion-opener wd-opener-style-arrow\"><\/span>\n\t\t\t\t\t<\/div>\n\n\t\t\t\t\t<div class=\"wd-accordion-content reset-last-child\" data-accordion-index=\"4\">\n\t\t\t\t\t\t\t\t\t\t\t\t\t\n<div class=\"container\">\n<div class=\"col-md-12 col-ms-12 user-text\" style=\"text-align: center;\">\n<div class=\"col-md-12 col-ms-12 user-text\" style=\"text-align: left;\">\n<div class=\"col-md-12 col-ms-12 user-text\">\n<div class=\"col-md-12 col-ms-12 user-text\">\n<p>Para leer o descargar la gu\u00eda del usuario, haga clic<span style=\"color: #0000ff;\">\u00a0<a style=\"color: #0000ff;\" href=\"https:\/\/mwf-metaldetectors.com\/user-manual\/es\/SCOPE%20SP%20READ.pdf\" target=\"_blank\" rel=\"noopener\">aqu\u00ed<\/a><\/span><\/p>\n<div class=\"col-md-12 col-ms-12 text-center user-img\">\n<div class=\"my-3\"><a href=\"https:\/\/mwf-metaldetectors.com\/user-manual\/en\/scope.pdf\" target=\"_blank\" rel=\"noopener\"><br \/>\n<img decoding=\"async\" class=\"aligncenter\" src=\"https:\/\/mwf-metaldetectors.com\/user-manual\/en\/scope.jpg\" alt=\"\" \/><\/a><\/div>\n<\/div>\n<\/div>\n<\/div>\n<\/div>\n<\/div>\n<\/div>\n\t\t\t\t\t\t\t\t\t\t\t<\/div>\n\t\t\t\t<\/div>\n\t\t\t\t\t\t\t\t\t\t\t\t\t\t<\/div>\n\n\t\t[\/vc_column][\/vc_row]<\/p>\n<\/section>","protected":false},"excerpt":{"rendered":"<p>[vc_row woodmart_css_id=\u00bb6380db64924c3&#8243; responsive_spacing=\u00bbeyJwYXJhbV90eXBlIjoid29vZG1hcnRfcmVzcG9uc2l2ZV9zcGFjaW5nIiwic2VsZWN0b3JfaWQiOiI2MzgwZGI2NDkyNGMzIiwic2hvcnRjb2RlIjoidmNfcm93IiwiZGF0YSI6eyJ0YWJsZXQiOnt9LCJtb2JpbGUiOnt9fX0=\u00bb mobile_bg_img_hidden=\u00bbno\u00bb tablet_bg_img_hidden=\u00bbno\u00bb woodmart_parallax=\u00bb0&#8243; woodmart_gradient_switch=\u00bbno\u00bb woodmart_box_shadow=\u00bbno\u00bb wd_z_index=\u00bbno\u00bb woodmart_disable_overflow=\u00bb0&#8243; row_reverse_mobile=\u00bb0&#8243; row_reverse_tablet=\u00bb0&#8243;][vc_column][\/vc_column][\/vc_row]<\/p>\n","protected":false},"featured_media":9130,"comment_status":"closed","ping_status":"closed","template":"","meta":[],"product_cat":[148,139,141,174,191],"product_tag":[],"yoast_head":"<!-- This site is optimized with the Yoast SEO plugin v20.6 - https:\/\/yoast.com\/wordpress\/plugins\/seo\/ -->\n<title>GROUND SCOPE - MWF - Brazil<\/title>\n<meta name=\"robots\" content=\"noindex, follow, max-snippet:-1, max-image-preview:large, max-video-preview:-1\" \/>\n<meta property=\"og:locale\" content=\"es_ES\" \/>\n<meta property=\"og:type\" content=\"article\" \/>\n<meta property=\"og:title\" content=\"GROUND SCOPE - MWF - Brazil\" \/>\n<meta property=\"og:description\" content=\"[vc_row woodmart_css_id=\u00bb6380db64924c3&#8243; responsive_spacing=\u00bbeyJwYXJhbV90eXBlIjoid29vZG1hcnRfcmVzcG9uc2l2ZV9zcGFjaW5nIiwic2VsZWN0b3JfaWQiOiI2MzgwZGI2NDkyNGMzIiwic2hvcnRjb2RlIjoidmNfcm93IiwiZGF0YSI6eyJ0YWJsZXQiOnt9LCJtb2JpbGUiOnt9fX0=\u00bb mobile_bg_img_hidden=\u00bbno\u00bb tablet_bg_img_hidden=\u00bbno\u00bb woodmart_parallax=\u00bb0&#8243; woodmart_gradient_switch=\u00bbno\u00bb woodmart_box_shadow=\u00bbno\u00bb wd_z_index=\u00bbno\u00bb woodmart_disable_overflow=\u00bb0&#8243; row_reverse_mobile=\u00bb0&#8243; row_reverse_tablet=\u00bb0&#8243;][vc_column][\/vc_column][\/vc_row]\" \/>\n<meta property=\"og:url\" content=\"https:\/\/mwf-brazil.com\/es\/producto\/ground-scope\/\" \/>\n<meta property=\"og:site_name\" content=\"MWF - Brazil\" \/>\n<meta property=\"article:modified_time\" content=\"2022-12-13T13:24:29+00:00\" \/>\n<meta property=\"og:image\" content=\"https:\/\/mwf-brazil.com\/wp-content\/uploads\/2022\/11\/scop.jpg\" \/>\n\t<meta property=\"og:image:width\" content=\"1000\" \/>\n\t<meta property=\"og:image:height\" content=\"993\" \/>\n\t<meta property=\"og:image:type\" content=\"image\/jpeg\" \/>\n<meta name=\"twitter:card\" content=\"summary_large_image\" \/>\n<meta name=\"twitter:label1\" content=\"Tiempo de lectura\" \/>\n\t<meta name=\"twitter:data1\" content=\"7 minutos\" \/>\n<script type=\"application\/ld+json\" class=\"yoast-schema-graph\">{\"@context\":\"https:\/\/schema.org\",\"@graph\":[{\"@type\":\"WebPage\",\"@id\":\"https:\/\/mwf-brazil.com\/es\/producto\/ground-scope\/\",\"url\":\"https:\/\/mwf-brazil.com\/es\/producto\/ground-scope\/\",\"name\":\"GROUND SCOPE - MWF - Brazil\",\"isPartOf\":{\"@id\":\"https:\/\/mwf-brazil.com\/#website\"},\"datePublished\":\"2022-11-16T12:56:08+00:00\",\"dateModified\":\"2022-12-13T13:24:29+00:00\",\"breadcrumb\":{\"@id\":\"https:\/\/mwf-brazil.com\/es\/producto\/ground-scope\/#breadcrumb\"},\"inLanguage\":\"es\",\"potentialAction\":[{\"@type\":\"ReadAction\",\"target\":[\"https:\/\/mwf-brazil.com\/es\/producto\/ground-scope\/\"]}]},{\"@type\":\"BreadcrumbList\",\"@id\":\"https:\/\/mwf-brazil.com\/es\/producto\/ground-scope\/#breadcrumb\",\"itemListElement\":[{\"@type\":\"ListItem\",\"position\":1,\"name\":\"Home\",\"item\":\"https:\/\/mwf-brazil.com\/es\/\"},{\"@type\":\"ListItem\",\"position\":2,\"name\":\"Comercio\",\"item\":\"https:\/\/mwf-brazil.com\/es\/shop\/\"},{\"@type\":\"ListItem\",\"position\":3,\"name\":\"GROUND SCOPE\"}]},{\"@type\":\"WebSite\",\"@id\":\"https:\/\/mwf-brazil.com\/#website\",\"url\":\"https:\/\/mwf-brazil.com\/\",\"name\":\"MWF - Brazil\",\"description\":\"MWF Group Of Factories and Companies, specialized in the Manufacturing and Trading of Metal detectors, Treasures, Gold, and groundwater, MWF is an American and Turkish company, headquartered in the United States in Illinois, and in Turkey in Istanbul, Founded in 2008.\",\"publisher\":{\"@id\":\"https:\/\/mwf-brazil.com\/#organization\"},\"potentialAction\":[{\"@type\":\"SearchAction\",\"target\":{\"@type\":\"EntryPoint\",\"urlTemplate\":\"https:\/\/mwf-brazil.com\/?s={search_term_string}\"},\"query-input\":\"required name=search_term_string\"}],\"inLanguage\":\"es\"},{\"@type\":\"Organization\",\"@id\":\"https:\/\/mwf-brazil.com\/#organization\",\"name\":\"MWF - Brazil\",\"url\":\"https:\/\/mwf-brazil.com\/\",\"logo\":{\"@type\":\"ImageObject\",\"inLanguage\":\"es\",\"@id\":\"https:\/\/mwf-brazil.com\/#\/schema\/logo\/image\/\",\"url\":\"https:\/\/mwf-brazil.com\/wp-content\/uploads\/2023\/02\/br-black.png\",\"contentUrl\":\"https:\/\/mwf-brazil.com\/wp-content\/uploads\/2023\/02\/br-black.png\",\"width\":1324,\"height\":783,\"caption\":\"MWF - Brazil\"},\"image\":{\"@id\":\"https:\/\/mwf-brazil.com\/#\/schema\/logo\/image\/\"}}]}<\/script>\n<!-- \/ Yoast SEO plugin. -->","yoast_head_json":{"title":"GROUND SCOPE - MWF - Brazil","robots":{"index":"noindex","follow":"follow","max-snippet":"max-snippet:-1","max-image-preview":"max-image-preview:large","max-video-preview":"max-video-preview:-1"},"og_locale":"es_ES","og_type":"article","og_title":"GROUND SCOPE - MWF - Brazil","og_description":"[vc_row woodmart_css_id=\u00bb6380db64924c3&#8243; responsive_spacing=\u00bbeyJwYXJhbV90eXBlIjoid29vZG1hcnRfcmVzcG9uc2l2ZV9zcGFjaW5nIiwic2VsZWN0b3JfaWQiOiI2MzgwZGI2NDkyNGMzIiwic2hvcnRjb2RlIjoidmNfcm93IiwiZGF0YSI6eyJ0YWJsZXQiOnt9LCJtb2JpbGUiOnt9fX0=\u00bb mobile_bg_img_hidden=\u00bbno\u00bb tablet_bg_img_hidden=\u00bbno\u00bb woodmart_parallax=\u00bb0&#8243; woodmart_gradient_switch=\u00bbno\u00bb woodmart_box_shadow=\u00bbno\u00bb wd_z_index=\u00bbno\u00bb woodmart_disable_overflow=\u00bb0&#8243; row_reverse_mobile=\u00bb0&#8243; row_reverse_tablet=\u00bb0&#8243;][vc_column][\/vc_column][\/vc_row]","og_url":"https:\/\/mwf-brazil.com\/es\/producto\/ground-scope\/","og_site_name":"MWF - Brazil","article_modified_time":"2022-12-13T13:24:29+00:00","og_image":[{"width":1000,"height":993,"url":"https:\/\/mwf-brazil.com\/wp-content\/uploads\/2022\/11\/scop.jpg","type":"image\/jpeg"}],"twitter_card":"summary_large_image","twitter_misc":{"Tiempo de lectura":"7 minutos"},"schema":{"@context":"https:\/\/schema.org","@graph":[{"@type":"WebPage","@id":"https:\/\/mwf-brazil.com\/es\/producto\/ground-scope\/","url":"https:\/\/mwf-brazil.com\/es\/producto\/ground-scope\/","name":"GROUND SCOPE - MWF - Brazil","isPartOf":{"@id":"https:\/\/mwf-brazil.com\/#website"},"datePublished":"2022-11-16T12:56:08+00:00","dateModified":"2022-12-13T13:24:29+00:00","breadcrumb":{"@id":"https:\/\/mwf-brazil.com\/es\/producto\/ground-scope\/#breadcrumb"},"inLanguage":"es","potentialAction":[{"@type":"ReadAction","target":["https:\/\/mwf-brazil.com\/es\/producto\/ground-scope\/"]}]},{"@type":"BreadcrumbList","@id":"https:\/\/mwf-brazil.com\/es\/producto\/ground-scope\/#breadcrumb","itemListElement":[{"@type":"ListItem","position":1,"name":"Home","item":"https:\/\/mwf-brazil.com\/es\/"},{"@type":"ListItem","position":2,"name":"Comercio","item":"https:\/\/mwf-brazil.com\/es\/shop\/"},{"@type":"ListItem","position":3,"name":"GROUND SCOPE"}]},{"@type":"WebSite","@id":"https:\/\/mwf-brazil.com\/#website","url":"https:\/\/mwf-brazil.com\/","name":"MWF - Brazil","description":"MWF Group Of Factories and Companies, specialized in the Manufacturing and Trading of Metal detectors, Treasures, Gold, and groundwater, MWF is an American and Turkish company, headquartered in the United States in Illinois, and in Turkey in Istanbul, Founded in 2008.","publisher":{"@id":"https:\/\/mwf-brazil.com\/#organization"},"potentialAction":[{"@type":"SearchAction","target":{"@type":"EntryPoint","urlTemplate":"https:\/\/mwf-brazil.com\/?s={search_term_string}"},"query-input":"required name=search_term_string"}],"inLanguage":"es"},{"@type":"Organization","@id":"https:\/\/mwf-brazil.com\/#organization","name":"MWF - Brazil","url":"https:\/\/mwf-brazil.com\/","logo":{"@type":"ImageObject","inLanguage":"es","@id":"https:\/\/mwf-brazil.com\/#\/schema\/logo\/image\/","url":"https:\/\/mwf-brazil.com\/wp-content\/uploads\/2023\/02\/br-black.png","contentUrl":"https:\/\/mwf-brazil.com\/wp-content\/uploads\/2023\/02\/br-black.png","width":1324,"height":783,"caption":"MWF - Brazil"},"image":{"@id":"https:\/\/mwf-brazil.com\/#\/schema\/logo\/image\/"}}]}},"_links":{"self":[{"href":"https:\/\/mwf-brazil.com\/es\/wp-json\/wp\/v3\/product\/10274"}],"collection":[{"href":"https:\/\/mwf-brazil.com\/es\/wp-json\/wp\/v3\/product"}],"about":[{"href":"https:\/\/mwf-brazil.com\/es\/wp-json\/wp\/v2\/types\/product"}],"replies":[{"embeddable":true,"href":"https:\/\/mwf-brazil.com\/es\/wp-json\/wp\/v2\/comments?post=10274"}],"wp:featuredmedia":[{"embeddable":true,"href":"https:\/\/mwf-brazil.com\/es\/wp-json\/wp\/v2\/media\/9130"}],"wp:attachment":[{"href":"https:\/\/mwf-brazil.com\/es\/wp-json\/wp\/v2\/media?parent=10274"}],"wp:term":[{"taxonomy":"product_cat","embeddable":true,"href":"https:\/\/mwf-brazil.com\/es\/wp-json\/wp\/v2\/product_cat?post=10274"},{"taxonomy":"product_tag","embeddable":true,"href":"https:\/\/mwf-brazil.com\/es\/wp-json\/wp\/v2\/product_tag?post=10274"}],"curies":[{"name":"wp","href":"https:\/\/api.w.org\/{rel}","templated":true}]}}