{"id":10270,"date":"2022-11-16T12:56:08","date_gmt":"2022-11-16T12:56:08","guid":{"rendered":"https:\/\/mwf-brazil.com\/product\/gold-line\/"},"modified":"2022-12-13T13:19:40","modified_gmt":"2022-12-13T13:19:40","slug":"gold-line","status":"publish","type":"product","link":"https:\/\/mwf-brazil.com\/es\/producto\/gold-line\/","title":{"rendered":"GOLD LINE"},"content":{"rendered":"<section class=\"wpb-content-wrapper\"><p>[vc_row woodmart_css_id=\u00bb6380db64924c3&#8243; responsive_spacing=\u00bbeyJwYXJhbV90eXBlIjoid29vZG1hcnRfcmVzcG9uc2l2ZV9zcGFjaW5nIiwic2VsZWN0b3JfaWQiOiI2MzgwZGI2NDkyNGMzIiwic2hvcnRjb2RlIjoidmNfcm93IiwiZGF0YSI6eyJ0YWJsZXQiOnt9LCJtb2JpbGUiOnt9fX0=\u00bb mobile_bg_img_hidden=\u00bbno\u00bb tablet_bg_img_hidden=\u00bbno\u00bb woodmart_parallax=\u00bb0&#8243; woodmart_gradient_switch=\u00bbno\u00bb woodmart_box_shadow=\u00bbno\u00bb wd_z_index=\u00bbno\u00bb woodmart_disable_overflow=\u00bb0&#8243; row_reverse_mobile=\u00bb0&#8243; row_reverse_tablet=\u00bb0&#8243;][vc_column]\n\t\t<div id=\"wd-637e341d284e0\" class=\"wd-accordion wd-wpb wd-rs-637e341d284e0  wd-style-default\" data-state=\"first\">\n\t\t\t\t\t\t\t\n\t\t\t\t\n\t\t\t\t<div class=\"wd-accordion-item\">\n\t\t\t\t\t<div class=\"wd-accordion-title wd-active font-primary wd-fontsize-s text-left wd-opener-pos-left wd-font-weight-600\" data-accordion-index=\"0\">\n\t\t\t\t\t\t<div class=\"wd-accordion-title-text\">\n\t\t\t\t\t\t\t\t\t\t\t\t\t\t<span>\n\t\t\t\t\t\t\t\tDESCRIPCI\u00d3N\t\t\t\t\t\t\t<\/span>\n\t\t\t\t\t\t<\/div>\n\t\t\t\t\t\t<span class=\"wd-accordion-opener wd-opener-style-arrow\"><\/span>\n\t\t\t\t\t<\/div>\n\n\t\t\t\t\t<div class=\"wd-accordion-content reset-last-child wd-active\" data-accordion-index=\"0\">\n\t\t\t\t\t\t\t\t\t\t\t\t\t\n<div class=\"container\">\n<h4>El detector de l\u00ednea de oro avanzado es el resultado de muchos experimentos y estudios prolongados que duraron m\u00e1s de tres a\u00f1os.<\/h4>\n<blockquote><p>\nBuscador de largo alcance, Goldline, para detectar oro oculto, un detector de oro con sistema de detecci\u00f3n remota, solo tiene que dirigir el dispositivo hacia el objetivo esperado para decidir si est\u00e1 o no all\u00ed.\n<\/p><\/blockquote>\n<div class=\"row flex-column-reverse flex-lg-row\">\n<div class=\"col-md-6 col-ms-12 \">\n<ul>\n<li>Un dispositivo de detecci\u00f3n electr\u00f3nica digital que se especializa en detectar y buscar el metal dorado enterrado en el suelo.<\/li>\n<li>Una nueva y avanzada innovaci\u00f3n cient\u00edfica en el mundo de los detectores i\u00f3nicos especializada en detecci\u00f3n de oro.<\/li>\n<li>El dispositivo se puede utilizar desde el interior del autom\u00f3vil, mientras se conduce o tambi\u00e9n al conducir una motocicleta, ya que las ondas de respuesta r\u00e1pida del dispositivo pueden analizar se\u00f1ales y datos muy r\u00e1pidamente.<\/li>\n<li>El dispositivo est\u00e1 respaldado por un panel de control suave con una interfaz clave que funciona presionando y destinos \u00f3pticos, lo que permite al usuario controlar el dispositivo y prepararlo para la b\u00fasqueda con facilidad, y el panel de control consta de lo siguiente:<\/li>\n<li>Bot\u00f3n de encendido y apagado.<\/li>\n<li>Bot\u00f3n de calibraci\u00f3n de tierra.<\/li>\n<li>Bot\u00f3n de control de volumen.<\/li>\n<li>El bot\u00f3n de encendido \/ apagado del rayo l\u00e1ser.<\/li>\n<li>La interfaz \u00f3ptica para niveles de bater\u00eda muestra al usuario tres niveles de capacidad y capacidad de la bater\u00eda.<\/li>\n<li>Indicador luminoso para buscar y se\u00f1alar, y consta de nueve niveles.<\/li>\n<li>El dispositivo le da al usuario m\u00faltiples resultados y consta de lo siguiente:<\/li>\n<li>Indicador luminoso interactivo, que interact\u00faa ascendiendo cada vez que se acerca al punto de presencia del oro.<\/li>\n<li>Indicador de sonido interactivo, interactuando ascendiendo cada vez que se acerca al punto de presencia del oro.<\/li>\n<li>Sistema de vibraci\u00f3n. Opcional, para que el usuario pueda activar la funci\u00f3n de vibraci\u00f3n, alertando la presencia de oro.<\/li>\n<li>La funci\u00f3n de seguimiento l\u00e1ser para determinar el destino y el punto del objetivo por la noche.<\/li>\n<li>Precisi\u00f3n y alta calidad en fabricaci\u00f3n y rendimiento, este dispositivo est\u00e1 fabricado con los mejores pl\u00e1sticos, componentes y circuitos electr\u00f3nicos con especificaciones internacionales.<\/li>\n<li>F\u00e1cil de operar y usar, cualquiera puede usar.<\/li>\n<li>El dispositivo se caracteriza por su peque\u00f1o tama\u00f1o, ya que ayuda a facilitar el movimiento y trabajar con \u00e9l en \u00e1reas sensibles.<\/li>\n<li>Ligero, que ayuda al usuario a trabajar con \u00e9l sin esfuerzo ni fatiga.<\/li>\n<\/ul>\n<\/div>\n<div class=\"col-md-6 col-ms-12 \">\n<div class=\"tab-image mt-3\"><img decoding=\"async\" src=\"\/wp-content\/uploads\/products\/gold-line\/en\/big-main-image-en.jpg\" alt=\"gold-radar\" \/><\/div>\n<\/div>\n<\/div>\n<\/div>\n\t\t\t\t\t\t\t\t\t\t\t<\/div>\n\t\t\t\t<\/div>\n\t\t\t\t\t\t\t\n\t\t\t\t\n\t\t\t\t<div class=\"wd-accordion-item\">\n\t\t\t\t\t<div class=\"wd-accordion-title font-primary wd-fontsize-s text-left wd-opener-pos-left wd-font-weight-600\" data-accordion-index=\"1\">\n\t\t\t\t\t\t<div class=\"wd-accordion-title-text\">\n\t\t\t\t\t\t\t\t\t\t\t\t\t\t<span>\n\t\t\t\t\t\t\t\tSISTEMAS DE DETECCI\u00d3N\t\t\t\t\t\t\t<\/span>\n\t\t\t\t\t\t<\/div>\n\t\t\t\t\t\t<span class=\"wd-accordion-opener wd-opener-style-arrow\"><\/span>\n\t\t\t\t\t<\/div>\n\n\t\t\t\t\t<div class=\"wd-accordion-content reset-last-child\" data-accordion-index=\"1\">\n\t\t\t\t\t\t\t\t\t\t\t\t\t\n<div class=\"container\">\n<div class=\"row\">\n<div class=\"col-md-12 col-ms-12\">\n<p>El dispositivo Gold Line funciona en un sistema de b\u00fasqueda i\u00f3nica de largo alcance para detectar y buscar la ionizaci\u00f3n radiactiva del metal dorado subterr\u00e1neo, el dispositivo brinda al usuario resultados de sonido confiables en la direcci\u00f3n de la presencia del objetivo, y eso es a trav\u00e9s de un aumento en los niveles de indicadores \u00f3pticos y de sonido.<br \/>\nEl dispositivo Gold Line se distingue por su velocidad para responder a objetivos enterrados de otros dispositivos que operan en el mismo sistema, ya que tiene la capacidad y un gran enfoque electr\u00f3nico para detectar los sitios de los objetivos y llevar al usuario al sitio objetivo con el menor tiempo y esfuerzo posible.<\/p>\n<\/div>\n<div class=\"col-md-6 col-ms-12\">\n<div class=\"tab-image\"><img decoding=\"async\" src=\"\/wp-content\/uploads\/products\/gold-line\/en\/2.jpg\" alt=\"\" \/><\/div>\n<\/div>\n<div class=\"col-md-6 col-ms-12\">\n<div class=\"tab-image\"><img decoding=\"async\" src=\"\/wp-content\/uploads\/products\/gold-line\/en\/3.jpg\" alt=\"\" \/><\/div>\n<\/div>\n<\/div>\n<\/div>\n\t\t\t\t\t\t\t\t\t\t\t<\/div>\n\t\t\t\t<\/div>\n\t\t\t\t\t\t\t\n\t\t\t\t\n\t\t\t\t<div class=\"wd-accordion-item\">\n\t\t\t\t\t<div class=\"wd-accordion-title font-primary wd-fontsize-s text-left wd-opener-pos-left wd-font-weight-600\" data-accordion-index=\"2\">\n\t\t\t\t\t\t<div class=\"wd-accordion-title-text\">\n\t\t\t\t\t\t\t\t\t\t\t\t\t\t<span>\n\t\t\t\t\t\t\t\tESPECIFICACIONES T\u00c9CNICAS\t\t\t\t\t\t\t<\/span>\n\t\t\t\t\t\t<\/div>\n\t\t\t\t\t\t<span class=\"wd-accordion-opener wd-opener-style-arrow\"><\/span>\n\t\t\t\t\t<\/div>\n\n\t\t\t\t\t<div class=\"wd-accordion-content reset-last-child\" data-accordion-index=\"2\">\n\t\t\t\t\t\t\t\t\t\t\t\t\t\n<div class=\"container\">\n<table>\n<tbody>\n<tr>\n<th>Sistema de b\u00fasqueda:<\/th>\n<td>Sistema de b\u00fasqueda i\u00f3nica de largo alcance<\/td>\n<\/tr>\n<tr>\n<th>Principio de investigaci\u00f3n:<\/th>\n<td>Detecci\u00f3n de campos i\u00f3nicos para detectar metal dorado.<\/td>\n<\/tr>\n<tr>\n<th>Procesador de operaci\u00f3n:<\/th>\n<td>MICROCONTLLER PIC18<\/td>\n<\/tr>\n<tr>\n<th>Frecuencia operativa de detecci\u00f3n:<\/th>\n<td>20 kHz<\/td>\n<\/tr>\n<tr>\n<th>energ\u00eda:<\/th>\n<td>2 celdas de iones de litio, 3,7 V, 3600 mAh, potencia de salida de 12 V<\/td>\n<\/tr>\n<tr>\n<th>Consumo de energ\u00eda:<\/th>\n<td>El consumo m\u00e1ximo es 50 mA<\/td>\n<\/tr>\n<tr>\n<th>Horas de la bater\u00eda:<\/th>\n<td>10 horas de trabajo<\/td>\n<\/tr>\n<tr>\n<th>Cargador:<\/th>\n<td>5,1 voltios 3 amperios \/ tiempo de carga 4 horas<\/td>\n<\/tr>\n<tr>\n<th>Tipo de visualizaci\u00f3n:<\/th>\n<td>Varios LED<\/td>\n<\/tr>\n<tr>\n<th>El especialista detecta:<\/th>\n<td>oro<\/td>\n<\/tr>\n<tr>\n<th>Distinguir entre objetivos:<\/th>\n<td>Si, solo detecta oro<\/td>\n<\/tr>\n<tr>\n<th>B\u00fasqueda de profundidad:<\/th>\n<td>12 m<\/td>\n<\/tr>\n<tr>\n<th>Distancia de b\u00fasqueda:<\/th>\n<td>50 m<\/td>\n<\/tr>\n<tr>\n<th>Resultados de la investigacion:<\/th>\n<td>Mediante indicadores de sonido, luz y vibraci\u00f3n.<\/td>\n<\/tr>\n<tr>\n<th>Alertas de voz:<\/th>\n<td>Si<\/td>\n<\/tr>\n<tr>\n<th>Alerta con vibraci\u00f3n:<\/th>\n<td>Si<\/td>\n<\/tr>\n<tr>\n<th>Temperatura de funcionamiento:<\/th>\n<td>De -15 \u00b0 C a 60 \u00b0 C<\/td>\n<\/tr>\n<tr>\n<th>temperatura:<\/th>\n<td>De -15 \u00b0 C a 40 \u00b0 C<\/td>\n<\/tr>\n<tr>\n<th>Temperatura de almacenamiento:<\/th>\n<td>Se puede almacenar y trabajar con un nivel de humedad del 90%.<\/td>\n<\/tr>\n<tr>\n<th>el peso:<\/th>\n<td>Compuesto: 700 gr \u2013 Con la bolsa: 1200 gr<\/td>\n<\/tr>\n<tr>\n<th>Dimensiones:<\/th>\n<td>15 x 8 x 3,5 cent\u00edmetros<\/td>\n<\/tr>\n<tr>\n<th>Dimensiones de la bolsa:<\/th>\n<td>34 x 29 x 13 cent\u00edmetros<\/td>\n<\/tr>\n<\/tbody>\n<\/table>\n<\/div>\n\t\t\t\t\t\t\t\t\t\t\t<\/div>\n\t\t\t\t<\/div>\n\t\t\t\t\t\t\t\n\t\t\t\t\n\t\t\t\t<div class=\"wd-accordion-item\">\n\t\t\t\t\t<div class=\"wd-accordion-title font-primary wd-fontsize-s text-left wd-opener-pos-left wd-font-weight-600\" data-accordion-index=\"3\">\n\t\t\t\t\t\t<div class=\"wd-accordion-title-text\">\n\t\t\t\t\t\t\t\t\t\t\t\t\t\t<span>\n\t\t\t\t\t\t\t\tACCESORIOS\t\t\t\t\t\t\t<\/span>\n\t\t\t\t\t\t<\/div>\n\t\t\t\t\t\t<span class=\"wd-accordion-opener wd-opener-style-arrow\"><\/span>\n\t\t\t\t\t<\/div>\n\n\t\t\t\t\t<div class=\"wd-accordion-content reset-last-child\" data-accordion-index=\"3\">\n\t\t\t\t\t\t\t\t\t\t\t\t\t\n<div class=\"container\">\n<p><!-- #1row --><\/p>\n<div class=\"row\">\n<div class=\"col-sm \">\n<p><img decoding=\"async\" loading=\"lazy\" class=\"tab-image mt-5\" src=\"\/wp-content\/uploads\/products\/gold-line\/en\/main-unitk-en.jpg\" width=\"497\" height=\"696\" \/><\/p>\n<div class=\"accessories-title text-center \">\n<div class=\"col-sm \">\n<div class=\"accessories-title text-center \">\n<h5>Unidad principal<\/h5>\n<\/div>\n<\/div>\n<\/div>\n<\/div>\n<div class=\"col-sm \">\n<p><img decoding=\"async\" loading=\"lazy\" class=\"tab-image mt-5\" src=\"\/wp-content\/uploads\/products\/gold-line\/en\/6.jpg\" width=\"497\" height=\"696\" \/><\/p>\n<div class=\"accessories-title text-center \">\n<div class=\"col-sm \">\n<div class=\"accessories-title text-center \">\n<h5>Sensor i\u00f3nico<\/h5>\n<\/div>\n<\/div>\n<\/div>\n<\/div>\n<div class=\"col-sm \">\n<p><img decoding=\"async\" loading=\"lazy\" class=\"tab-image mt-5\" src=\"\/wp-content\/uploads\/products\/gold-line\/en\/5.jpg\" width=\"497\" height=\"696\" \/><\/p>\n<div class=\"accessories-title text-center \">\n<div class=\"col-sm \">\n<div class=\"accessories-title text-center \">\n<h5>Auricular<\/h5>\n<\/div>\n<\/div>\n<\/div>\n<\/div>\n<div class=\"col-sm\">\n<p><img decoding=\"async\" loading=\"lazy\" class=\"tab-image mt-5\" src=\"\/wp-content\/uploads\/products\/gold-line\/en\/4.jpg\" width=\"497\" height=\"696\" \/><\/p>\n<div class=\"accessories-title text-center \">\n<div class=\"wd-tab-wrapper\">\n<div id=\"tab-accesorios\" class=\"woocommerce-Tabs-panel woocommerce-Tabs-panel--accesorios panel entry-content wc-tab\">\n<div class=\"wc-tab-inner \">\n<div class=\"\">\n<div class=\"container\">\n<div class=\"row\">\n<div class=\"col-sm\">\n<div class=\"accessories-title text-center \">\n<h5>Cargador<\/h5>\n<\/div>\n<\/div>\n<\/div>\n<\/div>\n<\/div>\n<\/div>\n<\/div>\n<\/div>\n<\/div>\n<\/div>\n<\/div>\n<\/div>\n\t\t\t\t\t\t\t\t\t\t\t<\/div>\n\t\t\t\t<\/div>\n\t\t\t\t\t\t\t\n\t\t\t\t\n\t\t\t\t<div class=\"wd-accordion-item\">\n\t\t\t\t\t<div class=\"wd-accordion-title font-primary wd-fontsize-s text-left wd-opener-pos-left wd-font-weight-600\" data-accordion-index=\"4\">\n\t\t\t\t\t\t<div class=\"wd-accordion-title-text\">\n\t\t\t\t\t\t\t\t\t\t\t\t\t\t<span>\n\t\t\t\t\t\t\t\tMANUAL DE USUARIO\t\t\t\t\t\t\t<\/span>\n\t\t\t\t\t\t<\/div>\n\t\t\t\t\t\t<span class=\"wd-accordion-opener wd-opener-style-arrow\"><\/span>\n\t\t\t\t\t<\/div>\n\n\t\t\t\t\t<div class=\"wd-accordion-content reset-last-child\" data-accordion-index=\"4\">\n\t\t\t\t\t\t\t\t\t\t\t\t\t\n<div class=\"container\">\n<div class=\"col-md-12 col-ms-12 user-text\" style=\"text-align: center;\">\n<div class=\"col-md-12 col-ms-12 user-text\" style=\"text-align: left;\">\n<p>Para leer o descargar la gu\u00eda del usuario, haga clic<span style=\"color: #0000ff;\">\u00a0<a style=\"color: #0000ff;\" href=\"https:\/\/mwf-metaldetectors.com\/user-manual\/es\/Gold_line_SP%20read.pdf\" target=\"_blank\" rel=\"noopener\">aqu\u00ed<\/a><\/span><\/p>\n<div class=\"col-md-12 col-ms-12 text-center user-img\">\n<div class=\"my-3\"><a href=\"https:\/\/mwf-metaldetectors.com\/user-manual\/en\/gold-line.pdf\" target=\"_blank\" rel=\"noopener\"><br \/>\n<img decoding=\"async\" class=\"tab-image aligncenter\" src=\"https:\/\/mwf-metaldetectors.com\/wp-content\/uploads\/2021\/12\/gold_line_en-read-01-1.jpg\" alt=\"\" \/><\/a><\/div>\n<\/div>\n<\/div>\n<\/div>\n<\/div>\n<p><!--more--><\/p>\n\t\t\t\t\t\t\t\t\t\t\t<\/div>\n\t\t\t\t<\/div>\n\t\t\t\t\t\t\t\t\t\t\t\t\t\t<\/div>\n\n\t\t[\/vc_column][\/vc_row]<\/p>\n<\/section>","protected":false},"excerpt":{"rendered":"<p>[vc_row woodmart_css_id=\u00bb6380db64924c3&#8243; responsive_spacing=\u00bbeyJwYXJhbV90eXBlIjoid29vZG1hcnRfcmVzcG9uc2l2ZV9zcGFjaW5nIiwic2VsZWN0b3JfaWQiOiI2MzgwZGI2NDkyNGMzIiwic2hvcnRjb2RlIjoidmNfcm93IiwiZGF0YSI6eyJ0YWJsZXQiOnt9LCJtb2JpbGUiOnt9fX0=\u00bb mobile_bg_img_hidden=\u00bbno\u00bb tablet_bg_img_hidden=\u00bbno\u00bb woodmart_parallax=\u00bb0&#8243; woodmart_gradient_switch=\u00bbno\u00bb woodmart_box_shadow=\u00bbno\u00bb wd_z_index=\u00bbno\u00bb woodmart_disable_overflow=\u00bb0&#8243; row_reverse_mobile=\u00bb0&#8243; row_reverse_tablet=\u00bb0&#8243;][vc_column] Para leer o descargar la gu\u00eda del usuario,<\/p>\n","protected":false},"featured_media":9122,"comment_status":"closed","ping_status":"closed","template":"","meta":[],"product_cat":[141,178,191],"product_tag":[],"yoast_head":"<!-- This site is optimized with the Yoast SEO plugin v20.6 - https:\/\/yoast.com\/wordpress\/plugins\/seo\/ -->\n<title>GOLD LINE - MWF - Brazil<\/title>\n<meta name=\"robots\" content=\"noindex, follow, max-snippet:-1, max-image-preview:large, max-video-preview:-1\" \/>\n<meta property=\"og:locale\" content=\"es_ES\" \/>\n<meta property=\"og:type\" content=\"article\" \/>\n<meta property=\"og:title\" content=\"GOLD LINE - MWF - Brazil\" \/>\n<meta property=\"og:description\" content=\"[vc_row woodmart_css_id=\u00bb6380db64924c3&#8243; responsive_spacing=\u00bbeyJwYXJhbV90eXBlIjoid29vZG1hcnRfcmVzcG9uc2l2ZV9zcGFjaW5nIiwic2VsZWN0b3JfaWQiOiI2MzgwZGI2NDkyNGMzIiwic2hvcnRjb2RlIjoidmNfcm93IiwiZGF0YSI6eyJ0YWJsZXQiOnt9LCJtb2JpbGUiOnt9fX0=\u00bb mobile_bg_img_hidden=\u00bbno\u00bb tablet_bg_img_hidden=\u00bbno\u00bb woodmart_parallax=\u00bb0&#8243; woodmart_gradient_switch=\u00bbno\u00bb woodmart_box_shadow=\u00bbno\u00bb wd_z_index=\u00bbno\u00bb woodmart_disable_overflow=\u00bb0&#8243; row_reverse_mobile=\u00bb0&#8243; row_reverse_tablet=\u00bb0&#8243;][vc_column] Para leer o descargar la gu\u00eda del usuario,\" \/>\n<meta property=\"og:url\" content=\"https:\/\/mwf-brazil.com\/es\/producto\/gold-line\/\" \/>\n<meta property=\"og:site_name\" content=\"MWF - Brazil\" \/>\n<meta property=\"article:modified_time\" content=\"2022-12-13T13:19:40+00:00\" \/>\n<meta property=\"og:image\" content=\"https:\/\/mwf-brazil.com\/wp-content\/uploads\/2022\/11\/line.jpg\" \/>\n\t<meta property=\"og:image:width\" content=\"1000\" \/>\n\t<meta property=\"og:image:height\" content=\"993\" \/>\n\t<meta property=\"og:image:type\" content=\"image\/jpeg\" \/>\n<meta name=\"twitter:card\" content=\"summary_large_image\" \/>\n<meta name=\"twitter:label1\" content=\"Tiempo de lectura\" \/>\n\t<meta name=\"twitter:data1\" content=\"5 minutos\" \/>\n<script type=\"application\/ld+json\" class=\"yoast-schema-graph\">{\"@context\":\"https:\/\/schema.org\",\"@graph\":[{\"@type\":\"WebPage\",\"@id\":\"https:\/\/mwf-brazil.com\/es\/producto\/gold-line\/\",\"url\":\"https:\/\/mwf-brazil.com\/es\/producto\/gold-line\/\",\"name\":\"GOLD LINE - MWF - Brazil\",\"isPartOf\":{\"@id\":\"https:\/\/mwf-brazil.com\/#website\"},\"datePublished\":\"2022-11-16T12:56:08+00:00\",\"dateModified\":\"2022-12-13T13:19:40+00:00\",\"breadcrumb\":{\"@id\":\"https:\/\/mwf-brazil.com\/es\/producto\/gold-line\/#breadcrumb\"},\"inLanguage\":\"es\",\"potentialAction\":[{\"@type\":\"ReadAction\",\"target\":[\"https:\/\/mwf-brazil.com\/es\/producto\/gold-line\/\"]}]},{\"@type\":\"BreadcrumbList\",\"@id\":\"https:\/\/mwf-brazil.com\/es\/producto\/gold-line\/#breadcrumb\",\"itemListElement\":[{\"@type\":\"ListItem\",\"position\":1,\"name\":\"Home\",\"item\":\"https:\/\/mwf-brazil.com\/es\/\"},{\"@type\":\"ListItem\",\"position\":2,\"name\":\"Comercio\",\"item\":\"https:\/\/mwf-brazil.com\/es\/shop\/\"},{\"@type\":\"ListItem\",\"position\":3,\"name\":\"GOLD LINE\"}]},{\"@type\":\"WebSite\",\"@id\":\"https:\/\/mwf-brazil.com\/#website\",\"url\":\"https:\/\/mwf-brazil.com\/\",\"name\":\"MWF - Brazil\",\"description\":\"MWF Group Of Factories and Companies, specialized in the Manufacturing and Trading of Metal detectors, Treasures, Gold, and groundwater, MWF is an American and Turkish company, headquartered in the United States in Illinois, and in Turkey in Istanbul, Founded in 2008.\",\"publisher\":{\"@id\":\"https:\/\/mwf-brazil.com\/#organization\"},\"potentialAction\":[{\"@type\":\"SearchAction\",\"target\":{\"@type\":\"EntryPoint\",\"urlTemplate\":\"https:\/\/mwf-brazil.com\/?s={search_term_string}\"},\"query-input\":\"required name=search_term_string\"}],\"inLanguage\":\"es\"},{\"@type\":\"Organization\",\"@id\":\"https:\/\/mwf-brazil.com\/#organization\",\"name\":\"MWF - Brazil\",\"url\":\"https:\/\/mwf-brazil.com\/\",\"logo\":{\"@type\":\"ImageObject\",\"inLanguage\":\"es\",\"@id\":\"https:\/\/mwf-brazil.com\/#\/schema\/logo\/image\/\",\"url\":\"https:\/\/mwf-brazil.com\/wp-content\/uploads\/2023\/02\/br-black.png\",\"contentUrl\":\"https:\/\/mwf-brazil.com\/wp-content\/uploads\/2023\/02\/br-black.png\",\"width\":1324,\"height\":783,\"caption\":\"MWF - Brazil\"},\"image\":{\"@id\":\"https:\/\/mwf-brazil.com\/#\/schema\/logo\/image\/\"}}]}<\/script>\n<!-- \/ Yoast SEO plugin. -->","yoast_head_json":{"title":"GOLD LINE - MWF - Brazil","robots":{"index":"noindex","follow":"follow","max-snippet":"max-snippet:-1","max-image-preview":"max-image-preview:large","max-video-preview":"max-video-preview:-1"},"og_locale":"es_ES","og_type":"article","og_title":"GOLD LINE - MWF - Brazil","og_description":"[vc_row woodmart_css_id=\u00bb6380db64924c3&#8243; responsive_spacing=\u00bbeyJwYXJhbV90eXBlIjoid29vZG1hcnRfcmVzcG9uc2l2ZV9zcGFjaW5nIiwic2VsZWN0b3JfaWQiOiI2MzgwZGI2NDkyNGMzIiwic2hvcnRjb2RlIjoidmNfcm93IiwiZGF0YSI6eyJ0YWJsZXQiOnt9LCJtb2JpbGUiOnt9fX0=\u00bb mobile_bg_img_hidden=\u00bbno\u00bb tablet_bg_img_hidden=\u00bbno\u00bb woodmart_parallax=\u00bb0&#8243; woodmart_gradient_switch=\u00bbno\u00bb woodmart_box_shadow=\u00bbno\u00bb wd_z_index=\u00bbno\u00bb woodmart_disable_overflow=\u00bb0&#8243; row_reverse_mobile=\u00bb0&#8243; row_reverse_tablet=\u00bb0&#8243;][vc_column] Para leer o descargar la gu\u00eda del usuario,","og_url":"https:\/\/mwf-brazil.com\/es\/producto\/gold-line\/","og_site_name":"MWF - Brazil","article_modified_time":"2022-12-13T13:19:40+00:00","og_image":[{"width":1000,"height":993,"url":"https:\/\/mwf-brazil.com\/wp-content\/uploads\/2022\/11\/line.jpg","type":"image\/jpeg"}],"twitter_card":"summary_large_image","twitter_misc":{"Tiempo de lectura":"5 minutos"},"schema":{"@context":"https:\/\/schema.org","@graph":[{"@type":"WebPage","@id":"https:\/\/mwf-brazil.com\/es\/producto\/gold-line\/","url":"https:\/\/mwf-brazil.com\/es\/producto\/gold-line\/","name":"GOLD LINE - MWF - Brazil","isPartOf":{"@id":"https:\/\/mwf-brazil.com\/#website"},"datePublished":"2022-11-16T12:56:08+00:00","dateModified":"2022-12-13T13:19:40+00:00","breadcrumb":{"@id":"https:\/\/mwf-brazil.com\/es\/producto\/gold-line\/#breadcrumb"},"inLanguage":"es","potentialAction":[{"@type":"ReadAction","target":["https:\/\/mwf-brazil.com\/es\/producto\/gold-line\/"]}]},{"@type":"BreadcrumbList","@id":"https:\/\/mwf-brazil.com\/es\/producto\/gold-line\/#breadcrumb","itemListElement":[{"@type":"ListItem","position":1,"name":"Home","item":"https:\/\/mwf-brazil.com\/es\/"},{"@type":"ListItem","position":2,"name":"Comercio","item":"https:\/\/mwf-brazil.com\/es\/shop\/"},{"@type":"ListItem","position":3,"name":"GOLD LINE"}]},{"@type":"WebSite","@id":"https:\/\/mwf-brazil.com\/#website","url":"https:\/\/mwf-brazil.com\/","name":"MWF - Brazil","description":"MWF Group Of Factories and Companies, specialized in the Manufacturing and Trading of Metal detectors, Treasures, Gold, and groundwater, MWF is an American and Turkish company, headquartered in the United States in Illinois, and in Turkey in Istanbul, Founded in 2008.","publisher":{"@id":"https:\/\/mwf-brazil.com\/#organization"},"potentialAction":[{"@type":"SearchAction","target":{"@type":"EntryPoint","urlTemplate":"https:\/\/mwf-brazil.com\/?s={search_term_string}"},"query-input":"required name=search_term_string"}],"inLanguage":"es"},{"@type":"Organization","@id":"https:\/\/mwf-brazil.com\/#organization","name":"MWF - Brazil","url":"https:\/\/mwf-brazil.com\/","logo":{"@type":"ImageObject","inLanguage":"es","@id":"https:\/\/mwf-brazil.com\/#\/schema\/logo\/image\/","url":"https:\/\/mwf-brazil.com\/wp-content\/uploads\/2023\/02\/br-black.png","contentUrl":"https:\/\/mwf-brazil.com\/wp-content\/uploads\/2023\/02\/br-black.png","width":1324,"height":783,"caption":"MWF - Brazil"},"image":{"@id":"https:\/\/mwf-brazil.com\/#\/schema\/logo\/image\/"}}]}},"_links":{"self":[{"href":"https:\/\/mwf-brazil.com\/es\/wp-json\/wp\/v3\/product\/10270"}],"collection":[{"href":"https:\/\/mwf-brazil.com\/es\/wp-json\/wp\/v3\/product"}],"about":[{"href":"https:\/\/mwf-brazil.com\/es\/wp-json\/wp\/v2\/types\/product"}],"replies":[{"embeddable":true,"href":"https:\/\/mwf-brazil.com\/es\/wp-json\/wp\/v2\/comments?post=10270"}],"wp:featuredmedia":[{"embeddable":true,"href":"https:\/\/mwf-brazil.com\/es\/wp-json\/wp\/v2\/media\/9122"}],"wp:attachment":[{"href":"https:\/\/mwf-brazil.com\/es\/wp-json\/wp\/v2\/media?parent=10270"}],"wp:term":[{"taxonomy":"product_cat","embeddable":true,"href":"https:\/\/mwf-brazil.com\/es\/wp-json\/wp\/v2\/product_cat?post=10270"},{"taxonomy":"product_tag","embeddable":true,"href":"https:\/\/mwf-brazil.com\/es\/wp-json\/wp\/v2\/product_tag?post=10270"}],"curies":[{"name":"wp","href":"https:\/\/api.w.org\/{rel}","templated":true}]}}