{"id":10266,"date":"2022-11-16T12:56:08","date_gmt":"2022-11-16T12:56:08","guid":{"rendered":"https:\/\/mwf-brazil.com\/product\/spark-gold-nugget\/"},"modified":"2022-12-13T13:08:06","modified_gmt":"2022-12-13T13:08:06","slug":"spark-gold-nugget","status":"publish","type":"product","link":"https:\/\/mwf-brazil.com\/es\/producto\/spark-gold-nugget\/","title":{"rendered":"SPARK (GOLD NUGGET)"},"content":{"rendered":"<section class=\"wpb-content-wrapper\"><p>[vc_row woodmart_css_id=\u00bb6380db64924c3&#8243; responsive_spacing=\u00bbeyJwYXJhbV90eXBlIjoid29vZG1hcnRfcmVzcG9uc2l2ZV9zcGFjaW5nIiwic2VsZWN0b3JfaWQiOiI2MzgwZGI2NDkyNGMzIiwic2hvcnRjb2RlIjoidmNfcm93IiwiZGF0YSI6eyJ0YWJsZXQiOnt9LCJtb2JpbGUiOnt9fX0=\u00bb mobile_bg_img_hidden=\u00bbno\u00bb tablet_bg_img_hidden=\u00bbno\u00bb woodmart_parallax=\u00bb0&#8243; woodmart_gradient_switch=\u00bbno\u00bb woodmart_box_shadow=\u00bbno\u00bb wd_z_index=\u00bbno\u00bb woodmart_disable_overflow=\u00bb0&#8243; row_reverse_mobile=\u00bb0&#8243; row_reverse_tablet=\u00bb0&#8243;][vc_column]\n\t\t<div id=\"wd-637e341d284e0\" class=\"wd-accordion wd-wpb wd-rs-637e341d284e0  wd-style-default\" data-state=\"first\">\n\t\t\t\t\t\t\t\n\t\t\t\t\n\t\t\t\t<div class=\"wd-accordion-item\">\n\t\t\t\t\t<div class=\"wd-accordion-title wd-active font-primary wd-fontsize-s text-left wd-opener-pos-left wd-font-weight-600\" data-accordion-index=\"0\">\n\t\t\t\t\t\t<div class=\"wd-accordion-title-text\">\n\t\t\t\t\t\t\t\t\t\t\t\t\t\t<span>\n\t\t\t\t\t\t\t\tDESCRIPCI\u00d3N\t\t\t\t\t\t\t<\/span>\n\t\t\t\t\t\t<\/div>\n\t\t\t\t\t\t<span class=\"wd-accordion-opener wd-opener-style-arrow\"><\/span>\n\t\t\t\t\t<\/div>\n\n\t\t\t\t\t<div class=\"wd-accordion-content reset-last-child wd-active\" data-accordion-index=\"0\">\n\t\t\t\t\t\t\t\t\t\t\t\t\t\n<div class=\"container\">\n<h3>El Spark Gold Nugget funciona con el sistema avanzado de detecci\u00f3n remota (LDS), que est\u00e1 integrado con el sistema de identificaci\u00f3n ac\u00fastica para la ruta y el punto del centro objetivo.<\/h3>\n<blockquote><p>\nEl dispositivo Gold Nugget SPARK se caracteriza por su alta precisi\u00f3n de ondas de frecuencia que le permiten ubicar y detectar los sitios de oro crudo y natural bajo el suelo con una precisi\u00f3n muy fina, ya que el dispositivo puede ubicar objetivos desde una distancia de 200 metros frente a un \u00e1ngulo de 360 \u200b\u200bgrados con una funci\u00f3n de control preciso en la distancia de b\u00fasqueda frontal, donde hay varios Niveles para el escaneo frontal que el usuario puede ajustar seg\u00fan su necesidad del escaneo frontal.<\/p>\n<p>La profundidad de b\u00fasqueda del Spark Gold Nugget alcanza hasta 10 metros por debajo de la superficie de la tierra con la capacidad de controlar con precisi\u00f3n las profundidades de b\u00fasqueda desde la interfaz de control del dispositivo. \u00daselo sin necesidad de experiencia o muchos conocimientos en los detectores.<\/p>\n<p>El \u00fanico dispositivo en el mundo para detectar mineral de oro, un detector de pepitas de oro natural, un sistema de b\u00fasqueda remota para detectar oro.\n<\/p><\/blockquote>\n<div class=\"row flex-column-reverse flex-lg-row\">\n<div class=\"col-md-6 col-ms-12\">\n<ul>\n<li>Spark Gold Nugget especialista en detectar y buscar pepitas de oro de todos los tama\u00f1os bajo tierra con gran precisi\u00f3n.<\/li>\n<li>Precisi\u00f3n y alta calidad en fabricaci\u00f3n y rendimiento, este dispositivo est\u00e1 fabricado con los mejores pl\u00e1sticos, componentes y circuitos electr\u00f3nicos con especificaciones internacionales.<\/li>\n<li>El dispositivo est\u00e1 respaldado por un panel de control suave con una interfaz clave que funciona presionando y destinos \u00f3pticos, lo que permite al usuario controlar el dispositivo y prepararlo para la b\u00fasqueda con facilidad, y el panel de control consta de lo siguiente:<\/li>\n<\/ul>\n<p>1- Bot\u00f3n de encendido y apagado2- Bot\u00f3n de control del modo de sonido3- Bot\u00f3n de selecci\u00f3n del tipo de objetivo4- Bot\u00f3n de control de profundidad de b\u00fasqueda5- Bot\u00f3n de control de distancia de b\u00fasqueda frontal6- Bot\u00f3n Iniciar y finalizar escaneo<\/p>\n<ul>\n<li>Control en 5 modos de volumen adem\u00e1s de un modo silencioso o vibrador.<\/li>\n<li>Indicador luminoso para buscar y se\u00f1alar, y consta de tres niveles.<\/li>\n<li>La luz indicadora de nivel de bater\u00eda, que consta de 3 niveles, indica la capacidad y la capacidad de la bater\u00eda.<\/li>\n<li>Una interfaz \u00f3ptica que muestra los modos de b\u00fasqueda seleccionados de tipo de objetivo, profundidad y distancia.<\/li>\n<li>Lista de posiciones de los objetivos, todos los tama\u00f1os de oro, carpas con su men\u00fa opcional: muy peque\u00f1o \u2013 peque\u00f1o \u2013 mediano \u2013 grande.<\/li>\n<li>La lista de profundidades de b\u00fasqueda opcionales comienza desde 0 y hasta la profundidad especificada: 1 m \u2013 3 m \u2013 5 m \u2013 7 m \u2013 10 m.<\/li>\n<li>La lista de distancias de b\u00fasqueda frontal opcional comienza desde 0 y hasta la distancia especificada: 25 m \u2013 50 m \u2013 100 m \u2013 150 m \u2013 200 m.<\/li>\n<li>F\u00e1cil de operar y usar, cualquiera puede usar.<\/li>\n<li>El dispositivo se caracteriza por su reducido tama\u00f1o, por lo que puede guardarse en un bolsillo y moverse c\u00f3modamente.<\/li>\n<li>Ligero, que ayuda al usuario a trabajar con \u00e9l sin esfuerzo ni fatiga.<\/li>\n<\/ul>\n<\/div>\n<div class=\"col-md-6 col-ms-12\">\n<div class=\"tab-image\"><img decoding=\"async\" src=\"\/wp-content\/uploads\/2021\/10\/big-main-image.jpg\" alt=\"GOLD NUGGET\" \/><\/div>\n<\/div>\n<\/div>\n<\/div>\n\t\t\t\t\t\t\t\t\t\t\t<\/div>\n\t\t\t\t<\/div>\n\t\t\t\t\t\t\t\n\t\t\t\t\n\t\t\t\t<div class=\"wd-accordion-item\">\n\t\t\t\t\t<div class=\"wd-accordion-title font-primary wd-fontsize-s text-left wd-opener-pos-left wd-font-weight-600\" data-accordion-index=\"1\">\n\t\t\t\t\t\t<div class=\"wd-accordion-title-text\">\n\t\t\t\t\t\t\t\t\t\t\t\t\t\t<span>\n\t\t\t\t\t\t\t\tSISTEMAS DE DETECCI\u00d3N\t\t\t\t\t\t\t<\/span>\n\t\t\t\t\t\t<\/div>\n\t\t\t\t\t\t<span class=\"wd-accordion-opener wd-opener-style-arrow\"><\/span>\n\t\t\t\t\t<\/div>\n\n\t\t\t\t\t<div class=\"wd-accordion-content reset-last-child\" data-accordion-index=\"1\">\n\t\t\t\t\t\t\t\t\t\t\t\t\t\n<div class=\"container\">\n<div class=\"col-md-12 col-ms-12\">\n<div class=\"col-md-12 col-ms-12\">\n<ul>\n<li>El avanzado y preciso sistema de transmisi\u00f3n y recepci\u00f3n de se\u00f1ales (HSW), exclusivo del grupo MWF, a trav\u00e9s de su estudio y procesos de desarrollo modernos para la forma de la se\u00f1al y su carga en trayectorias de ondas altamente sensibles.<\/li>\n<li>Sensor incorporado y sistema de detecci\u00f3n, donde el dispositivo puede detectar objetivos dirigi\u00e9ndose hacia los objetivos acompa\u00f1ado de un indicador de advertencia ac\u00fastica hacia el objetivo.<\/li>\n<li>Sistema de filtrado de se\u00f1ales interno, para evitar los errores esperados, mediante el aislamiento de todas las se\u00f1ales de salida resultantes de los efectos magn\u00e9ticos del suelo y rocas met\u00e1licas.<\/li>\n<li>Sistema de ajuste autom\u00e1tico (ATS) para todo terreno y suelos rocosos, monta\u00f1osos, arenosos y fangosos<\/li>\n<\/ul>\n<\/div>\n<div class=\"row\">\n<div class=\"col-md-6 col-ms-12\">\n<div class=\"tab-image\"><img decoding=\"async\" src=\"\/wp-content\/uploads\/2020\/11\/4-7.jpg\" alt=\"\" \/><\/div>\n<\/div>\n<div class=\"col-md-6 col-ms-12\">\n<div class=\"tab-image\"><img decoding=\"async\" src=\"\/wp-content\/uploads\/2020\/11\/3-13.jpg\" alt=\"\" \/><\/div>\n<\/div>\n<\/div>\n<\/div>\n<\/div>\n\t\t\t\t\t\t\t\t\t\t\t<\/div>\n\t\t\t\t<\/div>\n\t\t\t\t\t\t\t\n\t\t\t\t\n\t\t\t\t<div class=\"wd-accordion-item\">\n\t\t\t\t\t<div class=\"wd-accordion-title font-primary wd-fontsize-s text-left wd-opener-pos-left wd-font-weight-600\" data-accordion-index=\"2\">\n\t\t\t\t\t\t<div class=\"wd-accordion-title-text\">\n\t\t\t\t\t\t\t\t\t\t\t\t\t\t<span>\n\t\t\t\t\t\t\t\tESPECIFICACIONES T\u00c9CNICAS\t\t\t\t\t\t\t<\/span>\n\t\t\t\t\t\t<\/div>\n\t\t\t\t\t\t<span class=\"wd-accordion-opener wd-opener-style-arrow\"><\/span>\n\t\t\t\t\t<\/div>\n\n\t\t\t\t\t<div class=\"wd-accordion-content reset-last-child\" data-accordion-index=\"2\">\n\t\t\t\t\t\t\t\t\t\t\t\t\t\n<div class=\"container\">\n<table>\n<tbody>\n<tr>\n<th>Sistema de b\u00fasqueda:<\/th>\n<td>sistema de detecci\u00f3n de larga distancia (LDS)<\/td>\n<\/tr>\n<tr>\n<th>Principio de investigaci\u00f3n:<\/th>\n<td>Procesamiento de campos digitales (DFSP) para recibir la energ\u00eda el\u00e9ctrica de los objetivos<\/td>\n<\/tr>\n<tr>\n<th>Procesador de operaci\u00f3n:<\/th>\n<td>M\u0130KROKONTROLLER PIC18<\/td>\n<\/tr>\n<tr>\n<th>Frecuencia operativa de detecci\u00f3n:<\/th>\n<td>De 1 kHz a 9 kHz<\/td>\n<\/tr>\n<tr>\n<th>energ\u00eda:<\/th>\n<td>4 pilas AAA 1,5 V equivalentes a 6 V intercambiables<\/td>\n<\/tr>\n<tr>\n<th>Consumo de energ\u00eda:<\/th>\n<td>El consumo m\u00e1ximo es de 25 mA<\/td>\n<\/tr>\n<tr>\n<th>Horas de la bater\u00eda:<\/th>\n<td>32 horas de trabajo<\/td>\n<\/tr>\n<tr>\n<th>Cargador:<\/th>\n<td>5,1 voltios 3 amperios \/ tiempo de carga 4 horas<\/td>\n<\/tr>\n<tr>\n<th>Tipo de visualizaci\u00f3n:<\/th>\n<td>LEDs<\/td>\n<\/tr>\n<tr>\n<th>El especialista detecta:<\/th>\n<td>El oro crudo tiene cuatro opciones: muy fino, peque\u00f1o, mediano y grande.<\/td>\n<\/tr>\n<tr>\n<th>Distinguir entre objetivos:<\/th>\n<td>Si<\/td>\n<\/tr>\n<tr>\n<th>Sistema de selecci\u00f3n de objetivos:<\/th>\n<td>S\u00ed, es posible elegir el tipo de objetivo antes de iniciar la b\u00fasqueda.<\/td>\n<\/tr>\n<tr>\n<th>B\u00fasqueda de profundidad:<\/th>\n<td>10 m, con un sistema de control en el nivel de profundidad de b\u00fasqueda<\/td>\n<\/tr>\n<tr>\n<th>Distancia de b\u00fasqueda:<\/th>\n<td>200 m, con un sistema de control en los niveles de la distancia de b\u00fasqueda frontal<\/td>\n<\/tr>\n<tr>\n<th>Resultados de la investigacion:<\/th>\n<td>A trav\u00e9s de se\u00f1ales y datos directivos al lugar de enterramiento, acompa\u00f1ados de est\u00edmulos sonorous<\/td>\n<\/tr>\n<tr>\n<th>Sistema de guiado autom\u00e1tico e inteligente:<\/th>\n<td>S\u00ed, a trav\u00e9s de la interfaz \u00f3ptica inteligente para localizar la ruta de destino<\/td>\n<\/tr>\n<tr>\n<th>Alertas de voz:<\/th>\n<td>Si<\/td>\n<\/tr>\n<tr>\n<th>Alerta con vibraci\u00f3n:<\/th>\n<td>Si<\/td>\n<\/tr>\n<tr>\n<th>Temperatura de funcionamiento:<\/th>\n<td>De -15 \u00b0 C a 60 \u00b0 C<\/td>\n<\/tr>\n<tr>\n<th>temperatura:<\/th>\n<td>De -15 \u00b0 C a 40 \u00b0 C<\/td>\n<\/tr>\n<tr>\n<th>Temperatura de almacenamiento:<\/th>\n<td>Se puede almacenar y trabajar con un nivel de humedad del 90%.<\/td>\n<\/tr>\n<tr>\n<th>el peso:<\/th>\n<td>Compuesto: 700 gr \u2013 desmontado en la bolsa: 1 kg<\/td>\n<\/tr>\n<tr>\n<th>Dimensiones:<\/th>\n<td>16X9.5X2.5 cm<\/td>\n<\/tr>\n<tr>\n<th>Dimensiones de la bolsa:<\/th>\n<td>34 X 28 X 08 cm<\/td>\n<\/tr>\n<\/tbody>\n<\/table>\n<\/div>\n\t\t\t\t\t\t\t\t\t\t\t<\/div>\n\t\t\t\t<\/div>\n\t\t\t\t\t\t\t\n\t\t\t\t\n\t\t\t\t<div class=\"wd-accordion-item\">\n\t\t\t\t\t<div class=\"wd-accordion-title font-primary wd-fontsize-s text-left wd-opener-pos-left wd-font-weight-600\" data-accordion-index=\"3\">\n\t\t\t\t\t\t<div class=\"wd-accordion-title-text\">\n\t\t\t\t\t\t\t\t\t\t\t\t\t\t<span>\n\t\t\t\t\t\t\t\tACCESORIOS\t\t\t\t\t\t\t<\/span>\n\t\t\t\t\t\t<\/div>\n\t\t\t\t\t\t<span class=\"wd-accordion-opener wd-opener-style-arrow\"><\/span>\n\t\t\t\t\t<\/div>\n\n\t\t\t\t\t<div class=\"wd-accordion-content reset-last-child\" data-accordion-index=\"3\">\n\t\t\t\t\t\t\t\t\t\t\t\t\t\n<div class=\"container\">\n<ul>\n<li>Unidad de control principal y b\u00fasqueda.<\/li>\n<li>Antenas transmisoras y receptoras.<\/li>\n<li>Asa de transporte del dispositivo (extra\u00edble y montable).<\/li>\n<li>Bolsa de dispositivo.<\/li>\n<li>Certificado de garant\u00eda.<\/li>\n<li>gu\u00eda de usuario.<\/li>\n<li>DVD educativo.<\/li>\n<\/ul>\n<div class=\"row \">\n<div class=\"col-sm \">\n<p><img decoding=\"async\" loading=\"lazy\" class=\"tab-image mt-5\" src=\"\/wp-content\/uploads\/2021\/10\/main-uniten-1.jpg\" width=\"497\" height=\"696\" \/><\/p>\n<div class=\"accessories-title text-center \">\n<div class=\"col-sm \">\n<div class=\"accessories-title text-center \">\n<h5>Unidad principal<\/h5>\n<\/div>\n<\/div>\n<\/div>\n<\/div>\n<div class=\"col-sm \">\n<p><img decoding=\"async\" loading=\"lazy\" class=\"tab-image mt-5\" src=\"\/wp-content\/uploads\/2021\/10\/6.jpg\" width=\"497\" height=\"696\" \/><\/p>\n<div class=\"accessories-title text-center \">\n<div class=\"col-sm \">\n<div class=\"accessories-title text-center \">\n<h5>Antenas transmisoras y receptoras<\/h5>\n<\/div>\n<\/div>\n<\/div>\n<\/div>\n<div class=\"col-sm \">\n<p><img decoding=\"async\" loading=\"lazy\" class=\"tab-image mt-5\" src=\"\/wp-content\/uploads\/2021\/10\/5.jpg\" width=\"497\" height=\"696\" \/><\/p>\n<div class=\"accessories-title text-center \">\n<h5>Sujeci\u00f3n<\/h5>\n<\/div>\n<\/div>\n<\/div>\n<\/div>\n\t\t\t\t\t\t\t\t\t\t\t<\/div>\n\t\t\t\t<\/div>\n\t\t\t\t\t\t\t\n\t\t\t\t\n\t\t\t\t<div class=\"wd-accordion-item\">\n\t\t\t\t\t<div class=\"wd-accordion-title font-primary wd-fontsize-s text-left wd-opener-pos-left wd-font-weight-600\" data-accordion-index=\"4\">\n\t\t\t\t\t\t<div class=\"wd-accordion-title-text\">\n\t\t\t\t\t\t\t\t\t\t\t\t\t\t<span>\n\t\t\t\t\t\t\t\tMANUAL DE USUARIO\t\t\t\t\t\t\t<\/span>\n\t\t\t\t\t\t<\/div>\n\t\t\t\t\t\t<span class=\"wd-accordion-opener wd-opener-style-arrow\"><\/span>\n\t\t\t\t\t<\/div>\n\n\t\t\t\t\t<div class=\"wd-accordion-content reset-last-child\" data-accordion-index=\"4\">\n\t\t\t\t\t\t\t\t\t\t\t\t\t\n<div class=\"container\">\n<div class=\"col-md-12 col-ms-12 user-text\" style=\"text-align: left;\">\n<p>Para leer o descargar la gu\u00eda del usuario, haga clic\u00a0<span style=\"color: #0000ff;\"><a style=\"color: #0000ff;\" href=\"https:\/\/mwf-metaldetectors.com\/user-manual\/en\/spark-nugget.pdf\" target=\"_blank\" rel=\"noopener\">aqu\u00ed<\/a><\/span><\/p>\n<div class=\"col-md-12 col-ms-12 text-center user-img\">\n<div class=\"my-3\"><a href=\"https:\/\/mwf-metaldetectors.com\/user-manual\/en\/spark-nugget.pdf\" target=\"_blank\" rel=\"noopener\"><br \/>\n<img decoding=\"async\" class=\"aligncenter\" src=\"https:\/\/mwf-metaldetectors.com\/user-manual\/en\/spark-nugget.jpg\" alt=\"\" \/><\/a><\/div>\n<\/div>\n<\/div>\n<\/div>\n\t\t\t\t\t\t\t\t\t\t\t<\/div>\n\t\t\t\t<\/div>\n\t\t\t\t\t\t\t\t\t\t\t\t\t\t<\/div>\n\n\t\t[\/vc_column][\/vc_row]<\/p>\n<\/section>","protected":false},"excerpt":{"rendered":"<p>[vc_row woodmart_css_id=\u00bb6380db64924c3&#8243; responsive_spacing=\u00bbeyJwYXJhbV90eXBlIjoid29vZG1hcnRfcmVzcG9uc2l2ZV9zcGFjaW5nIiwic2VsZWN0b3JfaWQiOiI2MzgwZGI2NDkyNGMzIiwic2hvcnRjb2RlIjoidmNfcm93IiwiZGF0YSI6eyJ0YWJsZXQiOnt9LCJtb2JpbGUiOnt9fX0=\u00bb mobile_bg_img_hidden=\u00bbno\u00bb tablet_bg_img_hidden=\u00bbno\u00bb woodmart_parallax=\u00bb0&#8243; woodmart_gradient_switch=\u00bbno\u00bb woodmart_box_shadow=\u00bbno\u00bb wd_z_index=\u00bbno\u00bb woodmart_disable_overflow=\u00bb0&#8243; row_reverse_mobile=\u00bb0&#8243; row_reverse_tablet=\u00bb0&#8243;][vc_column][\/vc_column][\/vc_row]<\/p>\n","protected":false},"featured_media":9112,"comment_status":"closed","ping_status":"closed","template":"","meta":[],"product_cat":[141,185,191],"product_tag":[],"yoast_head":"<!-- This site is optimized with the Yoast SEO plugin v20.6 - https:\/\/yoast.com\/wordpress\/plugins\/seo\/ -->\n<title>SPARK (GOLD NUGGET) - MWF - Brazil<\/title>\n<meta name=\"robots\" content=\"noindex, follow, max-snippet:-1, max-image-preview:large, max-video-preview:-1\" \/>\n<meta property=\"og:locale\" content=\"es_ES\" \/>\n<meta property=\"og:type\" content=\"article\" \/>\n<meta property=\"og:title\" content=\"SPARK (GOLD NUGGET) - MWF - Brazil\" \/>\n<meta property=\"og:description\" content=\"[vc_row woodmart_css_id=\u00bb6380db64924c3&#8243; responsive_spacing=\u00bbeyJwYXJhbV90eXBlIjoid29vZG1hcnRfcmVzcG9uc2l2ZV9zcGFjaW5nIiwic2VsZWN0b3JfaWQiOiI2MzgwZGI2NDkyNGMzIiwic2hvcnRjb2RlIjoidmNfcm93IiwiZGF0YSI6eyJ0YWJsZXQiOnt9LCJtb2JpbGUiOnt9fX0=\u00bb mobile_bg_img_hidden=\u00bbno\u00bb tablet_bg_img_hidden=\u00bbno\u00bb woodmart_parallax=\u00bb0&#8243; woodmart_gradient_switch=\u00bbno\u00bb woodmart_box_shadow=\u00bbno\u00bb wd_z_index=\u00bbno\u00bb woodmart_disable_overflow=\u00bb0&#8243; row_reverse_mobile=\u00bb0&#8243; row_reverse_tablet=\u00bb0&#8243;][vc_column][\/vc_column][\/vc_row]\" \/>\n<meta property=\"og:url\" content=\"https:\/\/mwf-brazil.com\/es\/producto\/spark-gold-nugget\/\" \/>\n<meta property=\"og:site_name\" content=\"MWF - Brazil\" \/>\n<meta property=\"article:modified_time\" content=\"2022-12-13T13:08:06+00:00\" \/>\n<meta property=\"og:image\" content=\"https:\/\/mwf-brazil.com\/wp-content\/uploads\/2022\/11\/main-image3.jpg\" \/>\n\t<meta property=\"og:image:width\" content=\"1000\" \/>\n\t<meta property=\"og:image:height\" content=\"993\" \/>\n\t<meta property=\"og:image:type\" content=\"image\/jpeg\" \/>\n<meta name=\"twitter:card\" content=\"summary_large_image\" \/>\n<meta name=\"twitter:label1\" content=\"Tiempo de lectura\" \/>\n\t<meta name=\"twitter:data1\" content=\"6 minutos\" \/>\n<script type=\"application\/ld+json\" class=\"yoast-schema-graph\">{\"@context\":\"https:\/\/schema.org\",\"@graph\":[{\"@type\":\"WebPage\",\"@id\":\"https:\/\/mwf-brazil.com\/es\/producto\/spark-gold-nugget\/\",\"url\":\"https:\/\/mwf-brazil.com\/es\/producto\/spark-gold-nugget\/\",\"name\":\"SPARK (GOLD NUGGET) - MWF - Brazil\",\"isPartOf\":{\"@id\":\"https:\/\/mwf-brazil.com\/#website\"},\"datePublished\":\"2022-11-16T12:56:08+00:00\",\"dateModified\":\"2022-12-13T13:08:06+00:00\",\"breadcrumb\":{\"@id\":\"https:\/\/mwf-brazil.com\/es\/producto\/spark-gold-nugget\/#breadcrumb\"},\"inLanguage\":\"es\",\"potentialAction\":[{\"@type\":\"ReadAction\",\"target\":[\"https:\/\/mwf-brazil.com\/es\/producto\/spark-gold-nugget\/\"]}]},{\"@type\":\"BreadcrumbList\",\"@id\":\"https:\/\/mwf-brazil.com\/es\/producto\/spark-gold-nugget\/#breadcrumb\",\"itemListElement\":[{\"@type\":\"ListItem\",\"position\":1,\"name\":\"Home\",\"item\":\"https:\/\/mwf-brazil.com\/es\/\"},{\"@type\":\"ListItem\",\"position\":2,\"name\":\"Comercio\",\"item\":\"https:\/\/mwf-brazil.com\/es\/shop\/\"},{\"@type\":\"ListItem\",\"position\":3,\"name\":\"SPARK (GOLD NUGGET)\"}]},{\"@type\":\"WebSite\",\"@id\":\"https:\/\/mwf-brazil.com\/#website\",\"url\":\"https:\/\/mwf-brazil.com\/\",\"name\":\"MWF - Brazil\",\"description\":\"MWF Group Of Factories and Companies, specialized in the Manufacturing and Trading of Metal detectors, Treasures, Gold, and groundwater, MWF is an American and Turkish company, headquartered in the United States in Illinois, and in Turkey in Istanbul, Founded in 2008.\",\"publisher\":{\"@id\":\"https:\/\/mwf-brazil.com\/#organization\"},\"potentialAction\":[{\"@type\":\"SearchAction\",\"target\":{\"@type\":\"EntryPoint\",\"urlTemplate\":\"https:\/\/mwf-brazil.com\/?s={search_term_string}\"},\"query-input\":\"required name=search_term_string\"}],\"inLanguage\":\"es\"},{\"@type\":\"Organization\",\"@id\":\"https:\/\/mwf-brazil.com\/#organization\",\"name\":\"MWF - Brazil\",\"url\":\"https:\/\/mwf-brazil.com\/\",\"logo\":{\"@type\":\"ImageObject\",\"inLanguage\":\"es\",\"@id\":\"https:\/\/mwf-brazil.com\/#\/schema\/logo\/image\/\",\"url\":\"https:\/\/mwf-brazil.com\/wp-content\/uploads\/2023\/02\/br-black.png\",\"contentUrl\":\"https:\/\/mwf-brazil.com\/wp-content\/uploads\/2023\/02\/br-black.png\",\"width\":1324,\"height\":783,\"caption\":\"MWF - Brazil\"},\"image\":{\"@id\":\"https:\/\/mwf-brazil.com\/#\/schema\/logo\/image\/\"}}]}<\/script>\n<!-- \/ Yoast SEO plugin. -->","yoast_head_json":{"title":"SPARK (GOLD NUGGET) - MWF - Brazil","robots":{"index":"noindex","follow":"follow","max-snippet":"max-snippet:-1","max-image-preview":"max-image-preview:large","max-video-preview":"max-video-preview:-1"},"og_locale":"es_ES","og_type":"article","og_title":"SPARK (GOLD NUGGET) - MWF - Brazil","og_description":"[vc_row woodmart_css_id=\u00bb6380db64924c3&#8243; responsive_spacing=\u00bbeyJwYXJhbV90eXBlIjoid29vZG1hcnRfcmVzcG9uc2l2ZV9zcGFjaW5nIiwic2VsZWN0b3JfaWQiOiI2MzgwZGI2NDkyNGMzIiwic2hvcnRjb2RlIjoidmNfcm93IiwiZGF0YSI6eyJ0YWJsZXQiOnt9LCJtb2JpbGUiOnt9fX0=\u00bb mobile_bg_img_hidden=\u00bbno\u00bb tablet_bg_img_hidden=\u00bbno\u00bb woodmart_parallax=\u00bb0&#8243; woodmart_gradient_switch=\u00bbno\u00bb woodmart_box_shadow=\u00bbno\u00bb wd_z_index=\u00bbno\u00bb woodmart_disable_overflow=\u00bb0&#8243; row_reverse_mobile=\u00bb0&#8243; row_reverse_tablet=\u00bb0&#8243;][vc_column][\/vc_column][\/vc_row]","og_url":"https:\/\/mwf-brazil.com\/es\/producto\/spark-gold-nugget\/","og_site_name":"MWF - Brazil","article_modified_time":"2022-12-13T13:08:06+00:00","og_image":[{"width":1000,"height":993,"url":"https:\/\/mwf-brazil.com\/wp-content\/uploads\/2022\/11\/main-image3.jpg","type":"image\/jpeg"}],"twitter_card":"summary_large_image","twitter_misc":{"Tiempo de lectura":"6 minutos"},"schema":{"@context":"https:\/\/schema.org","@graph":[{"@type":"WebPage","@id":"https:\/\/mwf-brazil.com\/es\/producto\/spark-gold-nugget\/","url":"https:\/\/mwf-brazil.com\/es\/producto\/spark-gold-nugget\/","name":"SPARK (GOLD NUGGET) - MWF - Brazil","isPartOf":{"@id":"https:\/\/mwf-brazil.com\/#website"},"datePublished":"2022-11-16T12:56:08+00:00","dateModified":"2022-12-13T13:08:06+00:00","breadcrumb":{"@id":"https:\/\/mwf-brazil.com\/es\/producto\/spark-gold-nugget\/#breadcrumb"},"inLanguage":"es","potentialAction":[{"@type":"ReadAction","target":["https:\/\/mwf-brazil.com\/es\/producto\/spark-gold-nugget\/"]}]},{"@type":"BreadcrumbList","@id":"https:\/\/mwf-brazil.com\/es\/producto\/spark-gold-nugget\/#breadcrumb","itemListElement":[{"@type":"ListItem","position":1,"name":"Home","item":"https:\/\/mwf-brazil.com\/es\/"},{"@type":"ListItem","position":2,"name":"Comercio","item":"https:\/\/mwf-brazil.com\/es\/shop\/"},{"@type":"ListItem","position":3,"name":"SPARK (GOLD NUGGET)"}]},{"@type":"WebSite","@id":"https:\/\/mwf-brazil.com\/#website","url":"https:\/\/mwf-brazil.com\/","name":"MWF - Brazil","description":"MWF Group Of Factories and Companies, specialized in the Manufacturing and Trading of Metal detectors, Treasures, Gold, and groundwater, MWF is an American and Turkish company, headquartered in the United States in Illinois, and in Turkey in Istanbul, Founded in 2008.","publisher":{"@id":"https:\/\/mwf-brazil.com\/#organization"},"potentialAction":[{"@type":"SearchAction","target":{"@type":"EntryPoint","urlTemplate":"https:\/\/mwf-brazil.com\/?s={search_term_string}"},"query-input":"required name=search_term_string"}],"inLanguage":"es"},{"@type":"Organization","@id":"https:\/\/mwf-brazil.com\/#organization","name":"MWF - Brazil","url":"https:\/\/mwf-brazil.com\/","logo":{"@type":"ImageObject","inLanguage":"es","@id":"https:\/\/mwf-brazil.com\/#\/schema\/logo\/image\/","url":"https:\/\/mwf-brazil.com\/wp-content\/uploads\/2023\/02\/br-black.png","contentUrl":"https:\/\/mwf-brazil.com\/wp-content\/uploads\/2023\/02\/br-black.png","width":1324,"height":783,"caption":"MWF - Brazil"},"image":{"@id":"https:\/\/mwf-brazil.com\/#\/schema\/logo\/image\/"}}]}},"_links":{"self":[{"href":"https:\/\/mwf-brazil.com\/es\/wp-json\/wp\/v3\/product\/10266"}],"collection":[{"href":"https:\/\/mwf-brazil.com\/es\/wp-json\/wp\/v3\/product"}],"about":[{"href":"https:\/\/mwf-brazil.com\/es\/wp-json\/wp\/v2\/types\/product"}],"replies":[{"embeddable":true,"href":"https:\/\/mwf-brazil.com\/es\/wp-json\/wp\/v2\/comments?post=10266"}],"wp:featuredmedia":[{"embeddable":true,"href":"https:\/\/mwf-brazil.com\/es\/wp-json\/wp\/v2\/media\/9112"}],"wp:attachment":[{"href":"https:\/\/mwf-brazil.com\/es\/wp-json\/wp\/v2\/media?parent=10266"}],"wp:term":[{"taxonomy":"product_cat","embeddable":true,"href":"https:\/\/mwf-brazil.com\/es\/wp-json\/wp\/v2\/product_cat?post=10266"},{"taxonomy":"product_tag","embeddable":true,"href":"https:\/\/mwf-brazil.com\/es\/wp-json\/wp\/v2\/product_tag?post=10266"}],"curies":[{"name":"wp","href":"https:\/\/api.w.org\/{rel}","templated":true}]}}