{"id":10262,"date":"2022-11-16T12:56:08","date_gmt":"2022-11-16T12:56:08","guid":{"rendered":"https:\/\/mwf-brazil.com\/product\/gf-500\/"},"modified":"2022-12-13T13:04:56","modified_gmt":"2022-12-13T13:04:56","slug":"gf-500","status":"publish","type":"product","link":"https:\/\/mwf-brazil.com\/es\/producto\/gf-500\/","title":{"rendered":"GF-500"},"content":{"rendered":"<section class=\"wpb-content-wrapper\"><p>[vc_row woodmart_css_id=\u00bb6380db64924c3&#8243; responsive_spacing=\u00bbeyJwYXJhbV90eXBlIjoid29vZG1hcnRfcmVzcG9uc2l2ZV9zcGFjaW5nIiwic2VsZWN0b3JfaWQiOiI2MzgwZGI2NDkyNGMzIiwic2hvcnRjb2RlIjoidmNfcm93IiwiZGF0YSI6eyJ0YWJsZXQiOnt9LCJtb2JpbGUiOnt9fX0=\u00bb mobile_bg_img_hidden=\u00bbno\u00bb tablet_bg_img_hidden=\u00bbno\u00bb woodmart_parallax=\u00bb0&#8243; woodmart_gradient_switch=\u00bbno\u00bb woodmart_box_shadow=\u00bbno\u00bb wd_z_index=\u00bbno\u00bb woodmart_disable_overflow=\u00bb0&#8243; row_reverse_mobile=\u00bb0&#8243; row_reverse_tablet=\u00bb0&#8243;][vc_column]\n\t\t<div id=\"wd-637e341d284e0\" class=\"wd-accordion wd-wpb wd-rs-637e341d284e0  wd-style-default\" data-state=\"first\">\n\t\t\t\t\t\t\t\n\t\t\t\t\n\t\t\t\t<div class=\"wd-accordion-item\">\n\t\t\t\t\t<div class=\"wd-accordion-title wd-active font-primary wd-fontsize-s text-left wd-opener-pos-left wd-font-weight-600\" data-accordion-index=\"0\">\n\t\t\t\t\t\t<div class=\"wd-accordion-title-text\">\n\t\t\t\t\t\t\t\t\t\t\t\t\t\t<span>\n\t\t\t\t\t\t\t\tDESCRIPCI\u00d3N\t\t\t\t\t\t\t<\/span>\n\t\t\t\t\t\t<\/div>\n\t\t\t\t\t\t<span class=\"wd-accordion-opener wd-opener-style-arrow\"><\/span>\n\t\t\t\t\t<\/div>\n\n\t\t\t\t\t<div class=\"wd-accordion-content reset-last-child wd-active\" data-accordion-index=\"0\">\n\t\t\t\t\t\t\t\t\t\t\t\t\t\n<div class=\"container\">\n<h4>Diamante\u00a0 Detector de gemas \u201dEl dispositivo GF-500 funciona con el sistema de detecci\u00f3n de larga distancia (LDS), el avanzado e integrado con sistemas de identificaci\u00f3n ac\u00fastica para ubicar la ruta y el centro del punto del objetivo.<\/h4>\n<blockquote><p>\nEl GF-500 ofrece ondas de frecuencia de alto rigor que le permiten identificar y detectar la ubicaci\u00f3n del objetivo bajo tierra, como diamantes y piedras preciosas meticulosamente, donde el dispositivo puede ubicar los objetivos desde una distancia de 200 metros y un \u00e1ngulo de 360 \u200b\u200bgrados con una funci\u00f3n de control precisa en una b\u00fasqueda de distancia horizontal, donde hay varios niveles de distancia de b\u00fasqueda, el usuario puede ajustar seg\u00fan sus necesidades al escaneo horizontal, la profundidad de b\u00fasqueda en el dispositivo GF-500 se puede alcanzar hasta 10m bajo tierra con la posibilidad de control preciso en profundidad de b\u00fasqueda,<\/p>\n<p>Todo eso a trav\u00e9s de la interfaz de control del dispositivo, el dispositivo se caracteriza por su peque\u00f1o tama\u00f1o y facilidad de uso, donde se puede colocar en el bolsillo y moverlo con toda la buena voluntad y facilidad, y cualquiera puede usarlo sin tener que tener experiencia o grandes conocimientos sobre detectores.\n<\/p><\/blockquote>\n<div class=\"row flex-column-reverse flex-lg-row\">\n<div class=\"col-md-6 col-ms-12 \">\n<ul>\n<li>El instrumento GF-500 es un especialista en la detecci\u00f3n y exploraci\u00f3n subterr\u00e1nea de diamantes y piedras preciosas, con una gran precisi\u00f3n.<\/li>\n<li>Con alta calidad y desempe\u00f1o preciso, fabricamos este producto con los mejores elast\u00f3meros, componentes electr\u00f3nicos y circuitos con est\u00e1ndares internacionales.<\/li>\n<li>Este dispositivo es compatible con un panel de control simple, la interfaz funciona con teclas de bot\u00f3n y LED, permite al usuario buscar f\u00e1cilmente el dispositivo, controlarlo y ajustarlo, el panel de control consta de:<\/li>\n<\/ul>\n<ol>\n<li>Boton de encendido \/ apagado<\/li>\n<li>perilla de volumen<\/li>\n<li>Bot\u00f3n de tipo de selecci\u00f3n de objetivo<\/li>\n<li>Bot\u00f3n de selecci\u00f3n de rango de profundidad<\/li>\n<li>Bot\u00f3n de selecci\u00f3n de rango de distancia<\/li>\n<\/ol>\n<ul>\n<li>Control en 5 modos de volumen adem\u00e1s del modo silencioso o vibrador.<\/li>\n<li>LEDs de b\u00fasqueda e indicaci\u00f3n de se\u00f1al y consta de tres niveles.<\/li>\n<li>Indicador de niveles de bater\u00eda con LED y muestra el nivel de bater\u00eda que consta de 3 niveles.<\/li>\n<li>Interfaz LED que indica los modos de b\u00fasqueda seleccionados, como el tipo de objetivo, la profundidad y la distancia.<\/li>\n<li>Blancos, lista opcional: Diamantes \u2013 Esmeraldas \u2013 Meteoritos \u2013 Todas las gemas.<\/li>\n<li>Busque profundidad, lista opcional y comience con 0m hasta la profundidad seleccionada: 1m \u2013 3m \u2013 5m \u2013 7m \u2013 10m.<\/li>\n<li>Busca distancia, lista opcional y comienza con 0 m hasta la profundidad seleccionada: 25 m \u2013 50 m \u2013 100 m \u2013 150 m \u2013 200 m.<\/li>\n<li>Es f\u00e1cil de operar y usar para cualquier persona.<\/li>\n<li>El dispositivo se caracteriza por su peque\u00f1o tama\u00f1o, donde se puede colocar en un bolsillo y mover de forma aislada.<\/li>\n<li>El peso ligero ayuda al usuario a trabajar sin esfuerzo ni fatiga.<\/li>\n<\/ul>\n<\/div>\n<div class=\"col-md-6 col-ms-12\">\n<div class=\"tab-image\"><img decoding=\"async\" src=\"https:\/\/old.mwf-metaldetectors.com\/wp-content\/uploads\/products\/GF500\/en\/big-main-image-en.jpg\" \/><\/div>\n<\/div>\n<\/div>\n<\/div>\n\t\t\t\t\t\t\t\t\t\t\t<\/div>\n\t\t\t\t<\/div>\n\t\t\t\t\t\t\t\n\t\t\t\t\n\t\t\t\t<div class=\"wd-accordion-item\">\n\t\t\t\t\t<div class=\"wd-accordion-title font-primary wd-fontsize-s text-left wd-opener-pos-left wd-font-weight-600\" data-accordion-index=\"1\">\n\t\t\t\t\t\t<div class=\"wd-accordion-title-text\">\n\t\t\t\t\t\t\t\t\t\t\t\t\t\t<span>\n\t\t\t\t\t\t\t\tSISTEMAS DE DETECCI\u00d3N\t\t\t\t\t\t\t<\/span>\n\t\t\t\t\t\t<\/div>\n\t\t\t\t\t\t<span class=\"wd-accordion-opener wd-opener-style-arrow\"><\/span>\n\t\t\t\t\t<\/div>\n\n\t\t\t\t\t<div class=\"wd-accordion-content reset-last-child\" data-accordion-index=\"1\">\n\t\t\t\t\t\t\t\t\t\t\t\t\t\n<div class=\"container\">\n<div class=\"col-md-12 col-ms-12\">\n<ul>\n<li>Sobre los estudios en forma de se\u00f1ales y los caminos de ondas de alta precisi\u00f3n se ha instalado un sistema de env\u00edo y recepci\u00f3n de la se\u00f1al directa y directa (HSW) exclusivo del Grupo MWF, con estudios en forma de se\u00f1ales y modernos procesos de desarrollo. .<\/li>\n<li>Sistema integrado en el que el dispositivo puede identificar objetivos dirigi\u00e9ndolos y detectarlos con una indicaci\u00f3n de alarma ac\u00fastica hacia el objetivo.<\/li>\n<li>Los sistemas de filtrado de se\u00f1ales incorporados est\u00e1n en el aire para evitar cualquier interferencia de las frecuencias de las ondas de radio de alto rango, que afecta a muchos otros dispositivos.<\/li>\n<li>El Auto-Tuning System (ATS) funciona con todo tipo de terrenos y suelos rocosos, monta\u00f1osos, arenosos y arcillosos.<\/li>\n<\/ul>\n<\/div>\n<div class=\"row\">\n<div class=\"col-md-6 col-ms-12\">\n<div class=\"tab-image\"><img decoding=\"async\" src=\"https:\/\/old.mwf-metaldetectors.com\/wp-content\/uploads\/products\/GF500\/en\/3.jpg\" alt=\"\" \/><\/div>\n<\/div>\n<div class=\"col-md-6 col-ms-12\">\n<div class=\"tab-image\"><img decoding=\"async\" src=\"https:\/\/old.mwf-metaldetectors.com\/wp-content\/uploads\/products\/GF500\/en\/4.jpg\" alt=\"\" \/><\/div>\n<\/div>\n<\/div>\n<\/div>\n\t\t\t\t\t\t\t\t\t\t\t<\/div>\n\t\t\t\t<\/div>\n\t\t\t\t\t\t\t\n\t\t\t\t\n\t\t\t\t<div class=\"wd-accordion-item\">\n\t\t\t\t\t<div class=\"wd-accordion-title font-primary wd-fontsize-s text-left wd-opener-pos-left wd-font-weight-600\" data-accordion-index=\"2\">\n\t\t\t\t\t\t<div class=\"wd-accordion-title-text\">\n\t\t\t\t\t\t\t\t\t\t\t\t\t\t<span>\n\t\t\t\t\t\t\t\tESPECIFICACIONES T\u00c9CNICAS\t\t\t\t\t\t\t<\/span>\n\t\t\t\t\t\t<\/div>\n\t\t\t\t\t\t<span class=\"wd-accordion-opener wd-opener-style-arrow\"><\/span>\n\t\t\t\t\t<\/div>\n\n\t\t\t\t\t<div class=\"wd-accordion-content reset-last-child\" data-accordion-index=\"2\">\n\t\t\t\t\t\t\t\t\t\t\t\t\t\n<div class=\"container\">\n<table>\n<tbody>\n<tr>\n<td><strong>Sistema de b\u00fasqueda:<\/strong><\/td>\n<td><strong>Sistema de detecci\u00f3n de larga distancia (LDS)<\/strong><\/td>\n<\/tr>\n<tr>\n<td><strong>Principio de b\u00fasqueda:<\/strong><\/td>\n<td><strong>Procesamiento de se\u00f1al de frecuencia digital (DFSP) \/ Recepci\u00f3n de campos electrost\u00e1ticos de objetivos<\/strong><\/td>\n<\/tr>\n<tr>\n<td><strong>Procesador operativo:<\/strong><\/td>\n<td><strong>MICROCONTROLADOR PIC18<\/strong><\/td>\n<\/tr>\n<tr>\n<td><strong>Frecuencia de trabajo:<\/strong><\/td>\n<td><strong>1 kHz\u2019den 9 kHz\u2019e<\/strong><\/td>\n<\/tr>\n<tr>\n<td><strong>Fuerza:<\/strong><\/td>\n<td><strong>4 pilas AAA reemplazables, equivalente a 1,5 voltios \/ 6 voltios<\/strong><\/td>\n<\/tr>\n<tr>\n<td><strong>El consumo de energ\u00eda:<\/strong><\/td>\n<td><strong>Consumo m\u00e1ximo 25mAh<\/strong><\/td>\n<\/tr>\n<tr>\n<td><strong>Duraci\u00f3n de la bater\u00eda:<\/strong><\/td>\n<td><strong>32 horas de trabajo<\/strong><\/td>\n<\/tr>\n<tr>\n<td><strong>Tipo de visualizaci\u00f3n:<\/strong><\/td>\n<td><strong>interfaz LED<\/strong><\/td>\n<\/tr>\n<tr>\n<td><strong>Experto en detectar:<\/strong><\/td>\n<td><strong>Diamantes, esmeraldas, meteoritos, todas las gemas.<\/strong><\/td>\n<\/tr>\n<tr>\n<td><strong>Discriminaci\u00f3n de objetivos:<\/strong><\/td>\n<td><strong>S\u00ed<\/strong><\/td>\n<\/tr>\n<tr>\n<td><strong>Sistema de selecci\u00f3n de objetivos:<\/strong><\/td>\n<td><strong>S\u00ed, puede seleccionar el tipo de objetivo antes de que comience la b\u00fasqueda<\/strong><\/td>\n<\/tr>\n<tr>\n<td><strong>B\u00fasqueda de profundidad:<\/strong><\/td>\n<td><strong>10m, con sistema de control de nivel de profundidad<\/strong><\/td>\n<\/tr>\n<tr>\n<td><strong>B\u00fasqueda a distancia:<\/strong><\/td>\n<td><strong>200 m, con sistema de control de nivel de distancia<\/strong><\/td>\n<\/tr>\n<tr>\n<td><strong>Comentarios de resultados:<\/strong><\/td>\n<td><strong>Guiando hacia la zona objetivo acompa\u00f1ado de Avisos Ac\u00fasticos<\/strong><\/td>\n<\/tr>\n<tr>\n<td><strong>Sistema de guiado inteligente autom\u00e1tico:<\/strong><\/td>\n<td><strong>S\u00ed, a trav\u00e9s de la interfaz Smart LDE para encontrar la ruta de destino.<\/strong><\/td>\n<\/tr>\n<tr>\n<td><strong>Indicaciones de voz:<\/strong><\/td>\n<td><strong>S\u00ed<\/strong><\/td>\n<\/tr>\n<tr>\n<td><strong>Alerta con vibraci\u00f3n:<\/strong><\/td>\n<td><strong>S\u00ed<\/strong><\/td>\n<\/tr>\n<tr>\n<td><strong>Temperatura de funcionamiento:<\/strong><\/td>\n<td><strong>15\u00b0C a 60\u00b0C<\/strong><\/td>\n<\/tr>\n<tr>\n<td><strong>Temperatura de almacenamiento:<\/strong><\/td>\n<td><strong>-15\u00b0C a 40\u00b0C<\/strong><\/td>\n<\/tr>\n<tr>\n<td><strong>No:<\/strong><\/td>\n<td><strong>Se puede almacenar y operar a un nivel de humedad del 90%.<\/strong><\/td>\n<\/tr>\n<tr>\n<td><strong>Peso:<\/strong><\/td>\n<td><strong>Compuesto: 700 g \u2013 embolsado: 1 kg<\/strong><\/td>\n<\/tr>\n<tr>\n<td><strong>Dimensiones:<\/strong><\/td>\n<td><strong>16X9.5X2.5cm<\/strong><\/td>\n<\/tr>\n<tr>\n<td><strong>Dimensiones de la bolsa:<\/strong><\/td>\n<td><strong>34X28X08 cm<\/strong><\/td>\n<\/tr>\n<\/tbody>\n<\/table>\n<\/div>\n\t\t\t\t\t\t\t\t\t\t\t<\/div>\n\t\t\t\t<\/div>\n\t\t\t\t\t\t\t\n\t\t\t\t\n\t\t\t\t<div class=\"wd-accordion-item\">\n\t\t\t\t\t<div class=\"wd-accordion-title font-primary wd-fontsize-s text-left wd-opener-pos-left wd-font-weight-600\" data-accordion-index=\"3\">\n\t\t\t\t\t\t<div class=\"wd-accordion-title-text\">\n\t\t\t\t\t\t\t\t\t\t\t\t\t\t<span>\n\t\t\t\t\t\t\t\tACCESORIOS\t\t\t\t\t\t\t<\/span>\n\t\t\t\t\t\t<\/div>\n\t\t\t\t\t\t<span class=\"wd-accordion-opener wd-opener-style-arrow\"><\/span>\n\t\t\t\t\t<\/div>\n\n\t\t\t\t\t<div class=\"wd-accordion-content reset-last-child\" data-accordion-index=\"3\">\n\t\t\t\t\t\t\t\t\t\t\t\t\t\n<div class=\"container\">\n<p><!-- #1row --><\/p>\n<div class=\"row\">\n<div class=\"col-sm \">\n<ul>\n<li>unidad de control principal.<\/li>\n<li>Antena transmisora \u200b\u200by receptora.<\/li>\n<li>Retenci\u00f3n (desmontable y montaje).<\/li>\n<li>Bolsa de dispositivo.<\/li>\n<li>Certificado de garant\u00eda<\/li>\n<li>Gu\u00eda de usuario.<\/li>\n<li>DVD tutorial.<\/li>\n<\/ul>\n<div class=\"row\">\n<div class=\"col-sm \">\n<p><img decoding=\"async\" loading=\"lazy\" class=\"tab-image mt-5\" src=\"https:\/\/old.mwf-metaldetectors.com\/wp-content\/uploads\/products\/GF500\/en\/main-unit-en.jpg\" width=\"497\" height=\"696\" \/><\/p>\n<div class=\"accessories-title text-center \">\n<div class=\"col-sm \">\n<div class=\"accessories-title text-center \">\n<h5>Unidad principal<\/h5>\n<\/div>\n<\/div>\n<\/div>\n<\/div>\n<div class=\"col-sm \">\n<p><img decoding=\"async\" loading=\"lazy\" class=\"tab-image mt-5\" src=\"https:\/\/old.mwf-metaldetectors.com\/wp-content\/uploads\/products\/GF500\/en\/6.jpg\" width=\"497\" height=\"696\" \/><\/p>\n<div class=\"accessories-title text-center \">\n<div class=\"col-sm \">\n<div class=\"accessories-title text-center \">\n<h5>Antenas transmisoras y receptoras.<\/h5>\n<\/div>\n<\/div>\n<\/div>\n<\/div>\n<div class=\"col-sm \">\n<p><img decoding=\"async\" loading=\"lazy\" class=\"tab-image mt-5\" src=\"https:\/\/old.mwf-metaldetectors.com\/wp-content\/uploads\/products\/GF500\/en\/6.jpg\" width=\"497\" height=\"696\" \/><\/p>\n<div class=\"accessories-title text-center \">\n<div class=\"wd-tab-wrapper\">\n<div id=\"tab-accesorios\" class=\"woocommerce-Tabs-panel woocommerce-Tabs-panel--accesorios panel entry-content wc-tab\">\n<div class=\"wc-tab-inner \">\n<div class=\"\">\n<div class=\"container\">\n<div class=\"row\">\n<div class=\"col-sm \">\n<div class=\"accessories-title text-center \">\n<h5>Sujeci\u00f3n<\/h5>\n<\/div>\n<\/div>\n<\/div>\n<\/div>\n<\/div>\n<\/div>\n<\/div>\n<\/div>\n<\/div>\n<\/div>\n<\/div>\n<\/div>\n<\/div>\n<\/div>\n\t\t\t\t\t\t\t\t\t\t\t<\/div>\n\t\t\t\t<\/div>\n\t\t\t\t\t\t\t\n\t\t\t\t\n\t\t\t\t<div class=\"wd-accordion-item\">\n\t\t\t\t\t<div class=\"wd-accordion-title font-primary wd-fontsize-s text-left wd-opener-pos-left wd-font-weight-600\" data-accordion-index=\"4\">\n\t\t\t\t\t\t<div class=\"wd-accordion-title-text\">\n\t\t\t\t\t\t\t\t\t\t\t\t\t\t<span>\n\t\t\t\t\t\t\t\tMANUAL DE USUARIO\t\t\t\t\t\t\t<\/span>\n\t\t\t\t\t\t<\/div>\n\t\t\t\t\t\t<span class=\"wd-accordion-opener wd-opener-style-arrow\"><\/span>\n\t\t\t\t\t<\/div>\n\n\t\t\t\t\t<div class=\"wd-accordion-content reset-last-child\" data-accordion-index=\"4\">\n\t\t\t\t\t\t\t\t\t\t\t\t\t\n<div class=\"container\">\n<div class=\"col-md-12 col-ms-12 user-text\" style=\"text-align: center;\">\n<div class=\"col-md-12 col-ms-12 user-text\" style=\"text-align: left;\">\n<div class=\"col-md-12 col-ms-12 user-text\">\n<div class=\"col-md-12 col-ms-12 user-text\">\n<p>Haga clic\u00a0<span style=\"color: #0000ff;\"><a style=\"color: #0000ff;\" href=\"https:\/\/mwf-metaldetectors.com\/user-manual\/es\/GF-500%20SP%20READ.pdf\" target=\"_blank\" rel=\"noopener\">aqu\u00ed<\/a>\u00a0<\/span>para leer o descargar el\u00a0 libro<\/p>\n<div class=\"col-md-12 col-ms-12 text-center user-img\">\n<div class=\"my-3\"><a href=\"https:\/\/mwf-metaldetectors.com\/user-manual\/en\/gf-500.pdf\" target=\"_blank\" rel=\"noopener\"><br \/>\n<img decoding=\"async\" class=\"aligncenter\" src=\"https:\/\/mwf-metaldetectors.com\/user-manual\/en\/gf-500.jpg\" alt=\"\" \/><\/a><\/div>\n<\/div>\n<\/div>\n<\/div>\n<\/div>\n<\/div>\n<\/div>\n\t\t\t\t\t\t\t\t\t\t\t<\/div>\n\t\t\t\t<\/div>\n\t\t\t\t\t\t\t\t\t\t\t\t\t\t<\/div>\n\n\t\t[\/vc_column][\/vc_row]<\/p>\n<\/section>","protected":false},"excerpt":{"rendered":"<p>[vc_row woodmart_css_id=\u00bb6380db64924c3&#8243; responsive_spacing=\u00bbeyJwYXJhbV90eXBlIjoid29vZG1hcnRfcmVzcG9uc2l2ZV9zcGFjaW5nIiwic2VsZWN0b3JfaWQiOiI2MzgwZGI2NDkyNGMzIiwic2hvcnRjb2RlIjoidmNfcm93IiwiZGF0YSI6eyJ0YWJsZXQiOnt9LCJtb2JpbGUiOnt9fX0=\u00bb mobile_bg_img_hidden=\u00bbno\u00bb tablet_bg_img_hidden=\u00bbno\u00bb woodmart_parallax=\u00bb0&#8243; woodmart_gradient_switch=\u00bbno\u00bb woodmart_box_shadow=\u00bbno\u00bb wd_z_index=\u00bbno\u00bb woodmart_disable_overflow=\u00bb0&#8243; row_reverse_mobile=\u00bb0&#8243; row_reverse_tablet=\u00bb0&#8243;][vc_column][\/vc_column][\/vc_row]<\/p>\n","protected":false},"featured_media":9094,"comment_status":"closed","ping_status":"closed","template":"","meta":[],"product_cat":[146,185,191],"product_tag":[],"yoast_head":"<!-- This site is optimized with the Yoast SEO plugin v20.6 - https:\/\/yoast.com\/wordpress\/plugins\/seo\/ -->\n<title>GF-500 - MWF - Brazil<\/title>\n<meta name=\"robots\" content=\"noindex, follow, max-snippet:-1, max-image-preview:large, max-video-preview:-1\" \/>\n<meta property=\"og:locale\" content=\"es_ES\" \/>\n<meta property=\"og:type\" content=\"article\" \/>\n<meta property=\"og:title\" content=\"GF-500 - MWF - Brazil\" \/>\n<meta property=\"og:description\" content=\"[vc_row woodmart_css_id=\u00bb6380db64924c3&#8243; responsive_spacing=\u00bbeyJwYXJhbV90eXBlIjoid29vZG1hcnRfcmVzcG9uc2l2ZV9zcGFjaW5nIiwic2VsZWN0b3JfaWQiOiI2MzgwZGI2NDkyNGMzIiwic2hvcnRjb2RlIjoidmNfcm93IiwiZGF0YSI6eyJ0YWJsZXQiOnt9LCJtb2JpbGUiOnt9fX0=\u00bb mobile_bg_img_hidden=\u00bbno\u00bb tablet_bg_img_hidden=\u00bbno\u00bb woodmart_parallax=\u00bb0&#8243; woodmart_gradient_switch=\u00bbno\u00bb woodmart_box_shadow=\u00bbno\u00bb wd_z_index=\u00bbno\u00bb woodmart_disable_overflow=\u00bb0&#8243; row_reverse_mobile=\u00bb0&#8243; row_reverse_tablet=\u00bb0&#8243;][vc_column][\/vc_column][\/vc_row]\" \/>\n<meta property=\"og:url\" content=\"https:\/\/mwf-brazil.com\/es\/producto\/gf-500\/\" \/>\n<meta property=\"og:site_name\" content=\"MWF - Brazil\" \/>\n<meta property=\"article:modified_time\" content=\"2022-12-13T13:04:56+00:00\" \/>\n<meta property=\"og:image\" content=\"https:\/\/mwf-brazil.com\/wp-content\/uploads\/2022\/11\/gf500.jpg\" \/>\n\t<meta property=\"og:image:width\" content=\"1000\" \/>\n\t<meta property=\"og:image:height\" content=\"993\" \/>\n\t<meta property=\"og:image:type\" content=\"image\/jpeg\" \/>\n<meta name=\"twitter:card\" content=\"summary_large_image\" \/>\n<meta name=\"twitter:label1\" content=\"Tiempo de lectura\" \/>\n\t<meta name=\"twitter:data1\" content=\"5 minutos\" \/>\n<script type=\"application\/ld+json\" class=\"yoast-schema-graph\">{\"@context\":\"https:\/\/schema.org\",\"@graph\":[{\"@type\":\"WebPage\",\"@id\":\"https:\/\/mwf-brazil.com\/es\/producto\/gf-500\/\",\"url\":\"https:\/\/mwf-brazil.com\/es\/producto\/gf-500\/\",\"name\":\"GF-500 - MWF - Brazil\",\"isPartOf\":{\"@id\":\"https:\/\/mwf-brazil.com\/#website\"},\"datePublished\":\"2022-11-16T12:56:08+00:00\",\"dateModified\":\"2022-12-13T13:04:56+00:00\",\"breadcrumb\":{\"@id\":\"https:\/\/mwf-brazil.com\/es\/producto\/gf-500\/#breadcrumb\"},\"inLanguage\":\"es\",\"potentialAction\":[{\"@type\":\"ReadAction\",\"target\":[\"https:\/\/mwf-brazil.com\/es\/producto\/gf-500\/\"]}]},{\"@type\":\"BreadcrumbList\",\"@id\":\"https:\/\/mwf-brazil.com\/es\/producto\/gf-500\/#breadcrumb\",\"itemListElement\":[{\"@type\":\"ListItem\",\"position\":1,\"name\":\"Home\",\"item\":\"https:\/\/mwf-brazil.com\/es\/\"},{\"@type\":\"ListItem\",\"position\":2,\"name\":\"Comercio\",\"item\":\"https:\/\/mwf-brazil.com\/es\/shop\/\"},{\"@type\":\"ListItem\",\"position\":3,\"name\":\"GF-500\"}]},{\"@type\":\"WebSite\",\"@id\":\"https:\/\/mwf-brazil.com\/#website\",\"url\":\"https:\/\/mwf-brazil.com\/\",\"name\":\"MWF - Brazil\",\"description\":\"MWF Group Of Factories and Companies, specialized in the Manufacturing and Trading of Metal detectors, Treasures, Gold, and groundwater, MWF is an American and Turkish company, headquartered in the United States in Illinois, and in Turkey in Istanbul, Founded in 2008.\",\"publisher\":{\"@id\":\"https:\/\/mwf-brazil.com\/#organization\"},\"potentialAction\":[{\"@type\":\"SearchAction\",\"target\":{\"@type\":\"EntryPoint\",\"urlTemplate\":\"https:\/\/mwf-brazil.com\/?s={search_term_string}\"},\"query-input\":\"required name=search_term_string\"}],\"inLanguage\":\"es\"},{\"@type\":\"Organization\",\"@id\":\"https:\/\/mwf-brazil.com\/#organization\",\"name\":\"MWF - Brazil\",\"url\":\"https:\/\/mwf-brazil.com\/\",\"logo\":{\"@type\":\"ImageObject\",\"inLanguage\":\"es\",\"@id\":\"https:\/\/mwf-brazil.com\/#\/schema\/logo\/image\/\",\"url\":\"https:\/\/mwf-brazil.com\/wp-content\/uploads\/2023\/02\/br-black.png\",\"contentUrl\":\"https:\/\/mwf-brazil.com\/wp-content\/uploads\/2023\/02\/br-black.png\",\"width\":1324,\"height\":783,\"caption\":\"MWF - Brazil\"},\"image\":{\"@id\":\"https:\/\/mwf-brazil.com\/#\/schema\/logo\/image\/\"}}]}<\/script>\n<!-- \/ Yoast SEO plugin. -->","yoast_head_json":{"title":"GF-500 - MWF - Brazil","robots":{"index":"noindex","follow":"follow","max-snippet":"max-snippet:-1","max-image-preview":"max-image-preview:large","max-video-preview":"max-video-preview:-1"},"og_locale":"es_ES","og_type":"article","og_title":"GF-500 - MWF - Brazil","og_description":"[vc_row woodmart_css_id=\u00bb6380db64924c3&#8243; responsive_spacing=\u00bbeyJwYXJhbV90eXBlIjoid29vZG1hcnRfcmVzcG9uc2l2ZV9zcGFjaW5nIiwic2VsZWN0b3JfaWQiOiI2MzgwZGI2NDkyNGMzIiwic2hvcnRjb2RlIjoidmNfcm93IiwiZGF0YSI6eyJ0YWJsZXQiOnt9LCJtb2JpbGUiOnt9fX0=\u00bb mobile_bg_img_hidden=\u00bbno\u00bb tablet_bg_img_hidden=\u00bbno\u00bb woodmart_parallax=\u00bb0&#8243; woodmart_gradient_switch=\u00bbno\u00bb woodmart_box_shadow=\u00bbno\u00bb wd_z_index=\u00bbno\u00bb woodmart_disable_overflow=\u00bb0&#8243; row_reverse_mobile=\u00bb0&#8243; row_reverse_tablet=\u00bb0&#8243;][vc_column][\/vc_column][\/vc_row]","og_url":"https:\/\/mwf-brazil.com\/es\/producto\/gf-500\/","og_site_name":"MWF - Brazil","article_modified_time":"2022-12-13T13:04:56+00:00","og_image":[{"width":1000,"height":993,"url":"https:\/\/mwf-brazil.com\/wp-content\/uploads\/2022\/11\/gf500.jpg","type":"image\/jpeg"}],"twitter_card":"summary_large_image","twitter_misc":{"Tiempo de lectura":"5 minutos"},"schema":{"@context":"https:\/\/schema.org","@graph":[{"@type":"WebPage","@id":"https:\/\/mwf-brazil.com\/es\/producto\/gf-500\/","url":"https:\/\/mwf-brazil.com\/es\/producto\/gf-500\/","name":"GF-500 - MWF - Brazil","isPartOf":{"@id":"https:\/\/mwf-brazil.com\/#website"},"datePublished":"2022-11-16T12:56:08+00:00","dateModified":"2022-12-13T13:04:56+00:00","breadcrumb":{"@id":"https:\/\/mwf-brazil.com\/es\/producto\/gf-500\/#breadcrumb"},"inLanguage":"es","potentialAction":[{"@type":"ReadAction","target":["https:\/\/mwf-brazil.com\/es\/producto\/gf-500\/"]}]},{"@type":"BreadcrumbList","@id":"https:\/\/mwf-brazil.com\/es\/producto\/gf-500\/#breadcrumb","itemListElement":[{"@type":"ListItem","position":1,"name":"Home","item":"https:\/\/mwf-brazil.com\/es\/"},{"@type":"ListItem","position":2,"name":"Comercio","item":"https:\/\/mwf-brazil.com\/es\/shop\/"},{"@type":"ListItem","position":3,"name":"GF-500"}]},{"@type":"WebSite","@id":"https:\/\/mwf-brazil.com\/#website","url":"https:\/\/mwf-brazil.com\/","name":"MWF - Brazil","description":"MWF Group Of Factories and Companies, specialized in the Manufacturing and Trading of Metal detectors, Treasures, Gold, and groundwater, MWF is an American and Turkish company, headquartered in the United States in Illinois, and in Turkey in Istanbul, Founded in 2008.","publisher":{"@id":"https:\/\/mwf-brazil.com\/#organization"},"potentialAction":[{"@type":"SearchAction","target":{"@type":"EntryPoint","urlTemplate":"https:\/\/mwf-brazil.com\/?s={search_term_string}"},"query-input":"required name=search_term_string"}],"inLanguage":"es"},{"@type":"Organization","@id":"https:\/\/mwf-brazil.com\/#organization","name":"MWF - Brazil","url":"https:\/\/mwf-brazil.com\/","logo":{"@type":"ImageObject","inLanguage":"es","@id":"https:\/\/mwf-brazil.com\/#\/schema\/logo\/image\/","url":"https:\/\/mwf-brazil.com\/wp-content\/uploads\/2023\/02\/br-black.png","contentUrl":"https:\/\/mwf-brazil.com\/wp-content\/uploads\/2023\/02\/br-black.png","width":1324,"height":783,"caption":"MWF - Brazil"},"image":{"@id":"https:\/\/mwf-brazil.com\/#\/schema\/logo\/image\/"}}]}},"_links":{"self":[{"href":"https:\/\/mwf-brazil.com\/es\/wp-json\/wp\/v3\/product\/10262"}],"collection":[{"href":"https:\/\/mwf-brazil.com\/es\/wp-json\/wp\/v3\/product"}],"about":[{"href":"https:\/\/mwf-brazil.com\/es\/wp-json\/wp\/v2\/types\/product"}],"replies":[{"embeddable":true,"href":"https:\/\/mwf-brazil.com\/es\/wp-json\/wp\/v2\/comments?post=10262"}],"wp:featuredmedia":[{"embeddable":true,"href":"https:\/\/mwf-brazil.com\/es\/wp-json\/wp\/v2\/media\/9094"}],"wp:attachment":[{"href":"https:\/\/mwf-brazil.com\/es\/wp-json\/wp\/v2\/media?parent=10262"}],"wp:term":[{"taxonomy":"product_cat","embeddable":true,"href":"https:\/\/mwf-brazil.com\/es\/wp-json\/wp\/v2\/product_cat?post=10262"},{"taxonomy":"product_tag","embeddable":true,"href":"https:\/\/mwf-brazil.com\/es\/wp-json\/wp\/v2\/product_tag?post=10262"}],"curies":[{"name":"wp","href":"https:\/\/api.w.org\/{rel}","templated":true}]}}