{"id":10215,"date":"2022-11-16T12:56:08","date_gmt":"2022-11-16T12:56:08","guid":{"rendered":"https:\/\/mwf-brazil.com\/product\/vigor\/"},"modified":"2022-12-13T12:50:41","modified_gmt":"2022-12-13T12:50:41","slug":"vigor","status":"publish","type":"product","link":"https:\/\/mwf-brazil.com\/es\/producto\/vigor\/","title":{"rendered":"VIGOR"},"content":{"rendered":"<section class=\"wpb-content-wrapper\"><p>[vc_row woodmart_css_id=\u00bb6380db64924c3&#8243; responsive_spacing=\u00bbeyJwYXJhbV90eXBlIjoid29vZG1hcnRfcmVzcG9uc2l2ZV9zcGFjaW5nIiwic2VsZWN0b3JfaWQiOiI2MzgwZGI2NDkyNGMzIiwic2hvcnRjb2RlIjoidmNfcm93IiwiZGF0YSI6eyJ0YWJsZXQiOnt9LCJtb2JpbGUiOnt9fX0=\u00bb mobile_bg_img_hidden=\u00bbno\u00bb tablet_bg_img_hidden=\u00bbno\u00bb woodmart_parallax=\u00bb0&#8243; woodmart_gradient_switch=\u00bbno\u00bb woodmart_box_shadow=\u00bbno\u00bb wd_z_index=\u00bbno\u00bb woodmart_disable_overflow=\u00bb0&#8243; row_reverse_mobile=\u00bb0&#8243; row_reverse_tablet=\u00bb0&#8243;][vc_column]\n\t\t<div id=\"wd-637e341d284e0\" class=\"wd-accordion wd-wpb wd-rs-637e341d284e0  wd-style-default\" data-state=\"first\">\n\t\t\t\t\t\t\t\n\t\t\t\t\n\t\t\t\t<div class=\"wd-accordion-item\">\n\t\t\t\t\t<div class=\"wd-accordion-title wd-active font-primary wd-fontsize-s text-left wd-opener-pos-left wd-font-weight-600\" data-accordion-index=\"0\">\n\t\t\t\t\t\t<div class=\"wd-accordion-title-text\">\n\t\t\t\t\t\t\t\t\t\t\t\t\t\t<span>\n\t\t\t\t\t\t\t\tDESCRIPCI\u00d3N\t\t\t\t\t\t\t<\/span>\n\t\t\t\t\t\t<\/div>\n\t\t\t\t\t\t<span class=\"wd-accordion-opener wd-opener-style-arrow\"><\/span>\n\t\t\t\t\t<\/div>\n\n\t\t\t\t\t<div class=\"wd-accordion-content reset-last-child wd-active\" data-accordion-index=\"0\">\n\t\t\t\t\t\t\t\t\t\t\t\t\t\n<div class=\"container\">\n<h4>La detecci\u00f3n de tesoros m\u00e1s f\u00e1cil, peque\u00f1a y r\u00e1pida<\/h4>\n<h4><strong>VIGOR, el dispositivo nuevo y avanzado para detectar oro, tesoros y vac\u00edos<\/strong><\/h4>\n<blockquote><p>\nel dispositivo Vigor tiene caracter\u00edsticas modernas y caracter\u00edsticas que le permiten monitorear objetivos subterr\u00e1neos de manera precisa y efectiva, alta sensibilidad en la velocidad de detecci\u00f3n de objetivos y verificaci\u00f3n precisa de la ubicaci\u00f3n del objetivo y los indicadores de audio emitidos para determinar la ruta de la ubicaci\u00f3n del objetivo se encuentran entre las caracter\u00edsticas m\u00e1s importantes, adem\u00e1s de Para la br\u00fajula digital en la pantalla del dispositivo, que muestra direcciones y la direcci\u00f3n del objetivo tambi\u00e9n, la profundidad de detecci\u00f3n en este dispositivo alcanza una profundidad de 20 metros y puede detectar objetivos desde una distancia circular de 2000 metros.\n<\/p><\/blockquote>\n<div class=\"row flex-column-reverse flex-lg-row\">\n<div class=\"col-md-6 col-ms-12 \">\n<ul>\n<li>l dispositivo VIGRO es uno de los mejores dispositivos del mundo para detectar y localizar objetivos de forma remota.<\/li>\n<li>Un dispositivo especializado en buscar y detectar oro, tesoros, minerales, vac\u00edos y piedras preciosas.<\/li>\n<li>Gran precisi\u00f3n sin igual en la identificaci\u00f3n y detecci\u00f3n de objetivos y asegur\u00e1ndose de la existencia del objetivo y asegur\u00e1ndose de que sea 100% sin errores.<\/li>\n<li>Gran velocidad en proporcionar resultados al usuario con datos integrados y completos sobre el objetivo y su concentraci\u00f3n.<\/li>\n<li>Sistemas de filtrado de se\u00f1ales, para evitar cualquier interferencia provocada por cualquier frecuencia u ondas de radio en el aire.<\/li>\n<li>Sistema de sintonizaci\u00f3n autom\u00e1tica (ATS)<\/li>\n<li>La pantalla a color TFT de 3,2 pulgadas con alta resoluci\u00f3n y color ofrece al usuario una visi\u00f3n clara de d\u00eda y de noche.<\/li>\n<li>La funci\u00f3n de control de brillo de la pantalla, que le brinda la iluminaci\u00f3n adecuada para el d\u00eda o la noche, y para reducir el nivel de iluminaci\u00f3n para ahorrar energ\u00eda tambi\u00e9n.<\/li>\n<li>5 niveles de sonido le brindan un control conveniente del plomo y los sonidos de las se\u00f1ales de b\u00fasqueda y los resultados, adem\u00e1s del modo del vibrador o modo silencioso y satisfecho con los resultados visuales.<\/li>\n<li>Multiling\u00fce, incluido el idioma \u00e1rabe.<\/li>\n<li>La bater\u00eda y la funci\u00f3n de carga inteligente, ya que le brinda al usuario un seguimiento preciso del nivel de energ\u00eda, notificaciones precisas del nivel de la bater\u00eda y alertas antes de que se agote, con sistemas de carga inteligente que tambi\u00e9n brindan al usuario un seguimiento de la carga de la bater\u00eda si el dispositivo est\u00e1 cerrado o encendido con el conocimiento del nivel de carga agregada, todo en tiempo real.<\/li>\n<\/ul>\n<\/div>\n<div class=\"col-md-6 col-ms-12\">\n<div class=\"teb-img\"><img decoding=\"async\" src=\"\/wp-content\/uploads\/products\/VIGOR\/en\/big-main-image-en.jpg\" alt=\"GOLD\" \/><\/div>\n<\/div>\n<\/div>\n<div class=\"col-md-12 col-ms-12\">\n<ul>\n<li>Precisi\u00f3n y alta calidad en fabricaci\u00f3n y rendimiento, este dispositivo est\u00e1 fabricado con los mejores pl\u00e1sticos, componentes y circuitos electr\u00f3nicos con especificaciones internacionales.<\/li>\n<li>Dise\u00f1o ergon\u00f3mico y forma aerodin\u00e1mica que le brinda el poder de buscar y navegar con un peso ligero y facilidad de uso que juegan un papel importante en resultados r\u00e1pidos y sin complicaciones.<\/li>\n<li>F\u00e1cil de operar y usar, cualquiera puede usar.<\/li>\n<li>El dispositivo est\u00e1 respaldado por un panel de control suave con una interfaz de teclas que permite al usuario controlar el dispositivo y prepararlo para buscar con facilidad, y el panel de control consta de lo siguiente:\n<ul>\n<li>Bot\u00f3n de encendido y apagado<\/li>\n<li>Bot\u00f3n de retroceso<\/li>\n<li>Bot\u00f3n de navegaci\u00f3n<\/li>\n<li>Bot\u00f3n entrar<\/li>\n<\/ul>\n<\/li>\n<\/ul>\n<\/div>\n<\/div>\n\t\t\t\t\t\t\t\t\t\t\t<\/div>\n\t\t\t\t<\/div>\n\t\t\t\t\t\t\t\n\t\t\t\t\n\t\t\t\t<div class=\"wd-accordion-item\">\n\t\t\t\t\t<div class=\"wd-accordion-title font-primary wd-fontsize-s text-left wd-opener-pos-left wd-font-weight-600\" data-accordion-index=\"1\">\n\t\t\t\t\t\t<div class=\"wd-accordion-title-text\">\n\t\t\t\t\t\t\t\t\t\t\t\t\t\t<span>\n\t\t\t\t\t\t\t\tDetection systems\t\t\t\t\t\t\t<\/span>\n\t\t\t\t\t\t<\/div>\n\t\t\t\t\t\t<span class=\"wd-accordion-opener wd-opener-style-arrow\"><\/span>\n\t\t\t\t\t<\/div>\n\n\t\t\t\t\t<div class=\"wd-accordion-content reset-last-child\" data-accordion-index=\"1\">\n\t\t\t\t\t\t\t\t\t\t\t\t\t\n<div class=\"container\">\n<div class=\"col-md-12 col-ms-12\">\n<h5>Sistemas de b\u00fasqueda y exploraci\u00f3n soportados por el dispositivo:<\/h5>\n<h5><b>el sistema de teledetecci\u00f3n y monitorizaci\u00f3n.<\/b><\/h5>\n<ul>\n<li>Se han agregado muchas tecnolog\u00edas nuevas a nuestro sistema de detecci\u00f3n remota con tecnolog\u00eda exclusiva y sin precedentes, este sistema trabaja en tecnolog\u00eda de detecci\u00f3n y b\u00fasqueda remota para localizar objetivos y monitorearlos desde largas distancias, dirigiendo al usuario y llev\u00e1ndolo directamente al sitio objetivo.<\/li>\n<li>Sensor integrado y sistema de detecci\u00f3n, donde el dispositivo puede detectar objetivos dirigi\u00e9ndose hacia los objetivos acompa\u00f1ado de un indicador de alerta ac\u00fastica para determinar la ubicaci\u00f3n y la ruta del objetivo con gran precisi\u00f3n.<\/li>\n<li>El sistema y la interfaz de identificaci\u00f3n inteligente de la ruta y direcci\u00f3n del objetivo a trav\u00e9s de la interfaz gr\u00e1fica especial, ya que este sistema le da al usuario una identificaci\u00f3n autom\u00e1tica y visual de la direcci\u00f3n y ubicaci\u00f3n del objetivo.<\/li>\n<li>Interfaz de control inteligente para establecer los niveles y capacidades de b\u00fasqueda y el tipo de objetivo a buscar.<\/li>\n<li>La lista de objetivos se compone de 10 objetivos diferentes. Puede elegir cualquier objetivo de esta lista para buscar por separado. Los objetivos son: oro \u2013 mineral de oro \u2013 plata \u2013 bronce \u2013 cobre \u2013 aluminio \u2013 hierro \u2013 diamante \u2013 esmeralda \u2013 una cavidad.<\/li>\n<li>Interfaz de configuraci\u00f3n de b\u00fasqueda precisa de varios niveles para precontrolar los niveles de profundidad y distancia de la b\u00fasqueda:<\/li>\n<li>Profundidades de hasta 20 metros con la funci\u00f3n de controlar el nivel de la se\u00f1al y la profundidad de b\u00fasqueda a trav\u00e9s de la lista de profundidades de b\u00fasqueda opcionales, comenzando desde 0 hasta la profundidad especificada: 1 m \u2013 3 m \u2013 5 m \u2013 7 m \u2013 10 m \u2013 15 m \u2013 20 m.<\/li>\n<li>Una distancia de b\u00fasqueda frontal de hasta 2000 metros con la caracter\u00edstica de controlar el nivel de transmisi\u00f3n de ondas para el rango frontal a trav\u00e9s de la lista de distancia de b\u00fasqueda frontal opcional, comenzando desde 0 my hasta la distancia especificada: 100 m \u2013 250 m \u2013 500 m \u2013 750 m \u2013 1000 m \u2013 1500 m \u2013 2000 m.<\/li>\n<\/ul>\n<\/div>\n<div class=\"row\">\n<div class=\"col-md-6 col-ms-12\">\n<div class=\"tab-image\"><img decoding=\"async\" src=\"\/wp-content\/uploads\/products\/VIGOR\/en\/3.jpg\" alt=\"\" \/><\/div>\n<\/div>\n<div class=\"col-md-6 col-ms-12\">\n<div class=\"tab-image\"><img decoding=\"async\" src=\"\/wp-content\/uploads\/products\/VIGOR\/en\/4.jpg\" alt=\"\" \/><\/div>\n<\/div>\n<\/div>\n<\/div>\n\t\t\t\t\t\t\t\t\t\t\t<\/div>\n\t\t\t\t<\/div>\n\t\t\t\t\t\t\t\n\t\t\t\t\n\t\t\t\t<div class=\"wd-accordion-item\">\n\t\t\t\t\t<div class=\"wd-accordion-title font-primary wd-fontsize-s text-left wd-opener-pos-left wd-font-weight-600\" data-accordion-index=\"2\">\n\t\t\t\t\t\t<div class=\"wd-accordion-title-text\">\n\t\t\t\t\t\t\t\t\t\t\t\t\t\t<span>\n\t\t\t\t\t\t\t\tESPECIFICACIONES T\u00c9CNICAS\t\t\t\t\t\t\t<\/span>\n\t\t\t\t\t\t<\/div>\n\t\t\t\t\t\t<span class=\"wd-accordion-opener wd-opener-style-arrow\"><\/span>\n\t\t\t\t\t<\/div>\n\n\t\t\t\t\t<div class=\"wd-accordion-content reset-last-child\" data-accordion-index=\"2\">\n\t\t\t\t\t\t\t\t\t\t\t\t\t\n<div class=\"container\">\n<table>\n<tbody>\n<tr>\n<td><strong>Sistema de b\u00fasqueda<\/strong><strong>:<\/strong><\/td>\n<td>Sistema avanzado de detecci\u00f3n remota<\/td>\n<\/tr>\n<tr>\n<td><strong>Principio de investigaci\u00f3n:<\/strong><\/td>\n<td>Procesamiento de energ\u00eda digital (DFSP) para recibir la energ\u00eda el\u00e9ctrica de los objetivos<\/td>\n<\/tr>\n<tr>\n<td><strong>Procesador de operaci\u00f3n:<\/strong><\/td>\n<td>MICROCONTLLER PIC18 &amp; ARM 7<\/td>\n<\/tr>\n<tr>\n<td><strong>Frecuencia operativa de detecci\u00f3n:<\/strong><\/td>\n<td>De 1 kHz a 30 kHz<\/td>\n<\/tr>\n<tr>\n<td><strong>energ\u00eda:<\/strong><\/td>\n<td>3.7V Li-ion 800 mAh<\/td>\n<\/tr>\n<tr>\n<td><strong>Consumo de energ\u00eda:<\/strong><\/td>\n<td>El consumo m\u00e1ximo es 200 mA<\/td>\n<\/tr>\n<tr>\n<td><strong>Horas de la bater\u00eda:<\/strong><\/td>\n<td>5 horas de trabajo<\/td>\n<\/tr>\n<tr>\n<td><strong>Cargador:<\/strong><\/td>\n<td>9 voltios 2 amperios \/ tiempo de carga 2 horas<\/td>\n<\/tr>\n<tr>\n<td><strong>Tipo de visualizaci\u00f3n:<\/strong><\/td>\n<td>Pantalla a color TFT de 3,2 pulgadas, 65,536 colores, velocidad de procesamiento de GPU CDMA de 48 MHz<\/td>\n<\/tr>\n<tr>\n<td><strong>El especialista detecta:<\/strong><\/td>\n<td>Oro \u2013 mineral de oro \u2013 plata \u2013 bronce \u2013 cobre \u2013 aluminio \u2013 hierro \u2013 diamante \u2013 esmeralda \u2013 cavidad.<\/td>\n<\/tr>\n<tr>\n<td><strong>Distinguir entre objetivos:<\/strong><\/td>\n<td>Si<\/td>\n<\/tr>\n<tr>\n<td><strong>Sistema de selecci\u00f3n de objetivos:<\/strong><\/td>\n<td>S\u00ed, tambi\u00e9n es posible elegir el tipo de objetivo en la interfaz de objetivos antes de iniciar la b\u00fasqueda.<\/td>\n<\/tr>\n<tr>\n<td><strong>Profundidad de b\u00fasqueda:<\/strong><\/td>\n<td>20 m<\/td>\n<\/tr>\n<tr>\n<td><strong>Distancia de b\u00fasqueda:<\/strong><\/td>\n<td>2000 m<\/td>\n<\/tr>\n<tr>\n<td><strong>Resultados de la investigacion:<\/strong><\/td>\n<td>A trav\u00e9s de se\u00f1ales y datos de directivas al lugar de enterramiento, acompa\u00f1ados de alarmas sonoras, gr\u00e1ficas y vibratorias<\/td>\n<\/tr>\n<tr>\n<td><strong>Sistema de guiado autom\u00e1tico e inteligente:<\/strong><\/td>\n<td>S\u00ed, a trav\u00e9s de la interfaz gr\u00e1fica que indica las ubicaciones y la direcci\u00f3n del objetivo adem\u00e1s de los comandos de voz<\/td>\n<\/tr>\n<tr>\n<td><strong>Alertas de voz:<\/strong><\/td>\n<td>Si<\/td>\n<\/tr>\n<tr>\n<td><strong>Alerta con vibraci\u00f3n:<\/strong><\/td>\n<td>Si<\/td>\n<\/tr>\n<tr>\n<td><strong>Temperatura de funcionamiento:<\/strong><\/td>\n<td>De -15 \u00b0 C a 60 \u00b0 C<\/td>\n<\/tr>\n<tr>\n<td><strong>Temperatura de almacenamiento:<\/strong><\/td>\n<td>De -15 \u00b0 C a 40 \u00b0 C<\/td>\n<\/tr>\n<tr>\n<td><strong>Humedad:<\/strong><\/td>\n<td>Se puede almacenar y trabajar con un nivel de humedad del 90%<\/td>\n<\/tr>\n<tr>\n<td><strong>el peso:<\/strong><\/td>\n<td>Compuesto: 550 g \u2013 desmontado con la bolsa: 750 g<\/td>\n<\/tr>\n<tr>\n<td><strong>Dimensiones:<\/strong><\/td>\n<td>Unidad principal de 21 x 10,7 x 3,8 cm<\/td>\n<\/tr>\n<tr>\n<td><strong>Dimensiones de la bolsa:<\/strong><\/td>\n<td>27x24x08 cent\u00edmetros<\/td>\n<\/tr>\n<\/tbody>\n<\/table>\n<\/div>\n\t\t\t\t\t\t\t\t\t\t\t<\/div>\n\t\t\t\t<\/div>\n\t\t\t\t\t\t\t\n\t\t\t\t\n\t\t\t\t<div class=\"wd-accordion-item\">\n\t\t\t\t\t<div class=\"wd-accordion-title font-primary wd-fontsize-s text-left wd-opener-pos-left wd-font-weight-600\" data-accordion-index=\"3\">\n\t\t\t\t\t\t<div class=\"wd-accordion-title-text\">\n\t\t\t\t\t\t\t\t\t\t\t\t\t\t<span>\n\t\t\t\t\t\t\t\tACCESORIOS\t\t\t\t\t\t\t<\/span>\n\t\t\t\t\t\t<\/div>\n\t\t\t\t\t\t<span class=\"wd-accordion-opener wd-opener-style-arrow\"><\/span>\n\t\t\t\t\t<\/div>\n\n\t\t\t\t\t<div class=\"wd-accordion-content reset-last-child\" data-accordion-index=\"3\">\n\t\t\t\t\t\t\t\t\t\t\t\t\t\n<div class=\"container\">\n<p><strong>Parts &amp; Accessories:<\/strong><\/p>\n<ul>\n<li>La unidad principal del dispositivo (unidad de b\u00fasqueda y control).<\/li>\n<li>Antenas transmisoras y receptoras<\/li>\n<li>Asa de transporte.<\/li>\n<li>Bolsa de pl\u00e1stico para dispositivos (a prueba de golpes).<\/li>\n<li>Cargador electrico.<\/li>\n<li>Tarjeta de garant\u00eda 3 a\u00f1os.<\/li>\n<li>gu\u00eda de usuario.<\/li>\n<li>DVD educativo.<\/li>\n<\/ul>\n<div class=\"row\">\n<div class=\"col-sm \">\n<p><img decoding=\"async\" loading=\"lazy\" class=\"tab-image mt-5\" src=\"\/wp-content\/uploads\/products\/VIGOR\/en\/main-unit-en.jpg\" width=\"497\" height=\"696\" \/><\/p>\n<div class=\"accessories-title text-center \">\n<div class=\"col-sm \">\n<div class=\"accessories-title text-center \">\n<h5>Unidad principal<\/h5>\n<\/div>\n<\/div>\n<\/div>\n<\/div>\n<div class=\"col-sm \">\n<p><img decoding=\"async\" loading=\"lazy\" class=\"tab-image mt-5\" src=\"\/wp-content\/uploads\/products\/VIGOR\/en\/7.jpg\" width=\"497\" height=\"696\" \/><\/p>\n<div class=\"accessories-title text-center \">\n<h5>Apret\u00f3n<\/h5>\n<\/div>\n<\/div>\n<div class=\"col-sm \">\n<p><img decoding=\"async\" loading=\"lazy\" class=\"tab-image mt-5\" src=\"\/wp-content\/uploads\/products\/VIGOR\/en\/5.jpg\" width=\"497\" height=\"696\" \/><\/p>\n<div class=\"accessories-title text-center \">\n<div class=\"row\">\n<div class=\"col-sm \">\n<div class=\"accessories-title text-center \">\n<h5>Antenas transceptoras<\/h5>\n<\/div>\n<\/div>\n<\/div>\n<\/div>\n<\/div>\n<\/div>\n<div class=\"row \">\n<div class=\"col-sm\">\n<p><img decoding=\"async\" loading=\"lazy\" class=\"tab-image mt-5\" src=\"\/wp-content\/uploads\/products\/VIGOR\/en\/7.jpg\" width=\"497\" height=\"696\" \/><\/p>\n<div class=\"accessories-title text-center \">\n<h5>Transceiver antenna<\/h5>\n<\/div>\n<\/div>\n<div class=\"col-sm\">\n<p><img decoding=\"async\" loading=\"lazy\" class=\"tab-image mt-5\" src=\"https:\/\/mwf-brazil.com\/wp-content\/uploads\/2022\/11\/box-3.jpg\" width=\"497\" height=\"696\" \/><\/p>\n<div class=\"accessories-title text-center \">\n<h5>Bag<\/h5>\n<\/div>\n<\/div>\n<div class=\"col-sm\">\n<p><img decoding=\"async\" loading=\"lazy\" class=\"tab-image mt-5\" src=\"https:\/\/mwf-brazil.com\/wp-content\/uploads\/products\/gold-line\/en\/4.jpg\" width=\"497\" height=\"696\" \/><\/p>\n<div class=\"accessories-title text-center \">\n<h5>Charger<\/h5>\n<\/div>\n<\/div>\n<\/div>\n<\/div>\n\t\t\t\t\t\t\t\t\t\t\t<\/div>\n\t\t\t\t<\/div>\n\t\t\t\t\t\t\t\n\t\t\t\t\n\t\t\t\t<div class=\"wd-accordion-item\">\n\t\t\t\t\t<div class=\"wd-accordion-title font-primary wd-fontsize-s text-left wd-opener-pos-left wd-font-weight-600\" data-accordion-index=\"4\">\n\t\t\t\t\t\t<div class=\"wd-accordion-title-text\">\n\t\t\t\t\t\t\t\t\t\t\t\t\t\t<span>\n\t\t\t\t\t\t\t\tMANUAL DE USUARIO\t\t\t\t\t\t\t<\/span>\n\t\t\t\t\t\t<\/div>\n\t\t\t\t\t\t<span class=\"wd-accordion-opener wd-opener-style-arrow\"><\/span>\n\t\t\t\t\t<\/div>\n\n\t\t\t\t\t<div class=\"wd-accordion-content reset-last-child\" data-accordion-index=\"4\">\n\t\t\t\t\t\t\t\t\t\t\t\t\t\n<div class=\"container\">\n<div class=\"col-md-12 col-ms-12 user-text\">To read or download the book, click\u00a0<a href=\"https:\/\/mwf-metaldetectors.com\/user-manual\/en\/vigor.pdf\" target=\"_blank\" rel=\"noopener\">here<\/a><\/div>\n<div class=\"col-md-12 col-ms-12 text-center user-img\">\n<div class=\"my-3\"><a href=\"https:\/\/mwf-metaldetectors.com\/user-manual\/en\/vigor.pdf\" target=\"_blank\" rel=\"noopener\"><br \/>\n<img decoding=\"async\" class=\"aligncenter\" src=\"https:\/\/mwf-metaldetectors.com\/wp-content\/uploads\/2021\/12\/VIGOR-EN-READ-01.jpg\" alt=\"\" \/><\/a><\/div>\n<\/div>\n<\/div>\n\t\t\t\t\t\t\t\t\t\t\t<\/div>\n\t\t\t\t<\/div>\n\t\t\t\t\t\t\t\t\t\t\t\t\t\t<\/div>\n\n\t\t[\/vc_column][\/vc_row]<\/p>\n<\/section>","protected":false},"excerpt":{"rendered":"<p><strong>The Easiest .. The smallest .. and the faster to detect treasures<\/strong><\/p>\n<p>VIGOR, the new and advanced device to detect gold, treasures and cavity, vigor device has modern features and characteristics that enable it to monitor underground targets accurately and effectively, The high sensitivity to detection the target speedily, accurate verification of the target\u2019s location, and the acoustic indicators issued to determine the target\u2019s location path is one of the most important of these features, In addition the digital compass on the device screen, which shows directions and the target path as well, The detection depth of this device reaches 20 m and can detect targets from a distance of 2000 m circular.<\/p>\n","protected":false},"featured_media":9064,"comment_status":"closed","ping_status":"closed","template":"","meta":[],"product_cat":[148,139,146,141,185,191],"product_tag":[],"yoast_head":"<!-- This site is optimized with the Yoast SEO plugin v20.6 - https:\/\/yoast.com\/wordpress\/plugins\/seo\/ -->\n<title>VIGOR - MWF - Brazil<\/title>\n<meta name=\"robots\" content=\"noindex, follow, max-snippet:-1, max-image-preview:large, max-video-preview:-1\" \/>\n<meta property=\"og:locale\" content=\"es_ES\" \/>\n<meta property=\"og:type\" content=\"article\" \/>\n<meta property=\"og:title\" content=\"VIGOR - MWF - Brazil\" \/>\n<meta property=\"og:description\" content=\"The Easiest .. The smallest .. and the faster to detect treasures  VIGOR, the new and advanced device to detect gold, treasures and cavity, vigor device has modern features and characteristics that enable it to monitor underground targets accurately and effectively, The high sensitivity to detection the target speedily, accurate verification of the target\u2019s location, and the acoustic indicators issued to determine the target\u2019s location path is one of the most important of these features, In addition the digital compass on the device screen, which shows directions and the target path as well, The detection depth of this device reaches 20 m and can detect targets from a distance of 2000 m circular.\" \/>\n<meta property=\"og:url\" content=\"https:\/\/mwf-brazil.com\/es\/producto\/vigor\/\" \/>\n<meta property=\"og:site_name\" content=\"MWF - Brazil\" \/>\n<meta property=\"article:modified_time\" content=\"2022-12-13T12:50:41+00:00\" \/>\n<meta property=\"og:image\" content=\"https:\/\/mwf-brazil.com\/wp-content\/uploads\/2022\/11\/main-image3-1.jpg\" \/>\n\t<meta property=\"og:image:width\" content=\"1000\" \/>\n\t<meta property=\"og:image:height\" content=\"993\" \/>\n\t<meta property=\"og:image:type\" content=\"image\/jpeg\" \/>\n<meta name=\"twitter:card\" content=\"summary_large_image\" \/>\n<meta name=\"twitter:label1\" content=\"Tiempo de lectura\" \/>\n\t<meta name=\"twitter:data1\" content=\"7 minutos\" \/>\n<script type=\"application\/ld+json\" class=\"yoast-schema-graph\">{\"@context\":\"https:\/\/schema.org\",\"@graph\":[{\"@type\":\"WebPage\",\"@id\":\"https:\/\/mwf-brazil.com\/es\/producto\/vigor\/\",\"url\":\"https:\/\/mwf-brazil.com\/es\/producto\/vigor\/\",\"name\":\"VIGOR - MWF - Brazil\",\"isPartOf\":{\"@id\":\"https:\/\/mwf-brazil.com\/#website\"},\"datePublished\":\"2022-11-16T12:56:08+00:00\",\"dateModified\":\"2022-12-13T12:50:41+00:00\",\"breadcrumb\":{\"@id\":\"https:\/\/mwf-brazil.com\/es\/producto\/vigor\/#breadcrumb\"},\"inLanguage\":\"es\",\"potentialAction\":[{\"@type\":\"ReadAction\",\"target\":[\"https:\/\/mwf-brazil.com\/es\/producto\/vigor\/\"]}]},{\"@type\":\"BreadcrumbList\",\"@id\":\"https:\/\/mwf-brazil.com\/es\/producto\/vigor\/#breadcrumb\",\"itemListElement\":[{\"@type\":\"ListItem\",\"position\":1,\"name\":\"Home\",\"item\":\"https:\/\/mwf-brazil.com\/es\/\"},{\"@type\":\"ListItem\",\"position\":2,\"name\":\"Comercio\",\"item\":\"https:\/\/mwf-brazil.com\/es\/shop\/\"},{\"@type\":\"ListItem\",\"position\":3,\"name\":\"VIGOR\"}]},{\"@type\":\"WebSite\",\"@id\":\"https:\/\/mwf-brazil.com\/#website\",\"url\":\"https:\/\/mwf-brazil.com\/\",\"name\":\"MWF - Brazil\",\"description\":\"MWF Group Of Factories and Companies, specialized in the Manufacturing and Trading of Metal detectors, Treasures, Gold, and groundwater, MWF is an American and Turkish company, headquartered in the United States in Illinois, and in Turkey in Istanbul, Founded in 2008.\",\"publisher\":{\"@id\":\"https:\/\/mwf-brazil.com\/#organization\"},\"potentialAction\":[{\"@type\":\"SearchAction\",\"target\":{\"@type\":\"EntryPoint\",\"urlTemplate\":\"https:\/\/mwf-brazil.com\/?s={search_term_string}\"},\"query-input\":\"required name=search_term_string\"}],\"inLanguage\":\"es\"},{\"@type\":\"Organization\",\"@id\":\"https:\/\/mwf-brazil.com\/#organization\",\"name\":\"MWF - Brazil\",\"url\":\"https:\/\/mwf-brazil.com\/\",\"logo\":{\"@type\":\"ImageObject\",\"inLanguage\":\"es\",\"@id\":\"https:\/\/mwf-brazil.com\/#\/schema\/logo\/image\/\",\"url\":\"https:\/\/mwf-brazil.com\/wp-content\/uploads\/2023\/02\/br-black.png\",\"contentUrl\":\"https:\/\/mwf-brazil.com\/wp-content\/uploads\/2023\/02\/br-black.png\",\"width\":1324,\"height\":783,\"caption\":\"MWF - Brazil\"},\"image\":{\"@id\":\"https:\/\/mwf-brazil.com\/#\/schema\/logo\/image\/\"}}]}<\/script>\n<!-- \/ Yoast SEO plugin. -->","yoast_head_json":{"title":"VIGOR - MWF - Brazil","robots":{"index":"noindex","follow":"follow","max-snippet":"max-snippet:-1","max-image-preview":"max-image-preview:large","max-video-preview":"max-video-preview:-1"},"og_locale":"es_ES","og_type":"article","og_title":"VIGOR - MWF - Brazil","og_description":"The Easiest .. The smallest .. and the faster to detect treasures  VIGOR, the new and advanced device to detect gold, treasures and cavity, vigor device has modern features and characteristics that enable it to monitor underground targets accurately and effectively, The high sensitivity to detection the target speedily, accurate verification of the target\u2019s location, and the acoustic indicators issued to determine the target\u2019s location path is one of the most important of these features, In addition the digital compass on the device screen, which shows directions and the target path as well, The detection depth of this device reaches 20 m and can detect targets from a distance of 2000 m circular.","og_url":"https:\/\/mwf-brazil.com\/es\/producto\/vigor\/","og_site_name":"MWF - Brazil","article_modified_time":"2022-12-13T12:50:41+00:00","og_image":[{"width":1000,"height":993,"url":"https:\/\/mwf-brazil.com\/wp-content\/uploads\/2022\/11\/main-image3-1.jpg","type":"image\/jpeg"}],"twitter_card":"summary_large_image","twitter_misc":{"Tiempo de lectura":"7 minutos"},"schema":{"@context":"https:\/\/schema.org","@graph":[{"@type":"WebPage","@id":"https:\/\/mwf-brazil.com\/es\/producto\/vigor\/","url":"https:\/\/mwf-brazil.com\/es\/producto\/vigor\/","name":"VIGOR - MWF - Brazil","isPartOf":{"@id":"https:\/\/mwf-brazil.com\/#website"},"datePublished":"2022-11-16T12:56:08+00:00","dateModified":"2022-12-13T12:50:41+00:00","breadcrumb":{"@id":"https:\/\/mwf-brazil.com\/es\/producto\/vigor\/#breadcrumb"},"inLanguage":"es","potentialAction":[{"@type":"ReadAction","target":["https:\/\/mwf-brazil.com\/es\/producto\/vigor\/"]}]},{"@type":"BreadcrumbList","@id":"https:\/\/mwf-brazil.com\/es\/producto\/vigor\/#breadcrumb","itemListElement":[{"@type":"ListItem","position":1,"name":"Home","item":"https:\/\/mwf-brazil.com\/es\/"},{"@type":"ListItem","position":2,"name":"Comercio","item":"https:\/\/mwf-brazil.com\/es\/shop\/"},{"@type":"ListItem","position":3,"name":"VIGOR"}]},{"@type":"WebSite","@id":"https:\/\/mwf-brazil.com\/#website","url":"https:\/\/mwf-brazil.com\/","name":"MWF - Brazil","description":"MWF Group Of Factories and Companies, specialized in the Manufacturing and Trading of Metal detectors, Treasures, Gold, and groundwater, MWF is an American and Turkish company, headquartered in the United States in Illinois, and in Turkey in Istanbul, Founded in 2008.","publisher":{"@id":"https:\/\/mwf-brazil.com\/#organization"},"potentialAction":[{"@type":"SearchAction","target":{"@type":"EntryPoint","urlTemplate":"https:\/\/mwf-brazil.com\/?s={search_term_string}"},"query-input":"required name=search_term_string"}],"inLanguage":"es"},{"@type":"Organization","@id":"https:\/\/mwf-brazil.com\/#organization","name":"MWF - Brazil","url":"https:\/\/mwf-brazil.com\/","logo":{"@type":"ImageObject","inLanguage":"es","@id":"https:\/\/mwf-brazil.com\/#\/schema\/logo\/image\/","url":"https:\/\/mwf-brazil.com\/wp-content\/uploads\/2023\/02\/br-black.png","contentUrl":"https:\/\/mwf-brazil.com\/wp-content\/uploads\/2023\/02\/br-black.png","width":1324,"height":783,"caption":"MWF - Brazil"},"image":{"@id":"https:\/\/mwf-brazil.com\/#\/schema\/logo\/image\/"}}]}},"_links":{"self":[{"href":"https:\/\/mwf-brazil.com\/es\/wp-json\/wp\/v3\/product\/10215"}],"collection":[{"href":"https:\/\/mwf-brazil.com\/es\/wp-json\/wp\/v3\/product"}],"about":[{"href":"https:\/\/mwf-brazil.com\/es\/wp-json\/wp\/v2\/types\/product"}],"replies":[{"embeddable":true,"href":"https:\/\/mwf-brazil.com\/es\/wp-json\/wp\/v2\/comments?post=10215"}],"wp:featuredmedia":[{"embeddable":true,"href":"https:\/\/mwf-brazil.com\/es\/wp-json\/wp\/v2\/media\/9064"}],"wp:attachment":[{"href":"https:\/\/mwf-brazil.com\/es\/wp-json\/wp\/v2\/media?parent=10215"}],"wp:term":[{"taxonomy":"product_cat","embeddable":true,"href":"https:\/\/mwf-brazil.com\/es\/wp-json\/wp\/v2\/product_cat?post=10215"},{"taxonomy":"product_tag","embeddable":true,"href":"https:\/\/mwf-brazil.com\/es\/wp-json\/wp\/v2\/product_tag?post=10215"}],"curies":[{"name":"wp","href":"https:\/\/api.w.org\/{rel}","templated":true}]}}