{"id":10190,"date":"2022-11-30T08:51:09","date_gmt":"2022-11-30T08:51:09","guid":{"rendered":"https:\/\/mwf-brazil.com\/product\/mf-security-hd30\/"},"modified":"2022-12-07T09:20:50","modified_gmt":"2022-12-07T09:20:50","slug":"mf-security-hd30","status":"publish","type":"product","link":"https:\/\/mwf-brazil.com\/es\/producto\/mf-security-hd30\/","title":{"rendered":"MF SECURITY &#8211; HD30"},"content":{"rendered":"<section class=\"wpb-content-wrapper\"><p>[vc_row woodmart_css_id=\u00bb6380db64924c3&#8243; responsive_spacing=\u00bbeyJwYXJhbV90eXBlIjoid29vZG1hcnRfcmVzcG9uc2l2ZV9zcGFjaW5nIiwic2VsZWN0b3JfaWQiOiI2MzgwZGI2NDkyNGMzIiwic2hvcnRjb2RlIjoidmNfcm93IiwiZGF0YSI6eyJ0YWJsZXQiOnt9LCJtb2JpbGUiOnt9fX0=\u00bb mobile_bg_img_hidden=\u00bbno\u00bb tablet_bg_img_hidden=\u00bbno\u00bb woodmart_parallax=\u00bb0&#8243; woodmart_gradient_switch=\u00bbno\u00bb woodmart_box_shadow=\u00bbno\u00bb wd_z_index=\u00bbno\u00bb woodmart_disable_overflow=\u00bb0&#8243; row_reverse_mobile=\u00bb0&#8243; row_reverse_tablet=\u00bb0&#8243;][vc_column]\n\t\t<div id=\"wd-637e341d284e0\" class=\"wd-accordion wd-wpb wd-rs-637e341d284e0  wd-style-default\" data-state=\"first\">\n\t\t\t\t\t\t\t\n\t\t\t\t\n\t\t\t\t<div class=\"wd-accordion-item\">\n\t\t\t\t\t<div class=\"wd-accordion-title wd-active font-primary wd-fontsize-s text-left wd-opener-pos-left wd-font-weight-600\" data-accordion-index=\"0\">\n\t\t\t\t\t\t<div class=\"wd-accordion-title-text\">\n\t\t\t\t\t\t\t\t\t\t\t\t\t\t<span>\n\t\t\t\t\t\t\t\tDESCRIPCI\u00d3N\t\t\t\t\t\t\t<\/span>\n\t\t\t\t\t\t<\/div>\n\t\t\t\t\t\t<span class=\"wd-accordion-opener wd-opener-style-arrow\"><\/span>\n\t\t\t\t\t<\/div>\n\n\t\t\t\t\t<div class=\"wd-accordion-content reset-last-child wd-active\" data-accordion-index=\"0\">\n\t\t\t\t\t\t\t\t\t\t\t\t\t\n<div class=\"container\">\n<h4>A trav\u00e9s de nuestro inter\u00e9s en todas las actividades relacionadas con los sistemas de detecci\u00f3n, siempre nos esforzamos por ofrecer lo mejor y lo \u00faltimo.<\/h4>\n<blockquote><p>\nNuestro equipo de desarrollo ha tendido al sector de la seguridad y protecci\u00f3n, el cual busca lograr \u00e1reas seguras para mantener un entorno de seguridad estable en todo el mundo,<\/p>\n<p>MWF produjo por primera vez un detector de metales port\u00e1til que proporciona una mayor sensibilidad y una verificaci\u00f3n m\u00e1s precisa incluso de las piezas m\u00e1s peque\u00f1as con control de sensibilidad para ignorar o detectar cosas peque\u00f1as. Con un detector de seguridad m\u00e1s avanzado y adecuado para el entorno.\n<\/p><\/blockquote>\n<div class=\"row flex-column-reverse flex-lg-row\">\n<div class=\"col-md-6 col-ms-12 \">\n<h4><strong>Caracter\u00edsticas generales:<\/strong><\/h4>\n<ul>\n<li>Detector de metales port\u00e1til para inspecci\u00f3n de seguridad.<\/li>\n<li>Tiene un dise\u00f1o ergon\u00f3mico y una forma aerodin\u00e1mica que le da fuerza en varias inspecciones.<\/li>\n<li>Es liviano y f\u00e1cil de transportar y controlar durante las inspecciones.<\/li>\n<li>No hay necesidad de reemplazo continuo de bater\u00edas, ya que incluye una bater\u00eda recargable incorporada.<\/li>\n<li>Consumo de energ\u00eda de bajo voltaje con alta sensibilidad.<\/li>\n<li>Peso ligero 200 gramos solamente.<\/li>\n<li>Reseteable con respuesta r\u00e1pida y un clic.<\/li>\n<li>El \u00e1rea de la sonda de detecci\u00f3n es grande, con alta detecci\u00f3n y velocidad de recogida.<\/li>\n<li>Dos modos de alarma con funci\u00f3n de conmutaci\u00f3n: alarma interactiva LED visual y audible o alarma interactiva LED visual con alarma vibratoria.<\/li>\n<li>Tiene una funci\u00f3n de indicador de nivel de bater\u00eda y bajo voltaje.<\/li>\n<li>Funci\u00f3n de apagado autom\u00e1tico cuando el nivel de la bater\u00eda es bajo con alertas avanzadas.<\/li>\n<li>Funci\u00f3n de indicador de carga: cuando se carga, es rojo, y despu\u00e9s de que la carga est\u00e1 llena, es verde.<\/li>\n<li>Podr\u00edamos usar el banco de energ\u00eda para recargar incluso mientras lo usamos.<\/li>\n<li>El indicador de luz interactivo reacciona gradualmente cada vez que se acerca o se aleja el metal.<\/li>\n<li>Indicador de respuesta interactivo de voz, que proporciona una determinaci\u00f3n precisa del tama\u00f1o del metal seg\u00fan el \u00e1rea de sensibilidad<\/li>\n<li>Funci\u00f3n de control de nivel de sensibilidad.<\/li>\n<li>Una bater\u00eda interna recargable que otorga un largo tiempo de trabajo de m\u00e1s de 80 horas de trabajo real y continuo.<\/li>\n<li>Duraci\u00f3n de la bater\u00eda en modo de espera 130 horas.<\/li>\n<li>Un producto de alta precisi\u00f3n y calidad.<\/li>\n<\/ul>\n<\/div>\n<div class=\"col-md-6 col-ms-12 \">\n<p><img decoding=\"async\" src=\"https:\/\/mwf-brazil.com\/wp-content\/uploads\/2022\/11\/BIG-MAIN-IMAGE-1.jpg\" \/><\/p>\n<div class=\"my-2 \"><img decoding=\"async\" src=\"https:\/\/mwf-brazil.com\/wp-content\/uploads\/2022\/11\/4-6.jpg\" \/><\/div>\n<\/div>\n<div class=\"row\">\n<div class=\"col-md-6 col-ms-12 \"><\/div>\n<\/div>\n<\/div>\n<\/div>\n\t\t\t\t\t\t\t\t\t\t\t<\/div>\n\t\t\t\t<\/div>\n\t\t\t\t\t\t\t\n\t\t\t\t\n\t\t\t\t<div class=\"wd-accordion-item\">\n\t\t\t\t\t<div class=\"wd-accordion-title font-primary wd-fontsize-s text-left wd-opener-pos-left wd-font-weight-600\" data-accordion-index=\"1\">\n\t\t\t\t\t\t<div class=\"wd-accordion-title-text\">\n\t\t\t\t\t\t\t\t\t\t\t\t\t\t<span>\n\t\t\t\t\t\t\t\tAPLICACIONES\t\t\t\t\t\t\t<\/span>\n\t\t\t\t\t\t<\/div>\n\t\t\t\t\t\t<span class=\"wd-accordion-opener wd-opener-style-arrow\"><\/span>\n\t\t\t\t\t<\/div>\n\n\t\t\t\t\t<div class=\"wd-accordion-content reset-last-child\" data-accordion-index=\"1\">\n\t\t\t\t\t\t\t\t\t\t\t\t\t\n<div class=\"container\">\n<div class=\"row \">\n<div class=\"col-md-6 col-ms-12 mt-2 \"><img decoding=\"async\" src=\"https:\/\/mwf-brazil.com\/wp-content\/uploads\/2022\/11\/2-6.jpg\" \/><\/div>\n<div class=\"col-md-6 col-ms-12 mt-2 \">\n<p><img decoding=\"async\" src=\"https:\/\/mwf-brazil.com\/wp-content\/uploads\/2022\/11\/4-6.jpg\" \/><\/p>\n<\/div>\n<\/div>\n<ol>\n<li><strong>Inspecci\u00f3n de seguridad en sitios y lugares importantes como estadios, teatros y otros centros comerciales y comerciales.<\/strong><\/li>\n<li><strong>Inspecci\u00f3n y detecci\u00f3n en aeropuertos, estaciones, puertos, metro y f\u00e1bricas.<\/strong><\/li>\n<li><strong>Inspecci\u00f3n de seguridad en aduanas, tribunales, bancos y departamentos financieros.<\/strong><\/li>\n<li><strong>Control de calidad de medicamentos y sistemas alimentarios comerciales.<\/strong><\/li>\n<li><strong>Detecci\u00f3n de metales preciosos, en oro, plata, joyer\u00eda y otras f\u00e1bricas.<\/strong><\/li>\n<li><strong>Instituciones educativas como escuelas, universidades e institutos.<\/strong><\/li>\n<li><strong>En casa para buscar sus objetos de valor y otros objetos perdidos.<\/strong><\/li>\n<\/ol>\n<\/div>\n\t\t\t\t\t\t\t\t\t\t\t<\/div>\n\t\t\t\t<\/div>\n\t\t\t\t\t\t\t\n\t\t\t\t\n\t\t\t\t<div class=\"wd-accordion-item\">\n\t\t\t\t\t<div class=\"wd-accordion-title font-primary wd-fontsize-s text-left wd-opener-pos-left wd-font-weight-600\" data-accordion-index=\"2\">\n\t\t\t\t\t\t<div class=\"wd-accordion-title-text\">\n\t\t\t\t\t\t\t\t\t\t\t\t\t\t<span>\n\t\t\t\t\t\t\t\tRANGO DE DETECCI\u00d3N:\t\t\t\t\t\t\t<\/span>\n\t\t\t\t\t\t<\/div>\n\t\t\t\t\t\t<span class=\"wd-accordion-opener wd-opener-style-arrow\"><\/span>\n\t\t\t\t\t<\/div>\n\n\t\t\t\t\t<div class=\"wd-accordion-content reset-last-child\" data-accordion-index=\"2\">\n\t\t\t\t\t\t\t\t\t\t\t\t\t\n<div class=\"container\">\n<div class=\"row \">\n<div class=\"col-md-6 col-ms-12 \">\n<p><strong>\u2013 1 moneda \/ 7 cm<\/strong><strong>\u2013 Alfiler \/ 3 cm<\/strong><\/p>\n<p><strong>\u2013 M\u00e1s ligero \/ 7 cm<\/strong><\/p>\n<p><strong>\u2013 Peque\u00f1a bola de acero con un di\u00e1metro de 2 cm \/ 6 cm<\/strong><\/p>\n<p><strong>\u2013 Pistola \/ 12 cm<\/strong><\/p>\n<p><strong>\u2013 Un cuchillo con una longitud de 15 cm \/ 13 cm<\/strong><\/p>\n<p><strong>\u2013 Tel\u00e9fono m\u00f3vil \/ 20 cm<\/strong><\/p>\n<\/div>\n<div class=\"col-md-6 col-ms-12 \">\n<h4><img decoding=\"async\" src=\"https:\/\/mwf-brazil.com\/wp-content\/uploads\/2022\/11\/1-14.jpg\" \/><\/h4>\n<\/div>\n<\/div>\n<\/div>\n\t\t\t\t\t\t\t\t\t\t\t<\/div>\n\t\t\t\t<\/div>\n\t\t\t\t\t\t\t\n\t\t\t\t\n\t\t\t\t<div class=\"wd-accordion-item\">\n\t\t\t\t\t<div class=\"wd-accordion-title font-primary wd-fontsize-s text-left wd-opener-pos-left wd-font-weight-600\" data-accordion-index=\"3\">\n\t\t\t\t\t\t<div class=\"wd-accordion-title-text\">\n\t\t\t\t\t\t\t\t\t\t\t\t\t\t<span>\n\t\t\t\t\t\t\t\tESPECIFICACIONES T\u00c9CNICAS\t\t\t\t\t\t\t<\/span>\n\t\t\t\t\t\t<\/div>\n\t\t\t\t\t\t<span class=\"wd-accordion-opener wd-opener-style-arrow\"><\/span>\n\t\t\t\t\t<\/div>\n\n\t\t\t\t\t<div class=\"wd-accordion-content reset-last-child\" data-accordion-index=\"3\">\n\t\t\t\t\t\t\t\t\t\t\t\t\t\n<div class=\"container\">\n<table width=\"0\">\n<tbody>\n<tr>\n<td width=\"180\"><strong>Sistema de b\u00fasqueda:<\/strong><\/td>\n<td width=\"595\">Detector de metales VLF<\/td>\n<\/tr>\n<tr>\n<td width=\"180\"><strong>Principio de b\u00fasqueda:<\/strong><\/td>\n<td width=\"595\">Procesamiento de se\u00f1al de frecuencia digital (DFSP)<\/td>\n<\/tr>\n<tr>\n<td width=\"180\"><strong>Operating processor:<\/strong><\/td>\n<td width=\"595\">Procesador operativo:<\/td>\n<\/tr>\n<tr>\n<td width=\"180\"><strong>Frecuencia de operaci\u00f3n:<\/strong><\/td>\n<td width=\"595\">50 kHz<\/td>\n<\/tr>\n<tr>\n<td width=\"180\"><strong>Tipo de alarma:<\/strong><\/td>\n<td width=\"595\">alarma visual LED interactiva con ac\u00fastica\/vibratoria<\/td>\n<\/tr>\n<tr>\n<td width=\"180\"><strong>Energ\u00eda:<\/strong><\/td>\n<td width=\"595\">Bater\u00eda de pol\u00edmero de litio de 3,7 V<\/td>\n<\/tr>\n<tr>\n<td width=\"180\"><strong>El consumo de energ\u00eda:<\/strong><\/td>\n<td width=\"595\">En modo sonido 20 mA \u2013 y en modo vibraci\u00f3n 100 mA<\/td>\n<\/tr>\n<tr>\n<td width=\"180\"><strong>Duraci\u00f3n de la bater\u00eda:<\/strong><\/td>\n<td width=\"595\">80 horas de trabajo real \u2013 120 horas en modo de espera<\/td>\n<\/tr>\n<tr>\n<td width=\"180\"><strong>Cargador:<\/strong><\/td>\n<td width=\"595\">5 voltios, usando una toma USB para cargador de tel\u00e9fono inteligente<\/td>\n<\/tr>\n<tr>\n<td width=\"180\"><strong>Temperatura de funcionamiento:<\/strong><\/td>\n<td width=\"595\">De -15\u00b0C a 55\u00b0C<\/td>\n<\/tr>\n<tr>\n<td width=\"180\"><strong>Temperatura de almacenamiento:<\/strong><\/td>\n<td width=\"595\">De -15\u00b0C a 50\u00b0C<\/td>\n<\/tr>\n<tr>\n<td width=\"180\"><strong>Humedad:<\/strong><\/td>\n<td width=\"595\">Se puede almacenar y trabajar en la tasa de grado de humedad del aire del nivel 90%.<\/td>\n<\/tr>\n<tr>\n<td width=\"180\"><strong>Peso:<\/strong><\/td>\n<td width=\"595\">200 g<\/td>\n<\/tr>\n<tr>\n<td width=\"180\"><strong>Dimensiones:<\/strong><\/td>\n<td width=\"595\">32x07x04 cm<\/td>\n<\/tr>\n<tr>\n<td width=\"180\"><strong>Dimensiones de la caja:<\/strong><\/td>\n<td width=\"595\">27x24x08 cm<\/td>\n<\/tr>\n<\/tbody>\n<\/table>\n<p><strong>\u00a0<\/strong><\/p>\n<\/div>\n\t\t\t\t\t\t\t\t\t\t\t<\/div>\n\t\t\t\t<\/div>\n\t\t\t\t\t\t\t\n\t\t\t\t\n\t\t\t\t<div class=\"wd-accordion-item\">\n\t\t\t\t\t<div class=\"wd-accordion-title font-primary wd-fontsize-s text-left wd-opener-pos-left wd-font-weight-600\" data-accordion-index=\"4\">\n\t\t\t\t\t\t<div class=\"wd-accordion-title-text\">\n\t\t\t\t\t\t\t\t\t\t\t\t\t\t<span>\n\t\t\t\t\t\t\t\tPARTES Y ACCESORIOS\t\t\t\t\t\t\t<\/span>\n\t\t\t\t\t\t<\/div>\n\t\t\t\t\t\t<span class=\"wd-accordion-opener wd-opener-style-arrow\"><\/span>\n\t\t\t\t\t<\/div>\n\n\t\t\t\t\t<div class=\"wd-accordion-content reset-last-child\" data-accordion-index=\"4\">\n\t\t\t\t\t\t\t\t\t\t\t\t\t\n<div class=\"container\">\n<ul>\n<li>\u00a0Detector de metales port\u00e1til HD-30<\/li>\n<li>\u00a0Cable de carga USB<\/li>\n<li>Manual de usuario<\/li>\n<li>tarjeta de garant\u00eda<\/li>\n<\/ul>\n<\/div>\n\t\t\t\t\t\t\t\t\t\t\t<\/div>\n\t\t\t\t<\/div>\n\t\t\t\t\t\t\t\n\t\t\t\t\n\t\t\t\t<div class=\"wd-accordion-item\">\n\t\t\t\t\t<div class=\"wd-accordion-title font-primary wd-fontsize-s text-left wd-opener-pos-left wd-font-weight-600\" data-accordion-index=\"5\">\n\t\t\t\t\t\t<div class=\"wd-accordion-title-text\">\n\t\t\t\t\t\t\t\t\t\t\t\t\t\t<span>\n\t\t\t\t\t\t\t\tMANUAL DE USUARIO\t\t\t\t\t\t\t<\/span>\n\t\t\t\t\t\t<\/div>\n\t\t\t\t\t\t<span class=\"wd-accordion-opener wd-opener-style-arrow\"><\/span>\n\t\t\t\t\t<\/div>\n\n\t\t\t\t\t<div class=\"wd-accordion-content reset-last-child\" data-accordion-index=\"5\">\n\t\t\t\t\t\t\t\t\t\t\t\t\t\n<h4><\/h4>\n<h4 style=\"text-align: center;\"><span style=\"color: #0000ff;\"><a style=\"color: #0000ff;\" href=\"https:\/\/mwf-metaldetectors.com\/user-manual\/MF-SECURITY.pdf\">haga clic aqu\u00ed<\/a><\/span><\/h4>\n\t\t\t\t\t\t\t\t\t\t\t<\/div>\n\t\t\t\t<\/div>\n\t\t\t\t\t\t\t\t\t\t\t\t\t\t<\/div>\n\n\t\t[\/vc_column][\/vc_row]<\/p>\n<\/section>","protected":false},"excerpt":{"rendered":"<p>[vc_row woodmart_css_id=\u00bb6380db64924c3&#8243; responsive_spacing=\u00bbeyJwYXJhbV90eXBlIjoid29vZG1hcnRfcmVzcG9uc2l2ZV9zcGFjaW5nIiwic2VsZWN0b3JfaWQiOiI2MzgwZGI2NDkyNGMzIiwic2hvcnRjb2RlIjoidmNfcm93IiwiZGF0YSI6eyJ0YWJsZXQiOnt9LCJtb2JpbGUiOnt9fX0=\u00bb mobile_bg_img_hidden=\u00bbno\u00bb tablet_bg_img_hidden=\u00bbno\u00bb woodmart_parallax=\u00bb0&#8243; woodmart_gradient_switch=\u00bbno\u00bb woodmart_box_shadow=\u00bbno\u00bb wd_z_index=\u00bbno\u00bb woodmart_disable_overflow=\u00bb0&#8243; row_reverse_mobile=\u00bb0&#8243; row_reverse_tablet=\u00bb0&#8243;][vc_column][\/vc_column][\/vc_row]<\/p>\n","protected":false},"featured_media":9779,"comment_status":"open","ping_status":"closed","template":"","meta":[],"product_cat":[180],"product_tag":[282,283],"yoast_head":"<!-- This site is optimized with the Yoast SEO plugin v20.6 - https:\/\/yoast.com\/wordpress\/plugins\/seo\/ -->\n<title>MF SECURITY - HD30 - MWF - Brazil<\/title>\n<meta name=\"robots\" content=\"noindex, follow, max-snippet:-1, max-image-preview:large, max-video-preview:-1\" \/>\n<meta property=\"og:locale\" content=\"es_ES\" \/>\n<meta property=\"og:type\" content=\"article\" \/>\n<meta property=\"og:title\" content=\"MF SECURITY - HD30 - MWF - Brazil\" \/>\n<meta property=\"og:description\" content=\"[vc_row woodmart_css_id=\u00bb6380db64924c3&#8243; responsive_spacing=\u00bbeyJwYXJhbV90eXBlIjoid29vZG1hcnRfcmVzcG9uc2l2ZV9zcGFjaW5nIiwic2VsZWN0b3JfaWQiOiI2MzgwZGI2NDkyNGMzIiwic2hvcnRjb2RlIjoidmNfcm93IiwiZGF0YSI6eyJ0YWJsZXQiOnt9LCJtb2JpbGUiOnt9fX0=\u00bb mobile_bg_img_hidden=\u00bbno\u00bb tablet_bg_img_hidden=\u00bbno\u00bb woodmart_parallax=\u00bb0&#8243; woodmart_gradient_switch=\u00bbno\u00bb woodmart_box_shadow=\u00bbno\u00bb wd_z_index=\u00bbno\u00bb woodmart_disable_overflow=\u00bb0&#8243; row_reverse_mobile=\u00bb0&#8243; row_reverse_tablet=\u00bb0&#8243;][vc_column][\/vc_column][\/vc_row]\" \/>\n<meta property=\"og:url\" content=\"https:\/\/mwf-brazil.com\/es\/producto\/mf-security-hd30\/\" \/>\n<meta property=\"og:site_name\" content=\"MWF - Brazil\" \/>\n<meta property=\"article:modified_time\" content=\"2022-12-07T09:20:50+00:00\" \/>\n<meta property=\"og:image\" content=\"https:\/\/mwf-brazil.com\/wp-content\/uploads\/2022\/11\/main-image-2.jpg\" \/>\n\t<meta property=\"og:image:width\" content=\"1000\" \/>\n\t<meta property=\"og:image:height\" content=\"993\" \/>\n\t<meta property=\"og:image:type\" content=\"image\/jpeg\" \/>\n<meta name=\"twitter:card\" content=\"summary_large_image\" \/>\n<meta name=\"twitter:label1\" content=\"Tiempo de lectura\" \/>\n\t<meta name=\"twitter:data1\" content=\"4 minutos\" \/>\n<script type=\"application\/ld+json\" class=\"yoast-schema-graph\">{\"@context\":\"https:\/\/schema.org\",\"@graph\":[{\"@type\":\"WebPage\",\"@id\":\"https:\/\/mwf-brazil.com\/es\/producto\/mf-security-hd30\/\",\"url\":\"https:\/\/mwf-brazil.com\/es\/producto\/mf-security-hd30\/\",\"name\":\"MF SECURITY - HD30 - MWF - Brazil\",\"isPartOf\":{\"@id\":\"https:\/\/mwf-brazil.com\/#website\"},\"datePublished\":\"2022-11-30T08:51:09+00:00\",\"dateModified\":\"2022-12-07T09:20:50+00:00\",\"breadcrumb\":{\"@id\":\"https:\/\/mwf-brazil.com\/es\/producto\/mf-security-hd30\/#breadcrumb\"},\"inLanguage\":\"es\",\"potentialAction\":[{\"@type\":\"ReadAction\",\"target\":[\"https:\/\/mwf-brazil.com\/es\/producto\/mf-security-hd30\/\"]}]},{\"@type\":\"BreadcrumbList\",\"@id\":\"https:\/\/mwf-brazil.com\/es\/producto\/mf-security-hd30\/#breadcrumb\",\"itemListElement\":[{\"@type\":\"ListItem\",\"position\":1,\"name\":\"Home\",\"item\":\"https:\/\/mwf-brazil.com\/es\/\"},{\"@type\":\"ListItem\",\"position\":2,\"name\":\"Comercio\",\"item\":\"https:\/\/mwf-brazil.com\/es\/shop\/\"},{\"@type\":\"ListItem\",\"position\":3,\"name\":\"MF SECURITY &#8211; HD30\"}]},{\"@type\":\"WebSite\",\"@id\":\"https:\/\/mwf-brazil.com\/#website\",\"url\":\"https:\/\/mwf-brazil.com\/\",\"name\":\"MWF - Brazil\",\"description\":\"MWF Group Of Factories and Companies, specialized in the Manufacturing and Trading of Metal detectors, Treasures, Gold, and groundwater, MWF is an American and Turkish company, headquartered in the United States in Illinois, and in Turkey in Istanbul, Founded in 2008.\",\"publisher\":{\"@id\":\"https:\/\/mwf-brazil.com\/#organization\"},\"potentialAction\":[{\"@type\":\"SearchAction\",\"target\":{\"@type\":\"EntryPoint\",\"urlTemplate\":\"https:\/\/mwf-brazil.com\/?s={search_term_string}\"},\"query-input\":\"required name=search_term_string\"}],\"inLanguage\":\"es\"},{\"@type\":\"Organization\",\"@id\":\"https:\/\/mwf-brazil.com\/#organization\",\"name\":\"MWF - Brazil\",\"url\":\"https:\/\/mwf-brazil.com\/\",\"logo\":{\"@type\":\"ImageObject\",\"inLanguage\":\"es\",\"@id\":\"https:\/\/mwf-brazil.com\/#\/schema\/logo\/image\/\",\"url\":\"https:\/\/mwf-brazil.com\/wp-content\/uploads\/2023\/02\/br-black.png\",\"contentUrl\":\"https:\/\/mwf-brazil.com\/wp-content\/uploads\/2023\/02\/br-black.png\",\"width\":1324,\"height\":783,\"caption\":\"MWF - Brazil\"},\"image\":{\"@id\":\"https:\/\/mwf-brazil.com\/#\/schema\/logo\/image\/\"}}]}<\/script>\n<!-- \/ Yoast SEO plugin. -->","yoast_head_json":{"title":"MF SECURITY - HD30 - MWF - Brazil","robots":{"index":"noindex","follow":"follow","max-snippet":"max-snippet:-1","max-image-preview":"max-image-preview:large","max-video-preview":"max-video-preview:-1"},"og_locale":"es_ES","og_type":"article","og_title":"MF SECURITY - HD30 - MWF - Brazil","og_description":"[vc_row woodmart_css_id=\u00bb6380db64924c3&#8243; responsive_spacing=\u00bbeyJwYXJhbV90eXBlIjoid29vZG1hcnRfcmVzcG9uc2l2ZV9zcGFjaW5nIiwic2VsZWN0b3JfaWQiOiI2MzgwZGI2NDkyNGMzIiwic2hvcnRjb2RlIjoidmNfcm93IiwiZGF0YSI6eyJ0YWJsZXQiOnt9LCJtb2JpbGUiOnt9fX0=\u00bb mobile_bg_img_hidden=\u00bbno\u00bb tablet_bg_img_hidden=\u00bbno\u00bb woodmart_parallax=\u00bb0&#8243; woodmart_gradient_switch=\u00bbno\u00bb woodmart_box_shadow=\u00bbno\u00bb wd_z_index=\u00bbno\u00bb woodmart_disable_overflow=\u00bb0&#8243; row_reverse_mobile=\u00bb0&#8243; row_reverse_tablet=\u00bb0&#8243;][vc_column][\/vc_column][\/vc_row]","og_url":"https:\/\/mwf-brazil.com\/es\/producto\/mf-security-hd30\/","og_site_name":"MWF - Brazil","article_modified_time":"2022-12-07T09:20:50+00:00","og_image":[{"width":1000,"height":993,"url":"https:\/\/mwf-brazil.com\/wp-content\/uploads\/2022\/11\/main-image-2.jpg","type":"image\/jpeg"}],"twitter_card":"summary_large_image","twitter_misc":{"Tiempo de lectura":"4 minutos"},"schema":{"@context":"https:\/\/schema.org","@graph":[{"@type":"WebPage","@id":"https:\/\/mwf-brazil.com\/es\/producto\/mf-security-hd30\/","url":"https:\/\/mwf-brazil.com\/es\/producto\/mf-security-hd30\/","name":"MF SECURITY - HD30 - MWF - Brazil","isPartOf":{"@id":"https:\/\/mwf-brazil.com\/#website"},"datePublished":"2022-11-30T08:51:09+00:00","dateModified":"2022-12-07T09:20:50+00:00","breadcrumb":{"@id":"https:\/\/mwf-brazil.com\/es\/producto\/mf-security-hd30\/#breadcrumb"},"inLanguage":"es","potentialAction":[{"@type":"ReadAction","target":["https:\/\/mwf-brazil.com\/es\/producto\/mf-security-hd30\/"]}]},{"@type":"BreadcrumbList","@id":"https:\/\/mwf-brazil.com\/es\/producto\/mf-security-hd30\/#breadcrumb","itemListElement":[{"@type":"ListItem","position":1,"name":"Home","item":"https:\/\/mwf-brazil.com\/es\/"},{"@type":"ListItem","position":2,"name":"Comercio","item":"https:\/\/mwf-brazil.com\/es\/shop\/"},{"@type":"ListItem","position":3,"name":"MF SECURITY &#8211; HD30"}]},{"@type":"WebSite","@id":"https:\/\/mwf-brazil.com\/#website","url":"https:\/\/mwf-brazil.com\/","name":"MWF - Brazil","description":"MWF Group Of Factories and Companies, specialized in the Manufacturing and Trading of Metal detectors, Treasures, Gold, and groundwater, MWF is an American and Turkish company, headquartered in the United States in Illinois, and in Turkey in Istanbul, Founded in 2008.","publisher":{"@id":"https:\/\/mwf-brazil.com\/#organization"},"potentialAction":[{"@type":"SearchAction","target":{"@type":"EntryPoint","urlTemplate":"https:\/\/mwf-brazil.com\/?s={search_term_string}"},"query-input":"required name=search_term_string"}],"inLanguage":"es"},{"@type":"Organization","@id":"https:\/\/mwf-brazil.com\/#organization","name":"MWF - Brazil","url":"https:\/\/mwf-brazil.com\/","logo":{"@type":"ImageObject","inLanguage":"es","@id":"https:\/\/mwf-brazil.com\/#\/schema\/logo\/image\/","url":"https:\/\/mwf-brazil.com\/wp-content\/uploads\/2023\/02\/br-black.png","contentUrl":"https:\/\/mwf-brazil.com\/wp-content\/uploads\/2023\/02\/br-black.png","width":1324,"height":783,"caption":"MWF - Brazil"},"image":{"@id":"https:\/\/mwf-brazil.com\/#\/schema\/logo\/image\/"}}]}},"_links":{"self":[{"href":"https:\/\/mwf-brazil.com\/es\/wp-json\/wp\/v3\/product\/10190"}],"collection":[{"href":"https:\/\/mwf-brazil.com\/es\/wp-json\/wp\/v3\/product"}],"about":[{"href":"https:\/\/mwf-brazil.com\/es\/wp-json\/wp\/v2\/types\/product"}],"replies":[{"embeddable":true,"href":"https:\/\/mwf-brazil.com\/es\/wp-json\/wp\/v2\/comments?post=10190"}],"wp:featuredmedia":[{"embeddable":true,"href":"https:\/\/mwf-brazil.com\/es\/wp-json\/wp\/v2\/media\/9779"}],"wp:attachment":[{"href":"https:\/\/mwf-brazil.com\/es\/wp-json\/wp\/v2\/media?parent=10190"}],"wp:term":[{"taxonomy":"product_cat","embeddable":true,"href":"https:\/\/mwf-brazil.com\/es\/wp-json\/wp\/v2\/product_cat?post=10190"},{"taxonomy":"product_tag","embeddable":true,"href":"https:\/\/mwf-brazil.com\/es\/wp-json\/wp\/v2\/product_tag?post=10190"}],"curies":[{"name":"wp","href":"https:\/\/api.w.org\/{rel}","templated":true}]}}