{"id":9739,"date":"2022-10-15T09:04:43","date_gmt":"2022-10-15T09:04:43","guid":{"rendered":"https:\/\/mwf-brazil.com\/?page_id=9739"},"modified":"2022-12-15T08:19:47","modified_gmt":"2022-12-15T08:19:47","slug":"privacy-policy","status":"publish","type":"page","link":"https:\/\/mwf-brazil.com\/es\/privacy-policy\/","title":{"rendered":"Pol\u00edtica de privacidad"},"content":{"rendered":"<p>Esta Pol\u00edtica de privacidad rige la forma en que MWF DEDEKT\u00d6R ELEKTRON\u0130K TEKNOLOJ\u0130LER\u0130 recopila la informaci\u00f3n recopilada de los usuarios (todos ellos, \u00abusuario\u00bb) de https:\/\/www.mwf-metaldetectors.com (\u00absitio web\u00bb). Esta Pol\u00edtica de privacidad se aplica al sitio web y a todos los productos y servicios ofrecidos por MWF DEDEKT\u00d6R ELEKTRON\u0130K TEKNOLOJ\u0130LER\u0130.<\/p>\n<p>&nbsp;<\/p>\n<p><strong>Informaci\u00f3n de identificaci\u00f3n personal<\/strong><\/p>\n<p>Podemos recopilar informaci\u00f3n de identificaci\u00f3n personal de los usuarios de varias maneras, que incluyen, entre otras, cuando los usuarios visitan nuestro sitio, se registran en el sitio, hacen un pedido, completan un formulario, responden a un cuestionario y en relaci\u00f3n con actividades, servicios, caracter\u00edsticas o recursos. Otros que proporcionamos en nuestro sitio web. A los usuarios se les puede pedir, seg\u00fan corresponda, nombre, direcci\u00f3n de correo electr\u00f3nico, direcci\u00f3n postal y n\u00famero de tel\u00e9fono. Sin embargo, los usuarios pueden visitar nuestro sitio de forma an\u00f3nima. Solo recopilaremos informaci\u00f3n de identificaci\u00f3n personal de los usuarios si nos brindan esta informaci\u00f3n voluntariamente. Los usuarios siempre pueden negarse a proporcionar informaci\u00f3n de identificaci\u00f3n personal, excepto que puede impedirles participar en ciertas actividades relacionadas con el Sitio.<\/p>\n<p><strong>Informaci\u00f3n de identificaci\u00f3n no personal<\/strong><\/p>\n<p>Podemos recopilar informaci\u00f3n de identificaci\u00f3n no personal sobre los usuarios cada vez que interact\u00faan con nuestro sitio. La informaci\u00f3n de identificaci\u00f3n no personal puede incluir el nombre del navegador, el tipo de computadora, informaci\u00f3n t\u00e9cnica sobre los medios de comunicaci\u00f3n de los usuarios con nuestro sitio, como el sistema operativo, los proveedores de servicios de Internet de los usuarios y otra informaci\u00f3n similar.<\/p>\n<p>&nbsp;<\/p>\n<p><strong>Cookies del navegador web<\/strong><\/p>\n<p>Nuestro sitio web puede utilizar \u00abcookies\u00bb para mejorar su experiencia de usuario. El navegador web del usuario coloca cookies en su disco duro para fines de mantenimiento de registros y, a veces, para rastrear informaci\u00f3n sobre ellos. El usuario puede optar por configurar su navegador web para rechazar las cookies o para que le avise cuando se env\u00eden cookies. Si lo hacen, tenga en cuenta que es posible que algunas partes del sitio web no funcionen correctamente.<\/p>\n<p>&nbsp;<\/p>\n<p><strong>C\u00f3mo utilizamos la informaci\u00f3n recopilada<\/strong><\/p>\n<p>MWF DEDEKT\u00d6R ELEKTRONIKK TEKNOLOJ\u0130LER\u0130 puede recopilar y utilizar la informaci\u00f3n personal de los usuarios para los siguientes prop\u00f3sitos:<\/p>\n<p>&nbsp;<\/p>\n<p>&nbsp;<\/p>\n<p><strong>Para ejecutar nuestro sitio<\/strong><\/p>\n<p>Es posible que necesitemos el contenido para mostrar correctamente su informaci\u00f3n en el sitio web.<\/p>\n<p><strong>Para mejorar el servicio al cliente<\/strong><\/p>\n<p>La informaci\u00f3n que nos proporciona nos ayuda a responder a sus solicitudes de servicio al cliente y necesidades de soporte de manera m\u00e1s eficiente.<\/p>\n<p><strong>Para procesar pagos<\/strong><\/p>\n<p>Podemos utilizar la informaci\u00f3n que los usuarios proporcionan sobre s\u00ed mismos cuando realizan una solicitud solo para brindar servicio para esa solicitud. No compartimos esta informaci\u00f3n con terceros, excepto en la medida necesaria para proporcionar el servicio.<\/p>\n<p><strong>Para administrar rese\u00f1as de productos<\/strong><\/p>\n<p>Podemos utilizar proveedores de servicios externos para ayudarnos a administrar las rese\u00f1as de productos y las calificaciones de los usuarios.<\/p>\n<p><strong>Para enviar correos electr\u00f3nicos peri\u00f3dicos<\/strong><\/p>\n<p>Podemos utilizar la direcci\u00f3n de correo electr\u00f3nico para enviar informaci\u00f3n del usuario y actualizaciones relacionadas con su solicitud. Tambi\u00e9n se puede utilizar para responder a sus consultas, preguntas y \/ u otras solicitudes.<\/p>\n<p><strong>C\u00f3mo protegemos tu informaci\u00f3n<\/strong><\/p>\n<p>Adoptamos pr\u00e1cticas adecuadas de recopilaci\u00f3n, almacenamiento y procesamiento de datos y medidas de seguridad para proteger contra el acceso no autorizado, la alteraci\u00f3n, la divulgaci\u00f3n o la destrucci\u00f3n de su informaci\u00f3n personal, nombre de usuario, contrase\u00f1a, informaci\u00f3n de transacciones y datos almacenados en nuestro sitio web.<\/p>\n<p>Los datos confidenciales y privados se intercambian entre el sitio y sus usuarios a trav\u00e9s de un canal de comunicaci\u00f3n seguro SSL y est\u00e1n encriptados y protegidos con firmas digitales.<\/p>\n<p>&nbsp;<\/p>\n<p><strong>Compartiendo su informaci\u00f3n personal<\/strong><\/p>\n<p>No vendemos, intercambiamos ni alquilamos la informaci\u00f3n de identificaci\u00f3n personal de los usuarios a otros. Podemos compartir informaci\u00f3n demogr\u00e1fica agregada general que no est\u00e9 vinculada a ninguna informaci\u00f3n de identificaci\u00f3n personal sobre visitantes y usuarios con nuestros socios comerciales, afiliados de confianza y anunciantes para los fines descritos anteriormente. Podemos utilizar proveedores de servicios externos para ayudarnos a administrar nuestro negocio y el Sitio o administrar actividades en nuestro nombre, como el env\u00edo de boletines informativos o encuestas. Podemos compartir su informaci\u00f3n con estos terceros para esos fines limitados siempre que nos d\u00e9 su permiso.<\/p>\n<p>&nbsp;<\/p>\n<p><strong>Bolet\u00edn electr\u00f3nico<\/strong><\/p>\n<p>Si el usuario decide suscribirse a nuestra lista de correo, recibir\u00e1 correos electr\u00f3nicos que pueden incluir noticias de la empresa, actualizaciones, informaci\u00f3n relacionada con el producto o servicio, etc. Si en alg\u00fan momento el usuario desea darse de baja para no recibir correos electr\u00f3nicos futuros, incluimos los detalles, las instrucciones para darse de baja, en la parte inferior de cada correo electr\u00f3nico, o el usuario puede contactarnos a trav\u00e9s de nuestro sitio web. Podemos utilizar proveedores de servicios externos para ayudarnos a administrar nuestro negocio y el Sitio o administrar actividades en nuestro nombre, como el env\u00edo de boletines informativos o encuestas. Podemos compartir su informaci\u00f3n con estos terceros para esos fines limitados siempre que nos d\u00e9 su permiso.<\/p>\n<p>&nbsp;<\/p>\n<p><strong>Cumplimiento de la Ley de protecci\u00f3n de la privacidad infantil en l\u00ednea<\/strong><\/p>\n<p>Proteger la privacidad de los j\u00f3venes es especialmente importante. Por esta raz\u00f3n, nunca recopilamos ni almacenamos informaci\u00f3n en nuestro sitio de personas que ya sabemos que son menores de 13 a\u00f1os, ni hay ninguna parte de nuestro sitio web organizada para atraer a personas menores de 13 a\u00f1os.<\/p>\n<p>&nbsp;<\/p>\n<p><strong>Cambios a esta pol\u00edtica de privacidad<\/strong><\/p>\n<p>MWF DEDEKT\u00d6R ELEKTRON\u0130K TEKNOLOJ\u0130LER\u0130 tiene la facultad de actualizar esta pol\u00edtica de privacidad en cualquier momento. Cuando lo hagamos, publicaremos una notificaci\u00f3n en la p\u00e1gina de inicio de nuestro sitio, revisaremos la fecha de actualizaci\u00f3n en la parte inferior de esta p\u00e1gina y le enviaremos un correo electr\u00f3nico. Alentamos a los usuarios a que consulten con frecuencia esta p\u00e1gina en busca de cambios para mantenerse informados sobre c\u00f3mo nos ayuda a proteger la informaci\u00f3n personal que recopilamos. Usted reconoce y acepta que es su responsabilidad revisar esta pol\u00edtica de privacidad peri\u00f3dicamente y revisar las modificaciones.<\/p>\n<p>&nbsp;<\/p>\n<p><strong>Su aceptaci\u00f3n de estos t\u00e9rminos<\/strong><\/p>\n<p>Al utilizar este sitio web, usted manifiesta su aceptaci\u00f3n de esta pol\u00edtica. Si no est\u00e1 de acuerdo con esta pol\u00edtica, no utilice nuestro sitio web. Su uso continuado del sitio web despu\u00e9s de publicar cambios en esta pol\u00edtica se considerar\u00e1 que acepta estos cambios.<\/p>\n<p>&nbsp;<\/p>\n","protected":false},"excerpt":{"rendered":"<p>Esta Pol\u00edtica de privacidad rige la forma en que MWF DEDEKT\u00d6R ELEKTRON\u0130K TEKNOLOJ\u0130LER\u0130 recopila la informaci\u00f3n recopilada de los usuarios<\/p>\n","protected":false},"author":1,"featured_media":0,"parent":0,"menu_order":0,"comment_status":"closed","ping_status":"open","template":"","meta":[],"acf":[],"yoast_head":"<!-- This site is optimized with the Yoast SEO plugin v20.6 - https:\/\/yoast.com\/wordpress\/plugins\/seo\/ -->\n<title>Pol\u00edtica de privacidad - MWF - Brazil<\/title>\n<meta name=\"robots\" content=\"noindex, follow, max-snippet:-1, max-image-preview:large, max-video-preview:-1\" \/>\n<meta property=\"og:locale\" content=\"es_ES\" \/>\n<meta property=\"og:type\" content=\"article\" \/>\n<meta property=\"og:title\" content=\"Pol\u00edtica de privacidad - MWF - Brazil\" \/>\n<meta property=\"og:description\" content=\"Esta Pol\u00edtica de privacidad rige la forma en que MWF DEDEKT\u00d6R ELEKTRON\u0130K TEKNOLOJ\u0130LER\u0130 recopila la informaci\u00f3n recopilada de los usuarios\" \/>\n<meta property=\"og:url\" content=\"https:\/\/mwf-brazil.com\/es\/privacy-policy\/\" \/>\n<meta property=\"og:site_name\" content=\"MWF - Brazil\" \/>\n<meta property=\"article:modified_time\" content=\"2022-12-15T08:19:47+00:00\" \/>\n<meta name=\"twitter:card\" content=\"summary_large_image\" \/>\n<meta name=\"twitter:label1\" content=\"Tiempo de lectura\" \/>\n\t<meta name=\"twitter:data1\" content=\"6 minutos\" \/>\n<script type=\"application\/ld+json\" class=\"yoast-schema-graph\">{\"@context\":\"https:\/\/schema.org\",\"@graph\":[{\"@type\":\"WebPage\",\"@id\":\"https:\/\/mwf-brazil.com\/es\/privacy-policy\/\",\"url\":\"https:\/\/mwf-brazil.com\/es\/privacy-policy\/\",\"name\":\"Pol\u00edtica de privacidad - MWF - Brazil\",\"isPartOf\":{\"@id\":\"https:\/\/mwf-brazil.com\/#website\"},\"datePublished\":\"2022-10-15T09:04:43+00:00\",\"dateModified\":\"2022-12-15T08:19:47+00:00\",\"breadcrumb\":{\"@id\":\"https:\/\/mwf-brazil.com\/es\/privacy-policy\/#breadcrumb\"},\"inLanguage\":\"es\",\"potentialAction\":[{\"@type\":\"ReadAction\",\"target\":[\"https:\/\/mwf-brazil.com\/es\/privacy-policy\/\"]}]},{\"@type\":\"BreadcrumbList\",\"@id\":\"https:\/\/mwf-brazil.com\/es\/privacy-policy\/#breadcrumb\",\"itemListElement\":[{\"@type\":\"ListItem\",\"position\":1,\"name\":\"Home\",\"item\":\"https:\/\/mwf-brazil.com\/es\/\"},{\"@type\":\"ListItem\",\"position\":2,\"name\":\"Pol\u00edtica de privacidad\"}]},{\"@type\":\"WebSite\",\"@id\":\"https:\/\/mwf-brazil.com\/#website\",\"url\":\"https:\/\/mwf-brazil.com\/\",\"name\":\"MWF - Brazil\",\"description\":\"MWF Group Of Factories and Companies, specialized in the Manufacturing and Trading of Metal detectors, Treasures, Gold, and groundwater, MWF is an American and Turkish company, headquartered in the United States in Illinois, and in Turkey in Istanbul, Founded in 2008.\",\"publisher\":{\"@id\":\"https:\/\/mwf-brazil.com\/#organization\"},\"potentialAction\":[{\"@type\":\"SearchAction\",\"target\":{\"@type\":\"EntryPoint\",\"urlTemplate\":\"https:\/\/mwf-brazil.com\/?s={search_term_string}\"},\"query-input\":\"required name=search_term_string\"}],\"inLanguage\":\"es\"},{\"@type\":\"Organization\",\"@id\":\"https:\/\/mwf-brazil.com\/#organization\",\"name\":\"MWF - Brazil\",\"url\":\"https:\/\/mwf-brazil.com\/\",\"logo\":{\"@type\":\"ImageObject\",\"inLanguage\":\"es\",\"@id\":\"https:\/\/mwf-brazil.com\/#\/schema\/logo\/image\/\",\"url\":\"https:\/\/mwf-brazil.com\/wp-content\/uploads\/2023\/02\/br-black.png\",\"contentUrl\":\"https:\/\/mwf-brazil.com\/wp-content\/uploads\/2023\/02\/br-black.png\",\"width\":1324,\"height\":783,\"caption\":\"MWF - Brazil\"},\"image\":{\"@id\":\"https:\/\/mwf-brazil.com\/#\/schema\/logo\/image\/\"}}]}<\/script>\n<!-- \/ Yoast SEO plugin. -->","yoast_head_json":{"title":"Pol\u00edtica de privacidad - MWF - Brazil","robots":{"index":"noindex","follow":"follow","max-snippet":"max-snippet:-1","max-image-preview":"max-image-preview:large","max-video-preview":"max-video-preview:-1"},"og_locale":"es_ES","og_type":"article","og_title":"Pol\u00edtica de privacidad - MWF - Brazil","og_description":"Esta Pol\u00edtica de privacidad rige la forma en que MWF DEDEKT\u00d6R ELEKTRON\u0130K TEKNOLOJ\u0130LER\u0130 recopila la informaci\u00f3n recopilada de los usuarios","og_url":"https:\/\/mwf-brazil.com\/es\/privacy-policy\/","og_site_name":"MWF - Brazil","article_modified_time":"2022-12-15T08:19:47+00:00","twitter_card":"summary_large_image","twitter_misc":{"Tiempo de lectura":"6 minutos"},"schema":{"@context":"https:\/\/schema.org","@graph":[{"@type":"WebPage","@id":"https:\/\/mwf-brazil.com\/es\/privacy-policy\/","url":"https:\/\/mwf-brazil.com\/es\/privacy-policy\/","name":"Pol\u00edtica de privacidad - MWF - Brazil","isPartOf":{"@id":"https:\/\/mwf-brazil.com\/#website"},"datePublished":"2022-10-15T09:04:43+00:00","dateModified":"2022-12-15T08:19:47+00:00","breadcrumb":{"@id":"https:\/\/mwf-brazil.com\/es\/privacy-policy\/#breadcrumb"},"inLanguage":"es","potentialAction":[{"@type":"ReadAction","target":["https:\/\/mwf-brazil.com\/es\/privacy-policy\/"]}]},{"@type":"BreadcrumbList","@id":"https:\/\/mwf-brazil.com\/es\/privacy-policy\/#breadcrumb","itemListElement":[{"@type":"ListItem","position":1,"name":"Home","item":"https:\/\/mwf-brazil.com\/es\/"},{"@type":"ListItem","position":2,"name":"Pol\u00edtica de privacidad"}]},{"@type":"WebSite","@id":"https:\/\/mwf-brazil.com\/#website","url":"https:\/\/mwf-brazil.com\/","name":"MWF - Brazil","description":"MWF Group Of Factories and Companies, specialized in the Manufacturing and Trading of Metal detectors, Treasures, Gold, and groundwater, MWF is an American and Turkish company, headquartered in the United States in Illinois, and in Turkey in Istanbul, Founded in 2008.","publisher":{"@id":"https:\/\/mwf-brazil.com\/#organization"},"potentialAction":[{"@type":"SearchAction","target":{"@type":"EntryPoint","urlTemplate":"https:\/\/mwf-brazil.com\/?s={search_term_string}"},"query-input":"required name=search_term_string"}],"inLanguage":"es"},{"@type":"Organization","@id":"https:\/\/mwf-brazil.com\/#organization","name":"MWF - Brazil","url":"https:\/\/mwf-brazil.com\/","logo":{"@type":"ImageObject","inLanguage":"es","@id":"https:\/\/mwf-brazil.com\/#\/schema\/logo\/image\/","url":"https:\/\/mwf-brazil.com\/wp-content\/uploads\/2023\/02\/br-black.png","contentUrl":"https:\/\/mwf-brazil.com\/wp-content\/uploads\/2023\/02\/br-black.png","width":1324,"height":783,"caption":"MWF - Brazil"},"image":{"@id":"https:\/\/mwf-brazil.com\/#\/schema\/logo\/image\/"}}]}},"_links":{"self":[{"href":"https:\/\/mwf-brazil.com\/es\/wp-json\/wp\/v2\/pages\/9739"}],"collection":[{"href":"https:\/\/mwf-brazil.com\/es\/wp-json\/wp\/v2\/pages"}],"about":[{"href":"https:\/\/mwf-brazil.com\/es\/wp-json\/wp\/v2\/types\/page"}],"author":[{"embeddable":true,"href":"https:\/\/mwf-brazil.com\/es\/wp-json\/wp\/v2\/users\/1"}],"replies":[{"embeddable":true,"href":"https:\/\/mwf-brazil.com\/es\/wp-json\/wp\/v2\/comments?post=9739"}],"version-history":[{"count":3,"href":"https:\/\/mwf-brazil.com\/es\/wp-json\/wp\/v2\/pages\/9739\/revisions"}],"predecessor-version":[{"id":10491,"href":"https:\/\/mwf-brazil.com\/es\/wp-json\/wp\/v2\/pages\/9739\/revisions\/10491"}],"wp:attachment":[{"href":"https:\/\/mwf-brazil.com\/es\/wp-json\/wp\/v2\/media?parent=9739"}],"curies":[{"name":"wp","href":"https:\/\/api.w.org\/{rel}","templated":true}]}}